{"id":22141,"date":"2023-12-01T13:48:11","date_gmt":"2023-12-01T12:48:11","guid":{"rendered":"https:\/\/www.act-translations.com\/docufy\/"},"modified":"2025-05-15T12:29:34","modified_gmt":"2025-05-15T10:29:34","slug":"docufy","status":"publish","type":"page","link":"https:\/\/www.act-translations.com\/de-ch\/uebersetzungsunternehmen\/unsere-partner\/docufy\/","title":{"rendered":"Docufy"},"content":{"rendered":"\t\t<div data-elementor-type=\"wp-page\" data-elementor-id=\"22141\" class=\"elementor elementor-22141 elementor-15111\" data-elementor-post-type=\"page\">\n\t\t\t\t<div class=\"elementor-element elementor-element-6413de1 e-flex e-con-boxed e-con e-parent\" data-id=\"6413de1\" data-element_type=\"container\" data-e-type=\"container\" data-settings=\"{&quot;background_background&quot;:&quot;gradient&quot;}\">\n\t\t\t\t\t<div class=\"e-con-inner\">\n\t\t<div class=\"elementor-element elementor-element-633937f act-gradient e-con-full e-flex elementor-invisible e-con e-child\" data-id=\"633937f\" data-element_type=\"container\" data-e-type=\"container\" data-settings=\"{&quot;background_background&quot;:&quot;classic&quot;,&quot;animation&quot;:&quot;fadeInLeft&quot;,&quot;animation_delay&quot;:500}\">\n\t\t\t\t<div class=\"elementor-element elementor-element-8f5d711 elementor-widget__width-inherit elementor-widget elementor-widget-heading\" data-id=\"8f5d711\" data-element_type=\"widget\" data-e-type=\"widget\" data-widget_type=\"heading.default\">\n\t\t\t\t\t<div class=\"elementor-heading-title elementor-size-default\">Informationsmanagement<\/div>\t\t\t\t<\/div>\n\t\t\t\t<div class=\"elementor-element elementor-element-3fc08b6 elementor-widget__width-inherit elementor-widget elementor-widget-text-editor\" data-id=\"3fc08b6\" data-element_type=\"widget\" data-e-type=\"widget\" data-widget_type=\"text-editor.default\">\n\t\t\t\t\t\t\t\t\t<p>Excellent Information. Everywhere. Das Informationsmanagement von morgen.<\/p>\t\t\t\t\t\t\t\t<\/div>\n\t\t\t\t<div class=\"elementor-element elementor-element-734cba8 elementor-widget elementor-widget-global elementor-global-29685 elementor-global-29590 elementor-widget-button\" data-id=\"734cba8\" data-element_type=\"widget\" data-e-type=\"widget\" data-widget_type=\"button.default\">\n\t\t\t\t\t\t\t\t\t\t<a class=\"elementor-button elementor-button-link elementor-size-sm\" href=\"https:\/\/www.act-translations.com\/de-ch\/sofortangebot\/\">\n\t\t\t\t\t\t<span class=\"elementor-button-content-wrapper\">\n\t\t\t\t\t\t\t\t\t<span class=\"elementor-button-text\">Jetzt Angebot einholen<\/span>\n\t\t\t\t\t<\/span>\n\t\t\t\t\t<\/a>\n\t\t\t\t\t\t\t\t<\/div>\n\t\t\t\t<div class=\"elementor-element elementor-element-a40040c elementor-widget-mobile__width-inherit elementor-widget elementor-widget-global elementor-global-22501 elementor-global-15421 elementor-widget-heading\" data-id=\"a40040c\" data-element_type=\"widget\" data-e-type=\"widget\" data-widget_type=\"heading.default\">\n\t\t\t\t\t<p class=\"elementor-heading-title elementor-size-default\">oder<\/p>\t\t\t\t<\/div>\n\t\t\t\t<div class=\"elementor-element elementor-element-839a68c elementor-mobile-align-justify elementor-widget-mobile__width-inherit elementor-widget elementor-widget-global elementor-global-22505 elementor-global-15422 elementor-widget-button\" data-id=\"839a68c\" data-element_type=\"widget\" data-e-type=\"widget\" data-widget_type=\"button.default\">\n\t\t\t\t\t\t\t\t\t\t<a class=\"elementor-button elementor-button-link elementor-size-sm\" href=\"https:\/\/www.act-translations.com\/de-ch\/kontakt\/\">\n\t\t\t\t\t\t<span class=\"elementor-button-content-wrapper\">\n\t\t\t\t\t\t\t\t\t<span class=\"elementor-button-text\">Kontakt aufnehmen<\/span>\n\t\t\t\t\t<\/span>\n\t\t\t\t\t<\/a>\n\t\t\t\t\t\t\t\t<\/div>\n\t\t\t\t<\/div>\n\t\t\t\t\t<\/div>\n\t\t\t\t<\/div>\n\t\t<div class=\"elementor-element elementor-element-234c3d2 e-flex e-con-boxed e-con e-parent\" data-id=\"234c3d2\" data-element_type=\"container\" data-e-type=\"container\">\n\t\t\t\t\t<div class=\"e-con-inner\">\n\t\t\t\t<div class=\"elementor-element elementor-element-1332ad5 elementor-widget elementor-widget-breadcrumbs\" data-id=\"1332ad5\" data-element_type=\"widget\" data-e-type=\"widget\" data-widget_type=\"breadcrumbs.default\">\n\t\t\t\t<div class=\"elementor-widget-container\">\n\t\t\t\t\t<nav aria-label=\"breadcrumbs\" class=\"rank-math-breadcrumb\"><p><span class=\"last\">Home<\/span><\/p><\/nav>\t\t\t\t<\/div>\n\t\t\t\t<\/div>\n\t\t\t\t<div class=\"elementor-element elementor-element-66d7d41 elementor-widget elementor-widget-text-editor\" data-id=\"66d7d41\" data-element_type=\"widget\" data-e-type=\"widget\" data-widget_type=\"text-editor.default\">\n\t\t\t\t\t\t\t\t\t<p>DOCUFY ist Hersteller professioneller Softwarel\u00f6sungen zum Management von Produktinformationen und Produktwissen. Seine L\u00f6sungen sind insbesondere in der Automobilindustrie, im Maschinen- und Anlagenbau, sowie in der Medizintechnik bei bedeutenden Konzernen und im Mittelstand im Einsatz. Rund um diese Softwareprodukte bietet DOCUFY Beratungs- und Entwicklungsleistungen, um seine Standardl\u00f6sungen an die spezifischen Anforderungen seiner Kunden anzupassen. Der leistungsstarke Support und ein breites Schulungsspektrum komplettieren das Angebot des nach ISO 9001-zertifizierten Softwareanbieters. Das Unternehmen mit Sitz in Bamberg besch\u00e4ftigt rund 130 Mitarbeiter und verf\u00fcgt \u00fcber ein breites Partnernetzwerk, welches die Softwarel\u00f6sungen von DOCUFY erweitert.<\/p>\t\t\t\t\t\t\t\t<\/div>\n\t\t\t\t\t<\/div>\n\t\t\t\t<\/div>\n\t\t<div class=\"elementor-element elementor-element-46347ec e-flex e-con-boxed e-con e-parent\" data-id=\"46347ec\" data-element_type=\"container\" data-e-type=\"container\" data-settings=\"{&quot;background_background&quot;:&quot;classic&quot;}\">\n\t\t\t\t\t<div class=\"e-con-inner\">\n\t\t<div class=\"elementor-element elementor-element-8434b17 e-con-full e-flex e-con e-child\" data-id=\"8434b17\" data-element_type=\"container\" data-e-type=\"container\">\n\t\t\t\t<div class=\"elementor-element elementor-element-a936eea elementor-vertical-align-top elementor-widget elementor-widget-image-box\" data-id=\"a936eea\" data-element_type=\"widget\" data-e-type=\"widget\" data-widget_type=\"image-box.default\">\n\t\t\t\t\t<div class=\"elementor-image-box-wrapper\"><div class=\"elementor-image-box-content\"><h3 class=\"elementor-image-box-title\">Intelligentes Informationsmanagement<\/h3><\/div><\/div>\t\t\t\t<\/div>\n\t\t\t\t<div class=\"elementor-element elementor-element-790e78a elementor-icon-list--layout-traditional elementor-list-item-link-full_width elementor-widget elementor-widget-icon-list\" data-id=\"790e78a\" data-element_type=\"widget\" data-e-type=\"widget\" data-widget_type=\"icon-list.default\">\n\t\t\t\t\t\t\t<ul class=\"elementor-icon-list-items\">\n\t\t\t\t\t\t\t<li class=\"elementor-icon-list-item\">\n\t\t\t\t\t\t\t\t\t\t\t<span class=\"elementor-icon-list-icon\">\n\t\t\t\t\t\t\t<svg xmlns=\"http:\/\/www.w3.org\/2000\/svg\" xml:space=\"preserve\" viewBox=\"0 0 147.4 147.4\">  <linearGradient id=\"a\" x1=\"2.8\" x2=\"144.6\" y1=\"73.7\" y2=\"73.7\" gradientUnits=\"userSpaceOnUse\">    <stop offset=\"0\" stop-color=\"#93ba1f\"><\/stop>    <stop offset=\"1\" stop-color=\"#005470\"><\/stop>  <\/linearGradient>  <path fill=\"url(#a)\" d=\"M144.6 73.7c0 19.6-6.9 36.3-20.8 50.1s-30.5 20.8-50.1 20.8-36.3-6.9-50.1-20.8S2.8 93.3 2.8 73.7s6.9-36.3 20.8-50.1S54.1 2.8 73.7 2.8s36.3 6.9 50.1 20.8 20.8 30.5 20.8 50.1zm-6.7 0c0-17.7-6.3-32.8-18.8-45.4S91.4 9.5 73.7 9.5s-32.8 6.3-45.4 18.8C15.8 40.9 9.5 56 9.5 73.7s6.3 32.8 18.8 45.4 27.7 18.8 45.4 18.8 32.8-6.3 45.4-18.8 18.8-27.7 18.8-45.4zM57.1 90.9c.7-2 .4-3.6-1.1-4.7L42.7 72.9c-2-2.4-4.2-2.5-6.4-.3-2 2.2-2 4.3 0 6.4l13.3 13.3c.9.9 1.9 1.4 3 1.4 2.1-.1 3.6-1 4.5-2.8zm6.4 9.7L111.1 53c2-2 2-4.1 0-6.1-2.2-2.2-4.3-2.2-6.4 0L57.4 94.5c-.9.9-1.4 1.9-1.4 3.1s.5 2.1 1.4 3.1c.9.9 1.9 1.4 3 1.4a6 6 0 0 0 3.1-1.5z\"><\/path><\/svg>\t\t\t\t\t\t<\/span>\n\t\t\t\t\t\t\t\t\t\t<span class=\"elementor-icon-list-text\">Datenqualit\u00e4t bereits ab Konstruktion steuern<\/span>\n\t\t\t\t\t\t\t\t\t<\/li>\n\t\t\t\t\t\t\t\t<li class=\"elementor-icon-list-item\">\n\t\t\t\t\t\t\t\t\t\t\t<span class=\"elementor-icon-list-icon\">\n\t\t\t\t\t\t\t<svg xmlns=\"http:\/\/www.w3.org\/2000\/svg\" xml:space=\"preserve\" viewBox=\"0 0 147.4 147.4\">  <linearGradient id=\"a\" x1=\"2.8\" x2=\"144.6\" y1=\"73.7\" y2=\"73.7\" gradientUnits=\"userSpaceOnUse\">    <stop offset=\"0\" stop-color=\"#93ba1f\"><\/stop>    <stop offset=\"1\" stop-color=\"#005470\"><\/stop>  <\/linearGradient>  <path fill=\"url(#a)\" d=\"M144.6 73.7c0 19.6-6.9 36.3-20.8 50.1s-30.5 20.8-50.1 20.8-36.3-6.9-50.1-20.8S2.8 93.3 2.8 73.7s6.9-36.3 20.8-50.1S54.1 2.8 73.7 2.8s36.3 6.9 50.1 20.8 20.8 30.5 20.8 50.1zm-6.7 0c0-17.7-6.3-32.8-18.8-45.4S91.4 9.5 73.7 9.5s-32.8 6.3-45.4 18.8C15.8 40.9 9.5 56 9.5 73.7s6.3 32.8 18.8 45.4 27.7 18.8 45.4 18.8 32.8-6.3 45.4-18.8 18.8-27.7 18.8-45.4zM57.1 90.9c.7-2 .4-3.6-1.1-4.7L42.7 72.9c-2-2.4-4.2-2.5-6.4-.3-2 2.2-2 4.3 0 6.4l13.3 13.3c.9.9 1.9 1.4 3 1.4 2.1-.1 3.6-1 4.5-2.8zm6.4 9.7L111.1 53c2-2 2-4.1 0-6.1-2.2-2.2-4.3-2.2-6.4 0L57.4 94.5c-.9.9-1.4 1.9-1.4 3.1s.5 2.1 1.4 3.1c.9.9 1.9 1.4 3 1.4a6 6 0 0 0 3.1-1.5z\"><\/path><\/svg>\t\t\t\t\t\t<\/span>\n\t\t\t\t\t\t\t\t\t\t<span class=\"elementor-icon-list-text\">CE-Konformit\u00e4t f\u00fcr Maschinen einhalten<\/span>\n\t\t\t\t\t\t\t\t\t<\/li>\n\t\t\t\t\t\t\t\t<li class=\"elementor-icon-list-item\">\n\t\t\t\t\t\t\t\t\t\t\t<span class=\"elementor-icon-list-icon\">\n\t\t\t\t\t\t\t<svg xmlns=\"http:\/\/www.w3.org\/2000\/svg\" xml:space=\"preserve\" viewBox=\"0 0 147.4 147.4\">  <linearGradient id=\"a\" x1=\"2.8\" x2=\"144.6\" y1=\"73.7\" y2=\"73.7\" gradientUnits=\"userSpaceOnUse\">    <stop offset=\"0\" stop-color=\"#93ba1f\"><\/stop>    <stop offset=\"1\" stop-color=\"#005470\"><\/stop>  <\/linearGradient>  <path fill=\"url(#a)\" d=\"M144.6 73.7c0 19.6-6.9 36.3-20.8 50.1s-30.5 20.8-50.1 20.8-36.3-6.9-50.1-20.8S2.8 93.3 2.8 73.7s6.9-36.3 20.8-50.1S54.1 2.8 73.7 2.8s36.3 6.9 50.1 20.8 20.8 30.5 20.8 50.1zm-6.7 0c0-17.7-6.3-32.8-18.8-45.4S91.4 9.5 73.7 9.5s-32.8 6.3-45.4 18.8C15.8 40.9 9.5 56 9.5 73.7s6.3 32.8 18.8 45.4 27.7 18.8 45.4 18.8 32.8-6.3 45.4-18.8 18.8-27.7 18.8-45.4zM57.1 90.9c.7-2 .4-3.6-1.1-4.7L42.7 72.9c-2-2.4-4.2-2.5-6.4-.3-2 2.2-2 4.3 0 6.4l13.3 13.3c.9.9 1.9 1.4 3 1.4 2.1-.1 3.6-1 4.5-2.8zm6.4 9.7L111.1 53c2-2 2-4.1 0-6.1-2.2-2.2-4.3-2.2-6.4 0L57.4 94.5c-.9.9-1.4 1.9-1.4 3.1s.5 2.1 1.4 3.1c.9.9 1.9 1.4 3 1.4a6 6 0 0 0 3.1-1.5z\"><\/path><\/svg>\t\t\t\t\t\t<\/span>\n\t\t\t\t\t\t\t\t\t\t<span class=\"elementor-icon-list-text\">technische Dokumentation digitalisieren<\/span>\n\t\t\t\t\t\t\t\t\t<\/li>\n\t\t\t\t\t\t\t\t<li class=\"elementor-icon-list-item\">\n\t\t\t\t\t\t\t\t\t\t\t<span class=\"elementor-icon-list-icon\">\n\t\t\t\t\t\t\t<svg xmlns=\"http:\/\/www.w3.org\/2000\/svg\" xml:space=\"preserve\" viewBox=\"0 0 147.4 147.4\">  <linearGradient id=\"a\" x1=\"2.8\" x2=\"144.6\" y1=\"73.7\" y2=\"73.7\" gradientUnits=\"userSpaceOnUse\">    <stop offset=\"0\" stop-color=\"#93ba1f\"><\/stop>    <stop offset=\"1\" stop-color=\"#005470\"><\/stop>  <\/linearGradient>  <path fill=\"url(#a)\" d=\"M144.6 73.7c0 19.6-6.9 36.3-20.8 50.1s-30.5 20.8-50.1 20.8-36.3-6.9-50.1-20.8S2.8 93.3 2.8 73.7s6.9-36.3 20.8-50.1S54.1 2.8 73.7 2.8s36.3 6.9 50.1 20.8 20.8 30.5 20.8 50.1zm-6.7 0c0-17.7-6.3-32.8-18.8-45.4S91.4 9.5 73.7 9.5s-32.8 6.3-45.4 18.8C15.8 40.9 9.5 56 9.5 73.7s6.3 32.8 18.8 45.4 27.7 18.8 45.4 18.8 32.8-6.3 45.4-18.8 18.8-27.7 18.8-45.4zM57.1 90.9c.7-2 .4-3.6-1.1-4.7L42.7 72.9c-2-2.4-4.2-2.5-6.4-.3-2 2.2-2 4.3 0 6.4l13.3 13.3c.9.9 1.9 1.4 3 1.4 2.1-.1 3.6-1 4.5-2.8zm6.4 9.7L111.1 53c2-2 2-4.1 0-6.1-2.2-2.2-4.3-2.2-6.4 0L57.4 94.5c-.9.9-1.4 1.9-1.4 3.1s.5 2.1 1.4 3.1c.9.9 1.9 1.4 3 1.4a6 6 0 0 0 3.1-1.5z\"><\/path><\/svg>\t\t\t\t\t\t<\/span>\n\t\t\t\t\t\t\t\t\t\t<span class=\"elementor-icon-list-text\">gezielte Softwarel\u00f6sungen f\u00fcr Unternehmen<\/span>\n\t\t\t\t\t\t\t\t\t<\/li>\n\t\t\t\t\t\t<\/ul>\n\t\t\t\t\t\t<\/div>\n\t\t\t\t<\/div>\n\t\t\t\t\t<\/div>\n\t\t\t\t<\/div>\n\t\t<div class=\"elementor-element elementor-element-9b7a849 e-flex e-con-boxed e-con e-parent\" data-id=\"9b7a849\" data-element_type=\"container\" data-e-type=\"container\" data-settings=\"{&quot;background_background&quot;:&quot;gradient&quot;}\">\n\t\t\t\t\t<div class=\"e-con-inner\">\n\t\t\t\t<div class=\"elementor-element elementor-element-e12a01f elementor-widget elementor-widget-heading\" data-id=\"e12a01f\" data-element_type=\"widget\" data-e-type=\"widget\" data-widget_type=\"heading.default\">\n\t\t\t\t\t<h2 class=\"elementor-heading-title elementor-size-default\">DOCUFY in Zahlen<\/h2>\t\t\t\t<\/div>\n\t\t<div class=\"elementor-element elementor-element-872be5a e-con-full e-grid e-con e-child\" data-id=\"872be5a\" data-element_type=\"container\" data-e-type=\"container\">\n\t\t<div class=\"elementor-element elementor-element-ff5d772 e-con-full e-flex e-con e-child\" data-id=\"ff5d772\" data-element_type=\"container\" data-e-type=\"container\">\n\t\t\t\t<div class=\"elementor-element elementor-element-045b145 elementor-widget elementor-widget-heading\" data-id=\"045b145\" data-element_type=\"widget\" data-e-type=\"widget\" data-widget_type=\"heading.default\">\n\t\t\t\t\t<h2 class=\"elementor-heading-title elementor-size-default\">In 48 L\u00e4ndern<\/h2>\t\t\t\t<\/div>\n\t\t\t\t<div class=\"elementor-element elementor-element-ae29c8f elementor-widget elementor-widget-text-editor\" data-id=\"ae29c8f\" data-element_type=\"widget\" data-e-type=\"widget\" data-widget_type=\"text-editor.default\">\n\t\t\t\t\t\t\t\t\t<p>sind individuelle DOCUFY Softwarel\u00f6sungen im Einsatz<\/p>\t\t\t\t\t\t\t\t<\/div>\n\t\t\t\t<\/div>\n\t\t<div class=\"elementor-element elementor-element-cfc71ec e-con-full e-flex e-con e-child\" data-id=\"cfc71ec\" data-element_type=\"container\" data-e-type=\"container\">\n\t\t\t\t<div class=\"elementor-element elementor-element-3a29686 elementor-widget elementor-widget-heading\" data-id=\"3a29686\" data-element_type=\"widget\" data-e-type=\"widget\" data-widget_type=\"heading.default\">\n\t\t\t\t\t<h2 class=\"elementor-heading-title elementor-size-default\">7 Produkte<\/h2>\t\t\t\t<\/div>\n\t\t\t\t<div class=\"elementor-element elementor-element-f542d41 elementor-widget elementor-widget-text-editor\" data-id=\"f542d41\" data-element_type=\"widget\" data-e-type=\"widget\" data-widget_type=\"text-editor.default\">\n\t\t\t\t\t\t\t\t\t<p>unterst\u00fctzen die Kunden effizient und zuverl\u00e4ssig in ihrem Redaktionsalltag<\/p>\t\t\t\t\t\t\t\t<\/div>\n\t\t\t\t<\/div>\n\t\t<div class=\"elementor-element elementor-element-cb318e0 e-con-full e-flex e-con e-child\" data-id=\"cb318e0\" data-element_type=\"container\" data-e-type=\"container\">\n\t\t\t\t<div class=\"elementor-element elementor-element-b55528c elementor-widget elementor-widget-heading\" data-id=\"b55528c\" data-element_type=\"widget\" data-e-type=\"widget\" data-widget_type=\"heading.default\">\n\t\t\t\t\t<h2 class=\"elementor-heading-title elementor-size-default\">930 Kunden<\/h2>\t\t\t\t<\/div>\n\t\t\t\t<div class=\"elementor-element elementor-element-3ce9932 elementor-widget elementor-widget-text-editor\" data-id=\"3ce9932\" data-element_type=\"widget\" data-e-type=\"widget\" data-widget_type=\"text-editor.default\">\n\t\t\t\t\t\t\t\t\t<p>weltweit vertrauen auf DOCUFY und ihre langj\u00e4hrige Erfahrung<\/p>\t\t\t\t\t\t\t\t<\/div>\n\t\t\t\t<\/div>\n\t\t<div class=\"elementor-element elementor-element-e60060d e-con-full e-flex e-con e-child\" data-id=\"e60060d\" data-element_type=\"container\" data-e-type=\"container\">\n\t\t\t\t<div class=\"elementor-element elementor-element-f13123a elementor-widget elementor-widget-heading\" data-id=\"f13123a\" data-element_type=\"widget\" data-e-type=\"widget\" data-widget_type=\"heading.default\">\n\t\t\t\t\t<h2 class=\"elementor-heading-title elementor-size-default\">25 Jahre<\/h2>\t\t\t\t<\/div>\n\t\t\t\t<div class=\"elementor-element elementor-element-5bf2eed elementor-widget elementor-widget-text-editor\" data-id=\"5bf2eed\" data-element_type=\"widget\" data-e-type=\"widget\" data-widget_type=\"text-editor.default\">\n\t\t\t\t\t\t\t\t\t<p>Erfolg am Markt gew\u00e4hrleisten erstklassiges Know-how<\/p>\t\t\t\t\t\t\t\t<\/div>\n\t\t\t\t<\/div>\n\t\t\t\t<\/div>\n\t\t\t\t\t<\/div>\n\t\t\t\t<\/div>\n\t\t<div class=\"elementor-element elementor-element-1c46e83 e-flex e-con-boxed e-con e-parent\" data-id=\"1c46e83\" data-element_type=\"container\" data-e-type=\"container\" data-settings=\"{&quot;background_background&quot;:&quot;classic&quot;}\">\n\t\t\t\t\t<div class=\"e-con-inner\">\n\t\t\t\t<div class=\"elementor-element elementor-element-53d8b7d elementor-widget elementor-widget-heading\" data-id=\"53d8b7d\" data-element_type=\"widget\" data-e-type=\"widget\" data-widget_type=\"heading.default\">\n\t\t\t\t\t<h2 class=\"elementor-heading-title elementor-size-default\">Und wie proftieren Sie? Ihre Partnervorteile:<\/h2>\t\t\t\t<\/div>\n\t\t<div class=\"elementor-element elementor-element-de92d3e e-grid e-con-boxed e-con e-child\" data-id=\"de92d3e\" data-element_type=\"container\" data-e-type=\"container\" data-settings=\"{&quot;background_background&quot;:&quot;classic&quot;}\">\n\t\t\t\t\t<div class=\"e-con-inner\">\n\t\t\t\t<div class=\"elementor-element elementor-element-be7976b elementor-view-default elementor-mobile-position-block-start elementor-widget elementor-widget-icon-box\" data-id=\"be7976b\" data-element_type=\"widget\" data-e-type=\"widget\" data-widget_type=\"icon-box.default\">\n\t\t\t\t\t\t\t<div class=\"elementor-icon-box-wrapper\">\n\n\t\t\t\t\t\t<div class=\"elementor-icon-box-icon\">\n\t\t\t\t<span  class=\"elementor-icon\">\n\t\t\t\t<svg xmlns=\"http:\/\/www.w3.org\/2000\/svg\" xml:space=\"preserve\" viewBox=\"0 0 63.9 63.9\">  <path fill=\"#025670\" d=\"M32 63.9c-17.6 0-32-14.3-32-32C0 14.3 14.3 0 32 0c17.6 0 32 14.3 32 32a32.07 32.07 0 0 1-32 31.9zM32 2C15.4 2 2 15.4 2 32s13.4 30 30 30c16.5 0 30-13.4 30-30S48.5 2 32 2z\"><\/path>  <path fill=\"#7eba28\" d=\"M25.2 47.8c-.1 0-.1 0 0 0-.4 0-.7-.2-.8-.5L13 29.7c-.2-.4-.2-.9.1-1.2.3-.3.8-.4 1.2-.2l11.2 5.9L49 16.4c.4-.3 1-.3 1.3.1.4.4.4.9 0 1.3L25.9 47.4c-.2.2-.4.4-.7.4zm-8.5-15.9 8.5 13.2 18.1-21.8-17.1 13c-.3.2-.7.3-1.1.1l-8.4-4.5z\"><\/path><\/svg>\t\t\t\t<\/span>\n\t\t\t<\/div>\n\t\t\t\n\t\t\t\t\t\t<div class=\"elementor-icon-box-content\">\n\n\t\t\t\t\t\t\t\t\t<h5 class=\"elementor-icon-box-title\">\n\t\t\t\t\t\t<span  >\n\t\t\t\t\t\t\tDirekte Anbindung\t\t\t\t\t\t<\/span>\n\t\t\t\t\t<\/h5>\n\t\t\t\t\n\t\t\t\t\t\t\t\t\t<p class=\"elementor-icon-box-description\">\n\t\t\t\t\t\tEtwaige andere Kunden, zum Beispiel die VPI European Rail Service GmbH, profitieren bereits von der Redaktionsl\u00f6sung COSIMA und k\u00f6nnen ohne Umwege die \u00dcbersetzung aller Inhalte bei ACT Translations veranlassen. Der Dateiaustausch erfolgt \u00fcber passende XML-Filter\t\t\t\t\t<\/p>\n\t\t\t\t\n\t\t\t<\/div>\n\t\t\t\n\t\t<\/div>\n\t\t\t\t\t\t<\/div>\n\t\t\t\t<div class=\"elementor-element elementor-element-3ca0e39 elementor-view-default elementor-mobile-position-block-start elementor-widget elementor-widget-icon-box\" data-id=\"3ca0e39\" data-element_type=\"widget\" data-e-type=\"widget\" data-widget_type=\"icon-box.default\">\n\t\t\t\t\t\t\t<div class=\"elementor-icon-box-wrapper\">\n\n\t\t\t\t\t\t<div class=\"elementor-icon-box-icon\">\n\t\t\t\t<span  class=\"elementor-icon\">\n\t\t\t\t<svg xmlns=\"http:\/\/www.w3.org\/2000\/svg\" xml:space=\"preserve\" viewBox=\"0 0 63.9 63.9\">  <path fill=\"#025670\" d=\"M32 63.9c-17.6 0-32-14.3-32-32C0 14.3 14.3 0 32 0c17.6 0 32 14.3 32 32a32.07 32.07 0 0 1-32 31.9zM32 2C15.4 2 2 15.4 2 32s13.4 30 30 30c16.5 0 30-13.4 30-30S48.5 2 32 2z\"><\/path>  <path fill=\"#7eba28\" d=\"M25.2 47.8c-.1 0-.1 0 0 0-.4 0-.7-.2-.8-.5L13 29.7c-.2-.4-.2-.9.1-1.2.3-.3.8-.4 1.2-.2l11.2 5.9L49 16.4c.4-.3 1-.3 1.3.1.4.4.4.9 0 1.3L25.9 47.4c-.2.2-.4.4-.7.4zm-8.5-15.9 8.5 13.2 18.1-21.8-17.1 13c-.3.2-.7.3-1.1.1l-8.4-4.5z\"><\/path><\/svg>\t\t\t\t<\/span>\n\t\t\t<\/div>\n\t\t\t\n\t\t\t\t\t\t<div class=\"elementor-icon-box-content\">\n\n\t\t\t\t\t\t\t\t\t<h5 class=\"elementor-icon-box-title\">\n\t\t\t\t\t\t<span  >\n\t\t\t\t\t\t\tTransparenz &amp; Qualit\u00e4t\t\t\t\t\t\t<\/span>\n\t\t\t\t\t<\/h5>\n\t\t\t\t\n\t\t\t\t\t\t\t\t\t<p class=\"elementor-icon-box-description\">\n\t\t\t\t\t\tIhre Daten sind in guten H\u00e4nden \u2013 sicher und zuverl\u00e4ssig gesch\u00fctzt. Die Vernetzung zwischen DOCUFY und ACT behandelt alle Daten streng vertraulich. Ein zertifiziertes Qualit\u00e4tsmanagement sorgt f\u00fcr eine dokumentierte und sorgenfreie Umsetzung Ihrer Projekte.\t\t\t\t\t<\/p>\n\t\t\t\t\n\t\t\t<\/div>\n\t\t\t\n\t\t<\/div>\n\t\t\t\t\t\t<\/div>\n\t\t\t\t<div class=\"elementor-element elementor-element-48a01f8 elementor-view-default elementor-mobile-position-block-start elementor-widget elementor-widget-icon-box\" data-id=\"48a01f8\" data-element_type=\"widget\" data-e-type=\"widget\" data-widget_type=\"icon-box.default\">\n\t\t\t\t\t\t\t<div class=\"elementor-icon-box-wrapper\">\n\n\t\t\t\t\t\t<div class=\"elementor-icon-box-icon\">\n\t\t\t\t<span  class=\"elementor-icon\">\n\t\t\t\t<svg xmlns=\"http:\/\/www.w3.org\/2000\/svg\" xml:space=\"preserve\" viewBox=\"0 0 63.9 63.9\">  <path fill=\"#025670\" d=\"M32 63.9c-17.6 0-32-14.3-32-32C0 14.3 14.3 0 32 0c17.6 0 32 14.3 32 32a32.07 32.07 0 0 1-32 31.9zM32 2C15.4 2 2 15.4 2 32s13.4 30 30 30c16.5 0 30-13.4 30-30S48.5 2 32 2z\"><\/path>  <path fill=\"#7eba28\" d=\"M25.2 47.8c-.1 0-.1 0 0 0-.4 0-.7-.2-.8-.5L13 29.7c-.2-.4-.2-.9.1-1.2.3-.3.8-.4 1.2-.2l11.2 5.9L49 16.4c.4-.3 1-.3 1.3.1.4.4.4.9 0 1.3L25.9 47.4c-.2.2-.4.4-.7.4zm-8.5-15.9 8.5 13.2 18.1-21.8-17.1 13c-.3.2-.7.3-1.1.1l-8.4-4.5z\"><\/path><\/svg>\t\t\t\t<\/span>\n\t\t\t<\/div>\n\t\t\t\n\t\t\t\t\t\t<div class=\"elementor-icon-box-content\">\n\n\t\t\t\t\t\t\t\t\t<h5 class=\"elementor-icon-box-title\">\n\t\t\t\t\t\t<span  >\n\t\t\t\t\t\t\tKnow-how\t\t\t\t\t\t<\/span>\n\t\t\t\t\t<\/h5>\n\t\t\t\t\n\t\t\t\t\t\t\t\t\t<p class=\"elementor-icon-box-description\">\n\t\t\t\t\t\tF\u00fcr die professionelle \u00dcbersetzung und Lokalisierung Ihrer Inhalte sorgt das langj\u00e4hrige ACT Know-how, f\u00fcr die fundierte Anwendung der gew\u00e4hlten Produktl\u00f6sung bietet DOCUFY Ihnen Trainings und Schulungen an.\t\t\t\t\t<\/p>\n\t\t\t\t\n\t\t\t<\/div>\n\t\t\t\n\t\t<\/div>\n\t\t\t\t\t\t<\/div>\n\t\t\t\t<div class=\"elementor-element elementor-element-17b4d6c elementor-view-default elementor-mobile-position-block-start elementor-widget elementor-widget-icon-box\" data-id=\"17b4d6c\" data-element_type=\"widget\" data-e-type=\"widget\" data-widget_type=\"icon-box.default\">\n\t\t\t\t\t\t\t<div class=\"elementor-icon-box-wrapper\">\n\n\t\t\t\t\t\t<div class=\"elementor-icon-box-icon\">\n\t\t\t\t<span  class=\"elementor-icon\">\n\t\t\t\t<svg xmlns=\"http:\/\/www.w3.org\/2000\/svg\" xml:space=\"preserve\" viewBox=\"0 0 63.9 63.9\">  <path fill=\"#025670\" d=\"M32 63.9c-17.6 0-32-14.3-32-32C0 14.3 14.3 0 32 0c17.6 0 32 14.3 32 32a32.07 32.07 0 0 1-32 31.9zM32 2C15.4 2 2 15.4 2 32s13.4 30 30 30c16.5 0 30-13.4 30-30S48.5 2 32 2z\"><\/path>  <path fill=\"#7eba28\" d=\"M25.2 47.8c-.1 0-.1 0 0 0-.4 0-.7-.2-.8-.5L13 29.7c-.2-.4-.2-.9.1-1.2.3-.3.8-.4 1.2-.2l11.2 5.9L49 16.4c.4-.3 1-.3 1.3.1.4.4.4.9 0 1.3L25.9 47.4c-.2.2-.4.4-.7.4zm-8.5-15.9 8.5 13.2 18.1-21.8-17.1 13c-.3.2-.7.3-1.1.1l-8.4-4.5z\"><\/path><\/svg>\t\t\t\t<\/span>\n\t\t\t<\/div>\n\t\t\t\n\t\t\t\t\t\t<div class=\"elementor-icon-box-content\">\n\n\t\t\t\t\t\t\t\t\t<h5 class=\"elementor-icon-box-title\">\n\t\t\t\t\t\t<span  >\n\t\t\t\t\t\t\tKosten\t\t\t\t\t\t<\/span>\n\t\t\t\t\t<\/h5>\n\t\t\t\t\n\t\t\t\t\t\t\t\t\t<p class=\"elementor-icon-box-description\">\n\t\t\t\t\t\tKonsistenz und Zeitersparnis durch den Einsatz modernster Software. Sie k\u00f6nnen technische Besonderheiten und Eigenschaften pr\u00e4zise in die Zielsprache \u00fcbertragen, z. B. mit Hilfe eines Translation-Memory und eines Terminologiemanagement-Systems auf Basis fachspezifischer Datenbanken.\t\t\t\t\t<\/p>\n\t\t\t\t\n\t\t\t<\/div>\n\t\t\t\n\t\t<\/div>\n\t\t\t\t\t\t<\/div>\n\t\t\t\t\t<\/div>\n\t\t\t\t<\/div>\n\t\t\t\t<div class=\"elementor-element elementor-element-90e6c43 elementor-widget elementor-widget-heading\" data-id=\"90e6c43\" data-element_type=\"widget\" data-e-type=\"widget\" data-widget_type=\"heading.default\">\n\t\t\t\t\t<h2 class=\"elementor-heading-title elementor-size-default\">Gemeinsam f\u00fcr mehr Zufriedenheit<\/h2>\t\t\t\t<\/div>\n\t\t\t\t<div class=\"elementor-element elementor-element-a36adc1 elementor-widget elementor-widget-text-editor\" data-id=\"a36adc1\" data-element_type=\"widget\" data-e-type=\"widget\" data-widget_type=\"text-editor.default\">\n\t\t\t\t\t\t\t\t\t<p>Um Kunden das bieten zu k\u00f6nnen, was sie erwarten, m\u00fcssen wir wissen, was ihnen wichtig ist. Die Partnerschaft von DOCUFY und ACT hat ein gemeinsames Ziel, Ihre Erwartungen zu \u00fcbertreffen.<\/p>\t\t\t\t\t\t\t\t<\/div>\n\t\t\t\t\t<\/div>\n\t\t\t\t<\/div>\n\t\t<div class=\"elementor-element elementor-element-3981a30 e-flex e-con-boxed e-con e-parent\" data-id=\"3981a30\" data-element_type=\"container\" data-e-type=\"container\">\n\t\t\t\t\t<div class=\"e-con-inner\">\n\t\t\t\t<div class=\"elementor-element elementor-element-921439d elementor-widget elementor-widget-heading\" data-id=\"921439d\" data-element_type=\"widget\" data-e-type=\"widget\" data-widget_type=\"heading.default\">\n\t\t\t\t\t<h2 class=\"elementor-heading-title elementor-size-default\">Referenzkunden DOCUFY<\/h2>\t\t\t\t<\/div>\n\t\t\t\t<div class=\"elementor-element elementor-element-e342aae elementor-widget elementor-widget-text-editor\" data-id=\"e342aae\" data-element_type=\"widget\" data-e-type=\"widget\" data-widget_type=\"text-editor.default\">\n\t\t\t\t\t\t\t\t\t<p>Weitere Informationen zu DOCUFY finden Sie auf der\u00a0<a href=\"https:\/\/docufy.de\/kunden-und-partner\/partner\/unsere-partner\/\" target=\"_blank\" rel=\"noopener\">Partner-Webseite<\/a>.<\/p>\t\t\t\t\t\t\t\t<\/div>\n\t\t\t\t\t<\/div>\n\t\t\t\t<\/div>\n\t\t\t\t<\/div>\n\t\t","protected":false},"excerpt":{"rendered":"<p>Excellent Information. Everywhere. Das Informationsmanagement von morgen.<\/p>\n","protected":false},"author":1,"featured_media":19479,"parent":22262,"menu_order":0,"comment_status":"closed","ping_status":"closed","template":"","meta":{"footnotes":""},"class_list":["post-22141","page","type-page","status-publish","has-post-thumbnail","hentry"],"_links":{"self":[{"href":"https:\/\/www.act-translations.com\/de-ch\/wp-json\/wp\/v2\/pages\/22141","targetHints":{"allow":["GET"]}}],"collection":[{"href":"https:\/\/www.act-translations.com\/de-ch\/wp-json\/wp\/v2\/pages"}],"about":[{"href":"https:\/\/www.act-translations.com\/de-ch\/wp-json\/wp\/v2\/types\/page"}],"author":[{"embeddable":true,"href":"https:\/\/www.act-translations.com\/de-ch\/wp-json\/wp\/v2\/users\/1"}],"replies":[{"embeddable":true,"href":"https:\/\/www.act-translations.com\/de-ch\/wp-json\/wp\/v2\/comments?post=22141"}],"version-history":[{"count":9,"href":"https:\/\/www.act-translations.com\/de-ch\/wp-json\/wp\/v2\/pages\/22141\/revisions"}],"predecessor-version":[{"id":31424,"href":"https:\/\/www.act-translations.com\/de-ch\/wp-json\/wp\/v2\/pages\/22141\/revisions\/31424"}],"up":[{"embeddable":true,"href":"https:\/\/www.act-translations.com\/de-ch\/wp-json\/wp\/v2\/pages\/22262"}],"wp:featuredmedia":[{"embeddable":true,"href":"https:\/\/www.act-translations.com\/de-ch\/wp-json\/wp\/v2\/media\/19479"}],"wp:attachment":[{"href":"https:\/\/www.act-translations.com\/de-ch\/wp-json\/wp\/v2\/media?parent=22141"}],"curies":[{"name":"wp","href":"https:\/\/api.w.org\/{rel}","templated":true}]}}