{"id":22142,"date":"2023-12-01T13:15:24","date_gmt":"2023-12-01T12:15:24","guid":{"rendered":"https:\/\/www.act-translations.com\/eqs-group\/"},"modified":"2025-05-15T12:29:41","modified_gmt":"2025-05-15T10:29:41","slug":"eqs-group","status":"publish","type":"page","link":"https:\/\/www.act-translations.com\/de-ch\/uebersetzungsunternehmen\/unsere-partner\/eqs-group\/","title":{"rendered":"EQS Group"},"content":{"rendered":"\t\t<div data-elementor-type=\"wp-page\" data-elementor-id=\"22142\" class=\"elementor elementor-22142 elementor-15112\" data-elementor-post-type=\"page\">\n\t\t\t\t<div class=\"elementor-element elementor-element-6413de1 e-flex e-con-boxed e-con e-parent\" data-id=\"6413de1\" data-element_type=\"container\" data-e-type=\"container\" data-settings=\"{&quot;background_background&quot;:&quot;classic&quot;}\">\n\t\t\t\t\t<div class=\"e-con-inner\">\n\t\t<div class=\"elementor-element elementor-element-633937f act-gradient e-con-full e-flex elementor-invisible e-con e-child\" data-id=\"633937f\" data-element_type=\"container\" data-e-type=\"container\" data-settings=\"{&quot;background_background&quot;:&quot;classic&quot;,&quot;animation&quot;:&quot;fadeInLeft&quot;,&quot;animation_delay&quot;:500}\">\n\t\t\t\t<div class=\"elementor-element elementor-element-8f5d711 elementor-widget__width-inherit elementor-widget elementor-widget-heading\" data-id=\"8f5d711\" data-element_type=\"widget\" data-e-type=\"widget\" data-widget_type=\"heading.default\">\n\t\t\t\t\t<div class=\"elementor-heading-title elementor-size-default\">Der Marktf\u00fchrer f\u00fcr Hinweisgebersysteme<\/div>\t\t\t\t<\/div>\n\t\t\t\t<div class=\"elementor-element elementor-element-ca18b77 elementor-widget elementor-widget-global elementor-global-29685 elementor-global-29590 elementor-widget-button\" data-id=\"ca18b77\" data-element_type=\"widget\" data-e-type=\"widget\" data-widget_type=\"button.default\">\n\t\t\t\t\t\t\t\t\t\t<a class=\"elementor-button elementor-button-link elementor-size-sm\" href=\"https:\/\/www.act-translations.com\/de-ch\/sofortangebot\/\">\n\t\t\t\t\t\t<span class=\"elementor-button-content-wrapper\">\n\t\t\t\t\t\t\t\t\t<span class=\"elementor-button-text\">Jetzt Angebot einholen<\/span>\n\t\t\t\t\t<\/span>\n\t\t\t\t\t<\/a>\n\t\t\t\t\t\t\t\t<\/div>\n\t\t\t\t<div class=\"elementor-element elementor-element-a40040c elementor-widget-mobile__width-inherit elementor-widget elementor-widget-global elementor-global-22501 elementor-global-15421 elementor-widget-heading\" data-id=\"a40040c\" data-element_type=\"widget\" data-e-type=\"widget\" data-widget_type=\"heading.default\">\n\t\t\t\t\t<p class=\"elementor-heading-title elementor-size-default\">oder<\/p>\t\t\t\t<\/div>\n\t\t\t\t<div class=\"elementor-element elementor-element-839a68c elementor-mobile-align-justify elementor-widget-mobile__width-inherit elementor-widget elementor-widget-global elementor-global-22505 elementor-global-15422 elementor-widget-button\" data-id=\"839a68c\" data-element_type=\"widget\" data-e-type=\"widget\" data-widget_type=\"button.default\">\n\t\t\t\t\t\t\t\t\t\t<a class=\"elementor-button elementor-button-link elementor-size-sm\" href=\"https:\/\/www.act-translations.com\/de-ch\/kontakt\/\">\n\t\t\t\t\t\t<span class=\"elementor-button-content-wrapper\">\n\t\t\t\t\t\t\t\t\t<span class=\"elementor-button-text\">Kontakt aufnehmen<\/span>\n\t\t\t\t\t<\/span>\n\t\t\t\t\t<\/a>\n\t\t\t\t\t\t\t\t<\/div>\n\t\t\t\t<\/div>\n\t\t\t\t\t<\/div>\n\t\t\t\t<\/div>\n\t\t<div class=\"elementor-element elementor-element-234c3d2 e-flex e-con-boxed e-con e-parent\" data-id=\"234c3d2\" data-element_type=\"container\" data-e-type=\"container\">\n\t\t\t\t\t<div class=\"e-con-inner\">\n\t\t\t\t<div class=\"elementor-element elementor-element-1332ad5 elementor-widget elementor-widget-breadcrumbs\" data-id=\"1332ad5\" data-element_type=\"widget\" data-e-type=\"widget\" data-widget_type=\"breadcrumbs.default\">\n\t\t\t\t<div class=\"elementor-widget-container\">\n\t\t\t\t\t<nav aria-label=\"breadcrumbs\" class=\"rank-math-breadcrumb\"><p><span class=\"last\">Home<\/span><\/p><\/nav>\t\t\t\t<\/div>\n\t\t\t\t<\/div>\n\t\t\t\t<div class=\"elementor-element elementor-element-66d7d41 elementor-widget elementor-widget-text-editor\" data-id=\"66d7d41\" data-element_type=\"widget\" data-e-type=\"widget\" data-widget_type=\"text-editor.default\">\n\t\t\t\t\t\t\t\t\t<p>Die <strong>EQS Group<\/strong> ist ein f\u00fchrender internationaler Cloudsoftware-Anbieter in den Bereichen <strong>Corporate Compliance<\/strong>, <strong>Investor Relations<\/strong> und <strong>ESG<\/strong>.<\/p><p>Weltweit nutzen Tausende Unternehmen die Produkte der EQS Group, um Vertrauen zu schaffen, indem sie zuverl\u00e4ssig und sicher komplexe regulatorische Anforderungen erf\u00fcllen, Risiken minimieren und transparent \u00fcber ihren Gesch\u00e4ftserfolg sowie dessen Auswirkungen auf Gesellschaft und Umwelt berichten.<\/p><p>Die Produkte der EQS Group sind in der cloudbasierten Software EQS COCKPIT geb\u00fcndelt. Damit lassen sich <a href=\"https:\/\/www.eqs.com\/de\/compliance-loesungen\/\" target=\"_blank\" rel=\"noopener\">Compliance-Prozesse<\/a> in den Bereichen <a href=\"https:\/\/www.eqs.com\/de\/compliance-loesungen\/integrity-line\/\" target=\"_blank\" rel=\"noopener\">Hinweisgeberschutz und Fallbearbeitung<\/a>, <a href=\"https:\/\/www.eqs.com\/de\/compliance-loesungen\/policies\/\" target=\"_blank\" rel=\"noopener\">Richtlinienmanagement<\/a> und Genehmigungsprozesse ebenso professionell steuern wie das Gesch\u00e4ftspartnermanagement, die Insiderlistenverwaltung und die Meldepflichten. <br \/>B\u00f6rsennotierte Unternehmen nutzen zudem ein globales Newswire, Investor Targeting und Kontaktmanagement, aber auch IR-Webseiten, digitale Berichte und Webcasts f\u00fcr eine effiziente und sichere Investorenkommunikation.<\/p><p>Dar\u00fcber hinaus entwickelt die EQS Group Software f\u00fcr das Management von ESG-Daten (Umwelt, Soziales, Unternehmensf\u00fchrung), die Erf\u00fcllung menschenrechtlicher Sorgfaltspflichten entlang der Lieferketten von Unternehmen sowie f\u00fcr eine regelkonforme Nachhaltigkeitsberichterstattung.<\/p><p>Die EQS Group wurde im Jahr 2000 in M\u00fcnchen gegr\u00fcndet. Heute ist der Konzern mit rund 500 Mitarbeitenden in den wichtigsten Finanzmetropolen der Welt vertreten.<\/p>\t\t\t\t\t\t\t\t<\/div>\n\t\t\t\t\t<\/div>\n\t\t\t\t<\/div>\n\t\t<div class=\"elementor-element elementor-element-46347ec e-flex e-con-boxed e-con e-parent\" data-id=\"46347ec\" data-element_type=\"container\" data-e-type=\"container\" data-settings=\"{&quot;background_background&quot;:&quot;classic&quot;}\">\n\t\t\t\t\t<div class=\"e-con-inner\">\n\t\t<div class=\"elementor-element elementor-element-8434b17 e-con-full e-flex e-con e-child\" data-id=\"8434b17\" data-element_type=\"container\" data-e-type=\"container\">\n\t\t\t\t<div class=\"elementor-element elementor-element-a936eea elementor-vertical-align-top elementor-widget elementor-widget-image-box\" data-id=\"a936eea\" data-element_type=\"widget\" data-e-type=\"widget\" data-widget_type=\"image-box.default\">\n\t\t\t\t\t<div class=\"elementor-image-box-wrapper\"><div class=\"elementor-image-box-content\"><h3 class=\"elementor-image-box-title\">Warum Software von EQS?<\/h3><\/div><\/div>\t\t\t\t<\/div>\n\t\t\t\t<div class=\"elementor-element elementor-element-790e78a elementor-icon-list--layout-traditional elementor-list-item-link-full_width elementor-widget elementor-widget-icon-list\" data-id=\"790e78a\" data-element_type=\"widget\" data-e-type=\"widget\" data-widget_type=\"icon-list.default\">\n\t\t\t\t\t\t\t<ul class=\"elementor-icon-list-items\">\n\t\t\t\t\t\t\t<li class=\"elementor-icon-list-item\">\n\t\t\t\t\t\t\t\t\t\t\t<span class=\"elementor-icon-list-icon\">\n\t\t\t\t\t\t\t<svg xmlns=\"http:\/\/www.w3.org\/2000\/svg\" xml:space=\"preserve\" viewBox=\"0 0 147.4 147.4\">  <linearGradient id=\"a\" x1=\"2.8\" x2=\"144.6\" y1=\"73.7\" y2=\"73.7\" gradientUnits=\"userSpaceOnUse\">    <stop offset=\"0\" stop-color=\"#93ba1f\"><\/stop>    <stop offset=\"1\" stop-color=\"#005470\"><\/stop>  <\/linearGradient>  <path fill=\"url(#a)\" d=\"M144.6 73.7c0 19.6-6.9 36.3-20.8 50.1s-30.5 20.8-50.1 20.8-36.3-6.9-50.1-20.8S2.8 93.3 2.8 73.7s6.9-36.3 20.8-50.1S54.1 2.8 73.7 2.8s36.3 6.9 50.1 20.8 20.8 30.5 20.8 50.1zm-6.7 0c0-17.7-6.3-32.8-18.8-45.4S91.4 9.5 73.7 9.5s-32.8 6.3-45.4 18.8C15.8 40.9 9.5 56 9.5 73.7s6.3 32.8 18.8 45.4 27.7 18.8 45.4 18.8 32.8-6.3 45.4-18.8 18.8-27.7 18.8-45.4zM57.1 90.9c.7-2 .4-3.6-1.1-4.7L42.7 72.9c-2-2.4-4.2-2.5-6.4-.3-2 2.2-2 4.3 0 6.4l13.3 13.3c.9.9 1.9 1.4 3 1.4 2.1-.1 3.6-1 4.5-2.8zm6.4 9.7L111.1 53c2-2 2-4.1 0-6.1-2.2-2.2-4.3-2.2-6.4 0L57.4 94.5c-.9.9-1.4 1.9-1.4 3.1s.5 2.1 1.4 3.1c.9.9 1.9 1.4 3 1.4a6 6 0 0 0 3.1-1.5z\"><\/path><\/svg>\t\t\t\t\t\t<\/span>\n\t\t\t\t\t\t\t\t\t\t<span class=\"elementor-icon-list-text\">Ausgezeichneter Datenschutz<\/span>\n\t\t\t\t\t\t\t\t\t<\/li>\n\t\t\t\t\t\t\t\t<li class=\"elementor-icon-list-item\">\n\t\t\t\t\t\t\t\t\t\t\t<span class=\"elementor-icon-list-icon\">\n\t\t\t\t\t\t\t<svg xmlns=\"http:\/\/www.w3.org\/2000\/svg\" xml:space=\"preserve\" viewBox=\"0 0 147.4 147.4\">  <linearGradient id=\"a\" x1=\"2.8\" x2=\"144.6\" y1=\"73.7\" y2=\"73.7\" gradientUnits=\"userSpaceOnUse\">    <stop offset=\"0\" stop-color=\"#93ba1f\"><\/stop>    <stop offset=\"1\" stop-color=\"#005470\"><\/stop>  <\/linearGradient>  <path fill=\"url(#a)\" d=\"M144.6 73.7c0 19.6-6.9 36.3-20.8 50.1s-30.5 20.8-50.1 20.8-36.3-6.9-50.1-20.8S2.8 93.3 2.8 73.7s6.9-36.3 20.8-50.1S54.1 2.8 73.7 2.8s36.3 6.9 50.1 20.8 20.8 30.5 20.8 50.1zm-6.7 0c0-17.7-6.3-32.8-18.8-45.4S91.4 9.5 73.7 9.5s-32.8 6.3-45.4 18.8C15.8 40.9 9.5 56 9.5 73.7s6.3 32.8 18.8 45.4 27.7 18.8 45.4 18.8 32.8-6.3 45.4-18.8 18.8-27.7 18.8-45.4zM57.1 90.9c.7-2 .4-3.6-1.1-4.7L42.7 72.9c-2-2.4-4.2-2.5-6.4-.3-2 2.2-2 4.3 0 6.4l13.3 13.3c.9.9 1.9 1.4 3 1.4 2.1-.1 3.6-1 4.5-2.8zm6.4 9.7L111.1 53c2-2 2-4.1 0-6.1-2.2-2.2-4.3-2.2-6.4 0L57.4 94.5c-.9.9-1.4 1.9-1.4 3.1s.5 2.1 1.4 3.1c.9.9 1.9 1.4 3 1.4a6 6 0 0 0 3.1-1.5z\"><\/path><\/svg>\t\t\t\t\t\t<\/span>\n\t\t\t\t\t\t\t\t\t\t<span class=\"elementor-icon-list-text\">H\u00f6chster Standard bei Datensicherheit<\/span>\n\t\t\t\t\t\t\t\t\t<\/li>\n\t\t\t\t\t\t\t\t<li class=\"elementor-icon-list-item\">\n\t\t\t\t\t\t\t\t\t\t\t<span class=\"elementor-icon-list-icon\">\n\t\t\t\t\t\t\t<svg xmlns=\"http:\/\/www.w3.org\/2000\/svg\" xml:space=\"preserve\" viewBox=\"0 0 147.4 147.4\">  <linearGradient id=\"a\" x1=\"2.8\" x2=\"144.6\" y1=\"73.7\" y2=\"73.7\" gradientUnits=\"userSpaceOnUse\">    <stop offset=\"0\" stop-color=\"#93ba1f\"><\/stop>    <stop offset=\"1\" stop-color=\"#005470\"><\/stop>  <\/linearGradient>  <path fill=\"url(#a)\" d=\"M144.6 73.7c0 19.6-6.9 36.3-20.8 50.1s-30.5 20.8-50.1 20.8-36.3-6.9-50.1-20.8S2.8 93.3 2.8 73.7s6.9-36.3 20.8-50.1S54.1 2.8 73.7 2.8s36.3 6.9 50.1 20.8 20.8 30.5 20.8 50.1zm-6.7 0c0-17.7-6.3-32.8-18.8-45.4S91.4 9.5 73.7 9.5s-32.8 6.3-45.4 18.8C15.8 40.9 9.5 56 9.5 73.7s6.3 32.8 18.8 45.4 27.7 18.8 45.4 18.8 32.8-6.3 45.4-18.8 18.8-27.7 18.8-45.4zM57.1 90.9c.7-2 .4-3.6-1.1-4.7L42.7 72.9c-2-2.4-4.2-2.5-6.4-.3-2 2.2-2 4.3 0 6.4l13.3 13.3c.9.9 1.9 1.4 3 1.4 2.1-.1 3.6-1 4.5-2.8zm6.4 9.7L111.1 53c2-2 2-4.1 0-6.1-2.2-2.2-4.3-2.2-6.4 0L57.4 94.5c-.9.9-1.4 1.9-1.4 3.1s.5 2.1 1.4 3.1c.9.9 1.9 1.4 3 1.4a6 6 0 0 0 3.1-1.5z\"><\/path><\/svg>\t\t\t\t\t\t<\/span>\n\t\t\t\t\t\t\t\t\t\t<span class=\"elementor-icon-list-text\">\u00dcber 20 Jahre Expertise<\/span>\n\t\t\t\t\t\t\t\t\t<\/li>\n\t\t\t\t\t\t\t\t<li class=\"elementor-icon-list-item\">\n\t\t\t\t\t\t\t\t\t\t\t<span class=\"elementor-icon-list-icon\">\n\t\t\t\t\t\t\t<svg xmlns=\"http:\/\/www.w3.org\/2000\/svg\" xml:space=\"preserve\" viewBox=\"0 0 147.4 147.4\">  <linearGradient id=\"a\" x1=\"2.8\" x2=\"144.6\" y1=\"73.7\" y2=\"73.7\" gradientUnits=\"userSpaceOnUse\">    <stop offset=\"0\" stop-color=\"#93ba1f\"><\/stop>    <stop offset=\"1\" stop-color=\"#005470\"><\/stop>  <\/linearGradient>  <path fill=\"url(#a)\" d=\"M144.6 73.7c0 19.6-6.9 36.3-20.8 50.1s-30.5 20.8-50.1 20.8-36.3-6.9-50.1-20.8S2.8 93.3 2.8 73.7s6.9-36.3 20.8-50.1S54.1 2.8 73.7 2.8s36.3 6.9 50.1 20.8 20.8 30.5 20.8 50.1zm-6.7 0c0-17.7-6.3-32.8-18.8-45.4S91.4 9.5 73.7 9.5s-32.8 6.3-45.4 18.8C15.8 40.9 9.5 56 9.5 73.7s6.3 32.8 18.8 45.4 27.7 18.8 45.4 18.8 32.8-6.3 45.4-18.8 18.8-27.7 18.8-45.4zM57.1 90.9c.7-2 .4-3.6-1.1-4.7L42.7 72.9c-2-2.4-4.2-2.5-6.4-.3-2 2.2-2 4.3 0 6.4l13.3 13.3c.9.9 1.9 1.4 3 1.4 2.1-.1 3.6-1 4.5-2.8zm6.4 9.7L111.1 53c2-2 2-4.1 0-6.1-2.2-2.2-4.3-2.2-6.4 0L57.4 94.5c-.9.9-1.4 1.9-1.4 3.1s.5 2.1 1.4 3.1c.9.9 1.9 1.4 3 1.4a6 6 0 0 0 3.1-1.5z\"><\/path><\/svg>\t\t\t\t\t\t<\/span>\n\t\t\t\t\t\t\t\t\t\t<span class=\"elementor-icon-list-text\">Modulare Compliance-Plattform und Cloudsoftware<\/span>\n\t\t\t\t\t\t\t\t\t<\/li>\n\t\t\t\t\t\t<\/ul>\n\t\t\t\t\t\t<\/div>\n\t\t\t\t<\/div>\n\t\t\t\t\t<\/div>\n\t\t\t\t<\/div>\n\t\t<div class=\"elementor-element elementor-element-3981a30 e-flex e-con-boxed e-con e-parent\" data-id=\"3981a30\" data-element_type=\"container\" data-e-type=\"container\">\n\t\t\t\t\t<div class=\"e-con-inner\">\n\t\t\t\t<div class=\"elementor-element elementor-element-921439d elementor-widget elementor-widget-heading\" data-id=\"921439d\" data-element_type=\"widget\" data-e-type=\"widget\" data-widget_type=\"heading.default\">\n\t\t\t\t\t<h2 class=\"elementor-heading-title elementor-size-default\">EQS Compliance COCKPIT \u2013 Europas f\u00fchrende Plattform f\u00fcr effektive Compliance-Programme<\/h2>\t\t\t\t<\/div>\n\t\t\t\t<div class=\"elementor-element elementor-element-b81facb elementor-widget elementor-widget-text-editor\" data-id=\"b81facb\" data-element_type=\"widget\" data-e-type=\"widget\" data-widget_type=\"text-editor.default\">\n\t\t\t\t\t\t\t\t\t<p>Das <a href=\"https:\/\/www.eqs.com\/de\/compliance-loesungen\/compliance-plattform\/\" target=\"_blank\" rel=\"noopener\">EQS Compliance COCKPIT<\/a> bringt zusammen, was zusammengeh\u00f6rt: die wichtigsten Compliance-Workflows in einer integrierten Plattform. Das EQS Compliance COCKPIT verf\u00fcgt \u00fcber alle Tools und Integrationen, die f\u00fcr die effektive Verwaltung eines Compliance-Programms sowie die Erf\u00fcllung aller regulatorischen Anforderungen ben\u00f6tigt werden \u2013 egal ob es sich um Hinweise von Whistleblowern, das Lieferkettensorgfaltspflichtengesetz, Genehmigungsprozesse oder Richtlinienmanagement dreht.<\/p><p>Mit dem EQS Compliance COCKPIT erhalten Sie eine digitale Compliance-Plattform f\u00fcr alle Ihre Prozesse und k\u00f6nnen so Ihre t\u00e4gliche Arbeit effizienter gestalten.<\/p>\t\t\t\t\t\t\t\t<\/div>\n\t\t\t\t<div class=\"elementor-element elementor-element-f14afac elementor-widget elementor-widget-button\" data-id=\"f14afac\" data-element_type=\"widget\" data-e-type=\"widget\" data-widget_type=\"button.default\">\n\t\t\t\t\t\t\t\t\t\t<a class=\"elementor-button elementor-button-link elementor-size-sm\" href=\"https:\/\/www.eqs.com\/de\/compliance-loesungen\/?utm_source=partner&#038;utm_medium=referral&#038;utm_campaign=ger_cc_all_brand_act_translation_partner_page\" target=\"_blank\" rel=\"noopener\">\n\t\t\t\t\t\t<span class=\"elementor-button-content-wrapper\">\n\t\t\t\t\t\t\t\t\t<span class=\"elementor-button-text\">Mehr erfahren<\/span>\n\t\t\t\t\t<\/span>\n\t\t\t\t\t<\/a>\n\t\t\t\t\t\t\t\t<\/div>\n\t\t\t\t\t<\/div>\n\t\t\t\t<\/div>\n\t\t<div class=\"elementor-element elementor-element-4fd66a6 e-flex e-con-boxed e-con e-parent\" data-id=\"4fd66a6\" data-element_type=\"container\" data-e-type=\"container\" data-settings=\"{&quot;background_background&quot;:&quot;classic&quot;}\">\n\t\t\t\t\t<div class=\"e-con-inner\">\n\t\t\t\t<div class=\"elementor-element elementor-element-454faa3 elementor-widget elementor-widget-heading\" data-id=\"454faa3\" data-element_type=\"widget\" data-e-type=\"widget\" data-widget_type=\"heading.default\">\n\t\t\t\t\t<h2 class=\"elementor-heading-title elementor-size-default\">Sie sind EQS-Kunde und ben\u00f6tigen \u00dcbersetzungen rund um die Thematik Compliance?<\/h2>\t\t\t\t<\/div>\n\t\t\t\t<div class=\"elementor-element elementor-element-e6c053a elementor-widget elementor-widget-text-editor\" data-id=\"e6c053a\" data-element_type=\"widget\" data-e-type=\"widget\" data-widget_type=\"text-editor.default\">\n\t\t\t\t\t\t\t\t\t<p>Registrieren Sie sich als Kunde und profitieren Sie von unseren Partnerkonditionen:<\/p>\t\t\t\t\t\t\t\t<\/div>\n\t\t\t\t<div class=\"elementor-element elementor-element-844e0b3 elementor-widget elementor-widget-button\" data-id=\"844e0b3\" data-element_type=\"widget\" data-e-type=\"widget\" data-widget_type=\"button.default\">\n\t\t\t\t\t\t\t\t\t\t<a class=\"elementor-button elementor-button-link elementor-size-sm\" href=\"https:\/\/www.act-translations.com\/de-de\/eqs-beratungsgespraech-vereinbaren\/\">\n\t\t\t\t\t\t<span class=\"elementor-button-content-wrapper\">\n\t\t\t\t\t\t\t\t\t<span class=\"elementor-button-text\">Registrierungsformular<\/span>\n\t\t\t\t\t<\/span>\n\t\t\t\t\t<\/a>\n\t\t\t\t\t\t\t\t<\/div>\n\t\t\t\t<div class=\"elementor-element elementor-element-eaef0a1 elementor-widget elementor-widget-text-editor\" data-id=\"eaef0a1\" data-element_type=\"widget\" data-e-type=\"widget\" data-widget_type=\"text-editor.default\">\n\t\t\t\t\t\t\t\t\t<p>Sie m\u00f6chten mehr zum Thema effektive Compliance-Programme erfahren? <a href=\"https:\/\/www.act-translations.com\/de-de\/fachgebiete\/compliance-uebersetzungen\/\">Hier<\/a> finden Sie weitere Informationen und die M\u00f6glichkeit f\u00fcr ein erstes Beratungsgespr\u00e4ch.<\/p>\t\t\t\t\t\t\t\t<\/div>\n\t\t\t\t\t<\/div>\n\t\t\t\t<\/div>\n\t\t\t\t<\/div>\n\t\t","protected":false},"excerpt":{"rendered":"<p>Die EQS Group ist ein f\u00fchrender internationaler Cloudsoftware-Anbieter im Bereich Corporate Compliance. Weltweit nutzen Tausende Unternehmen ihre Produkte, die sie dabei unterst\u00fctzen, zuverl\u00e4ssig und sicher komplexe regulatorische Anforderungen zu erf\u00fcllen und Risiken zu minimieren. Seit 2021 geh\u00f6rt auch Business Keeper, ebenfalls ein Kunde von ACT seit 2010, zur EQS Group und tr\u00e4gt so zur Entwicklung einer wertebasierten Wirtschaftskultur bei.<\/p>\n","protected":false},"author":1,"featured_media":19482,"parent":22262,"menu_order":0,"comment_status":"closed","ping_status":"closed","template":"","meta":{"footnotes":""},"class_list":["post-22142","page","type-page","status-publish","has-post-thumbnail","hentry"],"_links":{"self":[{"href":"https:\/\/www.act-translations.com\/de-ch\/wp-json\/wp\/v2\/pages\/22142","targetHints":{"allow":["GET"]}}],"collection":[{"href":"https:\/\/www.act-translations.com\/de-ch\/wp-json\/wp\/v2\/pages"}],"about":[{"href":"https:\/\/www.act-translations.com\/de-ch\/wp-json\/wp\/v2\/types\/page"}],"author":[{"embeddable":true,"href":"https:\/\/www.act-translations.com\/de-ch\/wp-json\/wp\/v2\/users\/1"}],"replies":[{"embeddable":true,"href":"https:\/\/www.act-translations.com\/de-ch\/wp-json\/wp\/v2\/comments?post=22142"}],"version-history":[{"count":10,"href":"https:\/\/www.act-translations.com\/de-ch\/wp-json\/wp\/v2\/pages\/22142\/revisions"}],"predecessor-version":[{"id":31433,"href":"https:\/\/www.act-translations.com\/de-ch\/wp-json\/wp\/v2\/pages\/22142\/revisions\/31433"}],"up":[{"embeddable":true,"href":"https:\/\/www.act-translations.com\/de-ch\/wp-json\/wp\/v2\/pages\/22262"}],"wp:featuredmedia":[{"embeddable":true,"href":"https:\/\/www.act-translations.com\/de-ch\/wp-json\/wp\/v2\/media\/19482"}],"wp:attachment":[{"href":"https:\/\/www.act-translations.com\/de-ch\/wp-json\/wp\/v2\/media?parent=22142"}],"curies":[{"name":"wp","href":"https:\/\/api.w.org\/{rel}","templated":true}]}}