{"id":22233,"date":"2023-11-06T15:33:10","date_gmt":"2023-11-06T14:33:10","guid":{"rendered":"https:\/\/www.act-translations.com\/api-token-fuer-wpml\/"},"modified":"2026-02-09T12:43:36","modified_gmt":"2026-02-09T11:43:36","slug":"api-token-fuer-wpml","status":"publish","type":"page","link":"https:\/\/www.act-translations.com\/de-ch\/api-token-fuer-wpml\/","title":{"rendered":"API-Token f\u00fcr WPML"},"content":{"rendered":"\t\t<div data-elementor-type=\"wp-page\" data-elementor-id=\"22233\" class=\"elementor elementor-22233 elementor-15233\" data-elementor-post-type=\"page\">\n\t\t\t\t<div class=\"elementor-element elementor-element-74a2931 e-flex e-con-boxed e-con e-parent\" data-id=\"74a2931\" data-element_type=\"container\" data-e-type=\"container\">\n\t\t\t\t\t<div class=\"e-con-inner\">\n\t\t<div class=\"elementor-element elementor-element-5d63bf4 e-flex e-con-boxed e-con e-child\" data-id=\"5d63bf4\" data-element_type=\"container\" data-e-type=\"container\">\n\t\t\t\t\t<div class=\"e-con-inner\">\n\t\t\t\t<div class=\"elementor-element elementor-element-845ee87 elementor-widget elementor-widget-heading\" data-id=\"845ee87\" data-element_type=\"widget\" data-e-type=\"widget\" data-widget_type=\"heading.default\">\n\t\t\t\t\t<h5 class=\"elementor-heading-title elementor-size-default\">API-Token f\u00fcr WPML anfordern<\/h5>\t\t\t\t<\/div>\n\t\t\t\t<div class=\"elementor-element elementor-element-5079223 elementor-widget elementor-widget-heading\" data-id=\"5079223\" data-element_type=\"widget\" data-e-type=\"widget\" data-widget_type=\"heading.default\">\n\t\t\t\t\t<h1 class=\"elementor-heading-title elementor-size-default\">ACT unterst\u00fctzt Sie bei WPML-\u00dcbersetzungen<\/h1>\t\t\t\t<\/div>\n\t\t\t\t\t<\/div>\n\t\t\t\t<\/div>\n\t\t\t\t<div class=\"elementor-element elementor-element-4e2b925 elementor-button-align-start act-gradient act-shadow elementor-widget elementor-widget-form\" data-id=\"4e2b925\" data-element_type=\"widget\" data-e-type=\"widget\" data-settings=\"{&quot;step_next_label&quot;:&quot;N\\u00e4chster&quot;,&quot;step_previous_label&quot;:&quot;Voriger&quot;,&quot;step_type&quot;:&quot;number_text&quot;,&quot;step_icon_shape&quot;:&quot;circle&quot;}\" data-widget_type=\"form.default\">\n\t\t\t\t\t\t\t<form class=\"elementor-form\" method=\"post\" id=\"wpmltokens\" name=\"API-Token\" aria-label=\"API-Token\">\n\t\t\t<input type=\"hidden\" name=\"post_id\" value=\"22233\"\/>\n\t\t\t<input type=\"hidden\" name=\"form_id\" value=\"4e2b925\"\/>\n\t\t\t<input type=\"hidden\" name=\"referer_title\" value=\"\" \/>\n\n\t\t\t\n\t\t\t<div class=\"elementor-form-fields-wrapper elementor-labels-above\">\n\t\t\t\t\t\t\t\t<div class=\"elementor-field-type-text elementor-field-group elementor-column elementor-field-group-wpml_firma elementor-col-50\">\n\t\t\t\t\t\t\t\t\t\t\t\t\t<input size=\"1\" type=\"text\" name=\"form_fields[wpml_firma]\" id=\"form-field-wpml_firma\" class=\"elementor-field elementor-size-md  elementor-field-textual\" placeholder=\"Firma\">\n\t\t\t\t\t\t\t\t\t\t\t<\/div>\n\t\t\t\t\t\t\t\t<div class=\"elementor-field-type-text elementor-field-group elementor-column elementor-field-group-wpml_name elementor-col-50 elementor-field-required elementor-mark-required\">\n\t\t\t\t\t\t\t\t\t\t\t\t\t<input size=\"1\" type=\"text\" name=\"form_fields[wpml_name]\" id=\"form-field-wpml_name\" class=\"elementor-field elementor-size-md  elementor-field-textual\" placeholder=\"Name*\" required=\"required\">\n\t\t\t\t\t\t\t\t\t\t\t<\/div>\n\t\t\t\t\t\t\t\t<div class=\"elementor-field-type-email elementor-field-group elementor-column elementor-field-group-wpml_email elementor-col-50 elementor-field-required elementor-mark-required\">\n\t\t\t\t\t\t\t\t\t\t\t\t\t<input size=\"1\" type=\"email\" name=\"form_fields[wpml_email]\" id=\"form-field-wpml_email\" class=\"elementor-field elementor-size-md  elementor-field-textual\" placeholder=\"E-Mail-Adresse*\" required=\"required\">\n\t\t\t\t\t\t\t\t\t\t\t<\/div>\n\t\t\t\t\t\t\t\t<div class=\"elementor-field-type-url elementor-field-group elementor-column elementor-field-group-wpml_web elementor-col-50\">\n\t\t\t\t\t\t\t\t\t\t\t\t\t<input size=\"1\" type=\"url\" name=\"form_fields[wpml_web]\" id=\"form-field-wpml_web\" class=\"elementor-field elementor-size-md  elementor-field-textual\" placeholder=\"Website URL*\">\n\t\t\t\t\t\t\t\t\t\t\t<\/div>\n\t\t\t\t\t\t\t\t<div class=\"elementor-field-type-textarea elementor-field-group elementor-column elementor-field-group-wpml_nachricht elementor-col-100 elementor-field-required elementor-mark-required\">\n\t\t\t\t\t<textarea class=\"elementor-field-textual elementor-field  elementor-size-md\" name=\"form_fields[wpml_nachricht]\" id=\"form-field-wpml_nachricht\" rows=\"4\" placeholder=\"Ihre Nachricht*\" required=\"required\"><\/textarea>\t\t\t\t<\/div>\n\t\t\t\t\t\t\t\t<div class=\"elementor-field-type-acceptance elementor-field-group elementor-column elementor-field-group-newsletter elementor-col-100\">\n\t\t\t\t\t\t\t<div class=\"elementor-field-subgroup\">\n\t\t\t<span class=\"elementor-field-option\">\n\t\t\t\t<input type=\"checkbox\" name=\"form_fields[newsletter]\" id=\"form-field-newsletter\" class=\"elementor-field elementor-size-md  elementor-acceptance-field\">\n\t\t\t\t<label for=\"form-field-newsletter\"><font size=\"4rem;\">Ich m\u00f6chte zuk\u00fcnftig Neuigkeiten und Experteneinblicke rund um das Thema Sprachdienstleistungen per Newsletter erhalten.<\/font><\/label>\t\t\t<\/span>\n\t\t<\/div>\n\t\t\t\t\t\t<\/div>\n\t\t\t\t\t\t\t\t<div class=\"elementor-field-type-html elementor-field-group elementor-column elementor-field-group-wpml_datenschutz elementor-col-100\">\n\t\t\t\t\t<font size=\"4rem;\" color=\"black\">Mit dem Absenden akzeptieren Sie die Bestimmungen zum <a href=\"https:\/\/www.act-translations.com\/de-de\/datenschutz\/\"><b>Datenschutz<\/b><\/a>.<\/font>\t\t\t\t<\/div>\n\t\t\t\t\t\t\t\t<div class=\"elementor-field-type-hidden elementor-field-group elementor-column elementor-field-group-utm_source elementor-col-100\">\n\t\t\t\t\t\t\t\t\t\t\t\t\t<input size=\"1\" type=\"hidden\" name=\"form_fields[utm_source]\" id=\"form-field-utm_source\" class=\"elementor-field elementor-size-md  elementor-field-textual\">\n\t\t\t\t\t\t\t\t\t\t\t<\/div>\n\t\t\t\t\t\t\t\t<div class=\"elementor-field-type-hidden elementor-field-group elementor-column elementor-field-group-utm_name elementor-col-100\">\n\t\t\t\t\t\t\t\t\t\t\t\t\t<input size=\"1\" type=\"hidden\" name=\"form_fields[utm_name]\" id=\"form-field-utm_name\" class=\"elementor-field elementor-size-md  elementor-field-textual\">\n\t\t\t\t\t\t\t\t\t\t\t<\/div>\n\t\t\t\t\t\t\t\t<div class=\"elementor-field-type-hidden elementor-field-group elementor-column elementor-field-group-utm_medium elementor-col-100\">\n\t\t\t\t\t\t\t\t\t\t\t\t\t<input size=\"1\" type=\"hidden\" name=\"form_fields[utm_medium]\" id=\"form-field-utm_medium\" class=\"elementor-field elementor-size-md  elementor-field-textual\">\n\t\t\t\t\t\t\t\t\t\t\t<\/div>\n\t\t\t\t\t\t\t\t<div class=\"elementor-field-type-hidden elementor-field-group elementor-column elementor-field-group-utm_campaign elementor-col-100\">\n\t\t\t\t\t\t\t\t\t\t\t\t\t<input size=\"1\" type=\"hidden\" name=\"form_fields[utm_campaign]\" id=\"form-field-utm_campaign\" class=\"elementor-field elementor-size-md  elementor-field-textual\">\n\t\t\t\t\t\t\t\t\t\t\t<\/div>\n\t\t\t\t\t\t\t\t<div class=\"elementor-field-type-hidden elementor-field-group elementor-column elementor-field-group-utm_term elementor-col-100\">\n\t\t\t\t\t\t\t\t\t\t\t\t\t<input size=\"1\" type=\"hidden\" name=\"form_fields[utm_term]\" id=\"form-field-utm_term\" class=\"elementor-field elementor-size-md  elementor-field-textual\">\n\t\t\t\t\t\t\t\t\t\t\t<\/div>\n\t\t\t\t\t\t\t\t<div class=\"elementor-field-type-hidden elementor-field-group elementor-column elementor-field-group-gclid elementor-col-100\">\n\t\t\t\t\t\t\t\t\t\t\t\t\t<input size=\"1\" type=\"hidden\" name=\"form_fields[gclid]\" id=\"form-field-gclid\" class=\"elementor-field elementor-size-md  elementor-field-textual\">\n\t\t\t\t\t\t\t\t\t\t\t<\/div>\n\t\t\t\t\t\t\t\t<div class=\"elementor-field-type-hidden elementor-field-group elementor-column elementor-field-group-msclkid elementor-col-100\">\n\t\t\t\t\t\t\t\t\t\t\t\t\t<input size=\"1\" type=\"hidden\" name=\"form_fields[msclkid]\" id=\"form-field-msclkid\" class=\"elementor-field elementor-size-md  elementor-field-textual\">\n\t\t\t\t\t\t\t\t\t\t\t<\/div>\n\t\t\t\t\t\t\t\t<div class=\"elementor-field-type-hidden elementor-field-group elementor-column elementor-field-group-aclk elementor-col-100\">\n\t\t\t\t\t\t\t\t\t\t\t\t\t<input size=\"1\" type=\"hidden\" name=\"form_fields[aclk]\" id=\"form-field-aclk\" class=\"elementor-field elementor-size-md  elementor-field-textual\">\n\t\t\t\t\t\t\t\t\t\t\t<\/div>\n\t\t\t\t\t\t\t\t<div class=\"elementor-field-type-recaptcha_v3 elementor-field-group elementor-column elementor-field-group-field_34f36cf elementor-col-100 recaptcha_v3-bottomright\">\n\t\t\t\t\t<div class=\"elementor-field\" id=\"form-field-field_34f36cf\"><div class=\"elementor-g-recaptcha\" data-sitekey=\"6LcfnYwhAAAAAMeHtMp3obcYVgEJYf6KarLZspf7\" data-type=\"v3\" data-action=\"Form\" data-badge=\"bottomright\" data-size=\"invisible\"><\/div><\/div>\t\t\t\t<\/div>\n\t\t\t\t\t\t\t\t<div class=\"elementor-field-group elementor-column elementor-field-type-submit elementor-col-100 e-form__buttons\">\n\t\t\t\t\t<button class=\"elementor-button elementor-size-sm\" type=\"submit\" id=\"apitoken\">\n\t\t\t\t\t\t<span class=\"elementor-button-content-wrapper\">\n\t\t\t\t\t\t\t\t\t\t\t\t\t\t\t\t\t\t\t\t\t\t<span class=\"elementor-button-text\">API-Token anfordern<\/span>\n\t\t\t\t\t\t\t\t\t\t\t\t\t<\/span>\n\t\t\t\t\t<\/button>\n\t\t\t\t<\/div>\n\t\t\t<\/div>\n\t\t<\/form>\n\t\t\t\t\t\t<\/div>\n\t\t\t\t<div class=\"elementor-element elementor-element-8627d19 elementor-widget elementor-widget-text-editor\" data-id=\"8627d19\" data-element_type=\"widget\" data-e-type=\"widget\" data-widget_type=\"text-editor.default\">\n\t\t\t\t\t\t\t\t\t<p>Haben Sie Fragen zur Authentifizierung von ACT als \u00dcbersetzungsdienst in WPML?<br \/>Oder zum \u00dcbersetzungsmanagement nach erfolgreicher Anbindung?<\/p><p>Sie finden zus\u00e4tzliche Informationen zum Prozess der WPML-\u00dcbersetzungen unter <a href=\"https:\/\/www.act-translations.com\/de-de\/website-lokalisierung-mit-wpml-und-act\/\">WordPress-\u00dcbersetzungen<\/a>.<\/p><p>Unsere Expert:innen f\u00fcr Website-Lokalisierung sind von Montag bis Freitag zwischen 8:00 und 17:00 Uhr pers\u00f6nlich f\u00fcr Sie erreichbar.<\/p><p>Konnten Sie sich noch nicht entscheiden WPML zu installieren? Ihr ACT Projektteam unterst\u00fctzt Sie gern dabei.<\/p><p>Wir freuen uns auf Ihre Anfrage!<\/p><p>Tel.:\u00a0<a href=\"tel:+492161567110\">+49 (0) 2161 56711-0<\/a><br \/>Fax:\u00a0<a href=\"fax:+4921615671199\">+49 (0) 2161 56711-99<\/a><br \/>E-Mail:\u00a0<a href=\"mailto:webloc@act-translations.com\">webloc@act-translations.com<\/a><\/p>\t\t\t\t\t\t\t\t<\/div>\n\t\t\t\t\t<\/div>\n\t\t\t\t<\/div>\n\t\t\t\t<\/div>\n\t\t","protected":false},"excerpt":{"rendered":"<p>Ihr Top-\u00dcbersetzungsdienst f\u00fcr WPML, einfach API Token anfordern, ACT Translations authentifizieren und Website Content \u00fcbersetzen lassen.<\/p>\n","protected":false},"author":1,"featured_media":19716,"parent":0,"menu_order":0,"comment_status":"closed","ping_status":"closed","template":"","meta":{"footnotes":""},"class_list":["post-22233","page","type-page","status-publish","has-post-thumbnail","hentry"],"_links":{"self":[{"href":"https:\/\/www.act-translations.com\/de-ch\/wp-json\/wp\/v2\/pages\/22233","targetHints":{"allow":["GET"]}}],"collection":[{"href":"https:\/\/www.act-translations.com\/de-ch\/wp-json\/wp\/v2\/pages"}],"about":[{"href":"https:\/\/www.act-translations.com\/de-ch\/wp-json\/wp\/v2\/types\/page"}],"author":[{"embeddable":true,"href":"https:\/\/www.act-translations.com\/de-ch\/wp-json\/wp\/v2\/users\/1"}],"replies":[{"embeddable":true,"href":"https:\/\/www.act-translations.com\/de-ch\/wp-json\/wp\/v2\/comments?post=22233"}],"version-history":[{"count":36,"href":"https:\/\/www.act-translations.com\/de-ch\/wp-json\/wp\/v2\/pages\/22233\/revisions"}],"predecessor-version":[{"id":34545,"href":"https:\/\/www.act-translations.com\/de-ch\/wp-json\/wp\/v2\/pages\/22233\/revisions\/34545"}],"wp:featuredmedia":[{"embeddable":true,"href":"https:\/\/www.act-translations.com\/de-ch\/wp-json\/wp\/v2\/media\/19716"}],"wp:attachment":[{"href":"https:\/\/www.act-translations.com\/de-ch\/wp-json\/wp\/v2\/media?parent=22233"}],"curies":[{"name":"wp","href":"https:\/\/api.w.org\/{rel}","templated":true}]}}