{"id":22264,"date":"2023-10-30T16:25:20","date_gmt":"2023-10-30T15:25:20","guid":{"rendered":"https:\/\/www.act-translations.com\/gesellschaftliche-verantwortung\/"},"modified":"2025-05-15T12:28:36","modified_gmt":"2025-05-15T10:28:36","slug":"gesellschaftliche-verantwortung","status":"publish","type":"page","link":"https:\/\/www.act-translations.com\/de-ch\/uebersetzungsunternehmen\/gesellschaftliche-verantwortung\/","title":{"rendered":"Gesellschaftliche Verantwortung"},"content":{"rendered":"\t\t<div data-elementor-type=\"wp-page\" data-elementor-id=\"22264\" class=\"elementor elementor-22264 elementor-15295\" data-elementor-post-type=\"page\">\n\t\t\t\t<div class=\"elementor-element elementor-element-9006520 e-flex e-con-boxed e-con e-parent\" data-id=\"9006520\" data-element_type=\"container\" data-e-type=\"container\" data-settings=\"{&quot;background_background&quot;:&quot;gradient&quot;}\">\n\t\t\t\t\t<div class=\"e-con-inner\">\n\t\t<div class=\"elementor-element elementor-element-3df065c act-gradient e-con-full e-flex elementor-invisible e-con e-child\" data-id=\"3df065c\" data-element_type=\"container\" data-e-type=\"container\" data-settings=\"{&quot;background_background&quot;:&quot;classic&quot;,&quot;animation&quot;:&quot;fadeInLeft&quot;,&quot;animation_delay&quot;:500}\">\n\t\t\t\t<div class=\"elementor-element elementor-element-d85335f elementor-widget__width-inherit elementor-widget elementor-widget-heading\" data-id=\"d85335f\" data-element_type=\"widget\" data-e-type=\"widget\" data-widget_type=\"heading.default\">\n\t\t\t\t\t<div class=\"elementor-heading-title elementor-size-default\">Unternehmen<\/div>\t\t\t\t<\/div>\n\t\t\t\t<div class=\"elementor-element elementor-element-0e1be0a elementor-widget__width-inherit elementor-widget elementor-widget-text-editor\" data-id=\"0e1be0a\" data-element_type=\"widget\" data-e-type=\"widget\" data-widget_type=\"text-editor.default\">\n\t\t\t\t\t\t\t\t\t<p>Wir \u00fcbernehmen Verantwortung \u2013 f\u00fcr Ihre \u00dcbersetzungsprojekte. Aber auch f\u00fcr mehr. Gemeinsam mit unseren Kunden haben wir Projekte geschaffen, die die Welt ein bisschen gr\u00fcner und menschlicher machen.<\/p>\t\t\t\t\t\t\t\t<\/div>\n\t\t\t\t<div class=\"elementor-element elementor-element-50bee52 elementor-widget elementor-widget-global elementor-global-29685 elementor-global-29590 elementor-widget-button\" data-id=\"50bee52\" data-element_type=\"widget\" data-e-type=\"widget\" data-widget_type=\"button.default\">\n\t\t\t\t\t\t\t\t\t\t<a class=\"elementor-button elementor-button-link elementor-size-sm\" href=\"https:\/\/www.act-translations.com\/de-ch\/sofortangebot\/\">\n\t\t\t\t\t\t<span class=\"elementor-button-content-wrapper\">\n\t\t\t\t\t\t\t\t\t<span class=\"elementor-button-text\">Jetzt Angebot einholen<\/span>\n\t\t\t\t\t<\/span>\n\t\t\t\t\t<\/a>\n\t\t\t\t\t\t\t\t<\/div>\n\t\t\t\t<div class=\"elementor-element elementor-element-c533eba elementor-widget-mobile__width-inherit elementor-widget elementor-widget-global elementor-global-22501 elementor-global-15421 elementor-widget-heading\" data-id=\"c533eba\" data-element_type=\"widget\" data-e-type=\"widget\" data-widget_type=\"heading.default\">\n\t\t\t\t\t<p class=\"elementor-heading-title elementor-size-default\">oder<\/p>\t\t\t\t<\/div>\n\t\t\t\t<div class=\"elementor-element elementor-element-ebb72e9 elementor-mobile-align-justify elementor-widget-mobile__width-inherit elementor-widget elementor-widget-global elementor-global-22505 elementor-global-15422 elementor-widget-button\" data-id=\"ebb72e9\" data-element_type=\"widget\" data-e-type=\"widget\" data-widget_type=\"button.default\">\n\t\t\t\t\t\t\t\t\t\t<a class=\"elementor-button elementor-button-link elementor-size-sm\" href=\"https:\/\/www.act-translations.com\/de-ch\/kontakt\/\">\n\t\t\t\t\t\t<span class=\"elementor-button-content-wrapper\">\n\t\t\t\t\t\t\t\t\t<span class=\"elementor-button-text\">Kontakt aufnehmen<\/span>\n\t\t\t\t\t<\/span>\n\t\t\t\t\t<\/a>\n\t\t\t\t\t\t\t\t<\/div>\n\t\t\t\t<\/div>\n\t\t\t\t\t<\/div>\n\t\t\t\t<\/div>\n\t\t<div class=\"elementor-element elementor-element-a52b9c8 e-flex e-con-boxed e-con e-parent\" data-id=\"a52b9c8\" data-element_type=\"container\" data-e-type=\"container\">\n\t\t\t\t\t<div class=\"e-con-inner\">\n\t\t<div class=\"elementor-element elementor-element-7faff53 e-con-full e-flex e-con e-child\" data-id=\"7faff53\" data-element_type=\"container\" data-e-type=\"container\">\n\t\t\t\t<div class=\"elementor-element elementor-element-ba33c0c elementor-widget elementor-widget-breadcrumbs\" data-id=\"ba33c0c\" data-element_type=\"widget\" data-e-type=\"widget\" data-widget_type=\"breadcrumbs.default\">\n\t\t\t\t<div class=\"elementor-widget-container\">\n\t\t\t\t\t<nav aria-label=\"breadcrumbs\" class=\"rank-math-breadcrumb\"><p><span class=\"last\">Home<\/span><\/p><\/nav>\t\t\t\t<\/div>\n\t\t\t\t<\/div>\n\t\t\t\t<div class=\"elementor-element elementor-element-6d89a35 elementor-widget elementor-widget-heading\" data-id=\"6d89a35\" data-element_type=\"widget\" data-e-type=\"widget\" data-widget_type=\"heading.default\">\n\t\t\t\t\t<h2 class=\"elementor-heading-title elementor-size-default\">Mit Herz und Verstand<\/h2>\t\t\t\t<\/div>\n\t\t\t\t<div class=\"elementor-element elementor-element-1a9154d elementor-widget elementor-widget-text-editor\" data-id=\"1a9154d\" data-element_type=\"widget\" data-e-type=\"widget\" data-widget_type=\"text-editor.default\">\n\t\t\t\t\t\t\t\t\t<p>We care \u2013 als Sprachdienstleister liegt uns nicht nur das Wohl unserer Kunden und Mitarbeiter am Herzen. Denn wir haben eine besondere Verantwortung. Sprache verbindet Menschen auf der ganzen Welt, aber nicht alle Menschen haben Zugang zu Informationen in ihrer Sprache.<\/p><p>Wir m\u00f6chten helfen, diese Sprachbarrieren zu \u00fcberwinden. Doch dabei engagieren wir uns auch f\u00fcr die Umwelt.<\/p>\t\t\t\t\t\t\t\t<\/div>\n\t\t\t\t<\/div>\n\t\t\t\t\t<\/div>\n\t\t\t\t<\/div>\n\t\t<div class=\"elementor-element elementor-element-81ab1c9 e-flex e-con-boxed e-con e-parent\" data-id=\"81ab1c9\" data-element_type=\"container\" data-e-type=\"container\">\n\t\t\t\t\t<div class=\"e-con-inner\">\n\t\t\t\t<div class=\"elementor-element elementor-element-d653594 elementor-vertical-align-top elementor-widget elementor-widget-image-box\" data-id=\"d653594\" data-element_type=\"widget\" data-e-type=\"widget\" data-widget_type=\"image-box.default\">\n\t\t\t\t\t<div class=\"elementor-image-box-wrapper\"><div class=\"elementor-image-box-content\"><h2 class=\"elementor-image-box-title\">An die Zukunft denken<\/h2><p class=\"elementor-image-box-description\">Hier m\u00f6chten wir Ihnen die Projekte vorstellen, mit denen wir es gemeinsam mit unseren Kunden und Mitarbeiter:innen schaffen, die Welt ein wenig besser zu machen.<\/p><\/div><\/div>\t\t\t\t<\/div>\n\t\t\t\t\t<\/div>\n\t\t\t\t<\/div>\n\t\t<div class=\"elementor-element elementor-element-922587b e-grid e-con-boxed e-con e-parent\" data-id=\"922587b\" data-element_type=\"container\" data-e-type=\"container\" data-settings=\"{&quot;background_background&quot;:&quot;classic&quot;}\">\n\t\t\t\t\t<div class=\"e-con-inner\">\n\t\t\t\t<div class=\"elementor-element elementor-element-f488ea0 elementor-position-left elementor-vertical-align-middle elementor-widget__width-inherit elementor-widget elementor-widget-image-box\" data-id=\"f488ea0\" data-element_type=\"widget\" data-e-type=\"widget\" data-widget_type=\"image-box.default\">\n\t\t\t\t\t<div class=\"elementor-image-box-wrapper\"><figure class=\"elementor-image-box-img\"><img decoding=\"async\" src=\"https:\/\/www.act-translations.com\/wp-content\/uploads\/gesellschaftliche-verantwortung-sprachdienstleister-corporate-social-responsibility-language-service-provider-actree-wald-forest.webp\" title=\"\" alt=\"\" loading=\"lazy\"><\/figure><div class=\"elementor-image-box-content\"><h2 class=\"elementor-image-box-title\">F\u00fcr eine gr\u00fcnere Welt<\/h2><p class=\"elementor-image-box-description\">Herzlich Willkommen in unserem Unternehmenswald. G\u00f6nnen Sie sich eine kleine Auszeit und besuchen Sie unsere ACTrees. Wir haben f\u00fcr unsere treuen Kunden B\u00e4ume gepflanzt, um einen wichtigen Beitrag f\u00fcr eine bessere Umwelt zu leisten.<br><br>\n\t\t\t<a class=\"elementor-button elementor-button-link\" href=\"https:\/\/tree-nation.com\/de\/profil\/act-fachubersetzungen\" target=\"_blank\" rel=\"noopener\">Zu unserem Wald<\/a><\/p><\/div><\/div>\t\t\t\t<\/div>\n\t\t\t\t<div class=\"elementor-element elementor-element-74d0d2c elementor-position-right elementor-vertical-align-middle elementor-widget__width-inherit elementor-widget elementor-widget-image-box\" data-id=\"74d0d2c\" data-element_type=\"widget\" data-e-type=\"widget\" data-widget_type=\"image-box.default\">\n\t\t\t\t\t<div class=\"elementor-image-box-wrapper\"><figure class=\"elementor-image-box-img\"><img decoding=\"async\" src=\"https:\/\/www.act-translations.com\/wp-content\/uploads\/gesellschaftliche-verantwortung-papierloses-buero-paperless-office-corporate-social-responsibility-language-service-provider-act.webp\" title=\"\" alt=\"\" loading=\"lazy\"><\/figure><div class=\"elementor-image-box-content\"><h2 class=\"elementor-image-box-title\">Paperless Office<br> F\u00fcr eine ges\u00fcndere Welt<\/h2><p class=\"elementor-image-box-description\">Die Ressourcen auf unserem Planeten sind begrenzt. Schon lange sind wir daher ein nahezu papierloses Unternehmen. Aber das reicht uns nicht. Weltoffenheit und ein Blick \u00fcber unseren eigenen Horizont sind die Voraussetzung daf\u00fcr, dass wir einen guten Job machen.<\/p><\/div><\/div>\t\t\t\t<\/div>\n\t\t\t\t<div class=\"elementor-element elementor-element-6ed2c9f elementor-position-left elementor-vertical-align-middle elementor-widget__width-inherit elementor-widget elementor-widget-image-box\" data-id=\"6ed2c9f\" data-element_type=\"widget\" data-e-type=\"widget\" data-widget_type=\"image-box.default\">\n\t\t\t\t\t<div class=\"elementor-image-box-wrapper\"><figure class=\"elementor-image-box-img\"><img decoding=\"async\" src=\"https:\/\/www.act-translations.com\/wp-content\/uploads\/gesellschaftliche-verantwortung-soziales-engagement-sprachdienstleister-corporate-social-responsibility-language-service-provider-social-act.webp\" title=\"\" alt=\"\" loading=\"lazy\"><\/figure><div class=\"elementor-image-box-content\"><h2 class=\"elementor-image-box-title\">Karitatives Engagement f\u00fcr eine menschlichere Welt<\/h2><p class=\"elementor-image-box-description\">Jedes Jahr versucht das gesamte Team, der Gesellschaft durch karitatives Engagement etwas zur\u00fcckzugeben. Meist zum Jahresende stimmt unser Team gemeinsam ab und w\u00e4hlt ein Projekt aus, bei dem wir dazu beitragen k\u00f6nnen, die Welt menschlicher zu machen.<\/p><\/div><\/div>\t\t\t\t<\/div>\n\t\t\t\t\t<\/div>\n\t\t\t\t<\/div>\n\t\t<div class=\"elementor-element elementor-element-1de922f e-con-full e-flex e-con e-parent\" data-id=\"1de922f\" data-element_type=\"container\" data-e-type=\"container\">\n\t\t\t\t<div class=\"elementor-element elementor-element-99ecda3 elementor-widget elementor-widget-template\" data-id=\"99ecda3\" data-element_type=\"widget\" data-e-type=\"widget\" data-widget_type=\"template.default\">\n\t\t\t\t<div class=\"elementor-widget-container\">\n\t\t\t\t\t\t\t<div class=\"elementor-template\">\n\t\t\t\t\t<div data-elementor-type=\"container\" data-elementor-id=\"22497\" class=\"elementor elementor-22497 elementor-15419 elementor-15419\" data-elementor-post-type=\"elementor_library\">\n\t\t\t\t<div class=\"elementor-element elementor-element-4d2599bc e-flex e-con-boxed e-con e-parent\" data-id=\"4d2599bc\" data-element_type=\"container\" data-e-type=\"container\">\n\t\t\t\t\t<div class=\"e-con-inner\">\n\t\t\t\t<div class=\"elementor-element elementor-element-12eb52e4 elementor-widget elementor-widget-heading\" data-id=\"12eb52e4\" data-element_type=\"widget\" data-e-type=\"widget\" data-widget_type=\"heading.default\">\n\t\t\t\t\t<h2 class=\"elementor-heading-title elementor-size-default\">Das k\u00f6nnte Sie auch interessieren!<\/h2>\t\t\t\t<\/div>\n\t\t\t\t<div class=\"elementor-element elementor-element-6c06baa1 elementor-widget elementor-widget-text-editor\" data-id=\"6c06baa1\" data-element_type=\"widget\" data-e-type=\"widget\" data-widget_type=\"text-editor.default\">\n\t\t\t\t\t\t\t\t\t<p>Let us care for you<\/p>\n\t\t\t\t\t\t\t\t<\/div>\n\t\t\t\t<div class=\"elementor-element elementor-element-4426af03 elementor-grid-3 elementor-grid-tablet-2 elementor-grid-mobile-1 elementor-posts--thumbnail-top elementor-card-shadow-yes elementor-posts__hover-gradient elementor-widget elementor-widget-posts\" data-id=\"4426af03\" data-element_type=\"widget\" data-e-type=\"widget\" data-settings=\"{&quot;cards_row_gap&quot;:{&quot;unit&quot;:&quot;px&quot;,&quot;size&quot;:30,&quot;sizes&quot;:[]},&quot;cards_columns&quot;:&quot;3&quot;,&quot;cards_columns_tablet&quot;:&quot;2&quot;,&quot;cards_columns_mobile&quot;:&quot;1&quot;,&quot;cards_row_gap_widescreen&quot;:{&quot;unit&quot;:&quot;px&quot;,&quot;size&quot;:&quot;&quot;,&quot;sizes&quot;:[]},&quot;cards_row_gap_laptop&quot;:{&quot;unit&quot;:&quot;px&quot;,&quot;size&quot;:&quot;&quot;,&quot;sizes&quot;:[]},&quot;cards_row_gap_tablet_extra&quot;:{&quot;unit&quot;:&quot;px&quot;,&quot;size&quot;:&quot;&quot;,&quot;sizes&quot;:[]},&quot;cards_row_gap_tablet&quot;:{&quot;unit&quot;:&quot;px&quot;,&quot;size&quot;:&quot;&quot;,&quot;sizes&quot;:[]},&quot;cards_row_gap_mobile_extra&quot;:{&quot;unit&quot;:&quot;px&quot;,&quot;size&quot;:&quot;&quot;,&quot;sizes&quot;:[]},&quot;cards_row_gap_mobile&quot;:{&quot;unit&quot;:&quot;px&quot;,&quot;size&quot;:&quot;&quot;,&quot;sizes&quot;:[]}}\" data-widget_type=\"posts.cards\">\n\t\t\t\t<div class=\"elementor-widget-container\">\n\t\t\t\t\t\t\t<div class=\"elementor-posts-container elementor-posts elementor-posts--skin-cards elementor-grid\" role=\"list\">\n\t\t\t\t<article class=\"elementor-post elementor-grid-item post-22214 page type-page status-publish has-post-thumbnail hentry\" role=\"listitem\">\n\t\t\t<div class=\"elementor-post__card\">\n\t\t\t\t<a class=\"elementor-post__thumbnail__link\" href=\"https:\/\/www.act-translations.com\/de-ch\/sprachdienstleistungen\/transkreation\/\" tabindex=\"-1\"><div class=\"elementor-post__thumbnail\"><img fetchpriority=\"high\" decoding=\"async\" width=\"2000\" height=\"750\" src=\"https:\/\/www.act-translations.com\/wp-content\/uploads\/transcreation-transkreation-act-translation.webp\" class=\"attachment-full size-full wp-image-19858\" alt=\"\" srcset=\"https:\/\/www.act-translations.com\/wp-content\/uploads\/transcreation-transkreation-act-translation.webp 2000w, https:\/\/www.act-translations.com\/wp-content\/uploads\/transcreation-transkreation-act-translation-300x113.webp 300w, https:\/\/www.act-translations.com\/wp-content\/uploads\/transcreation-transkreation-act-translation-1024x384.webp 1024w, https:\/\/www.act-translations.com\/wp-content\/uploads\/transcreation-transkreation-act-translation-768x288.webp 768w, https:\/\/www.act-translations.com\/wp-content\/uploads\/transcreation-transkreation-act-translation-1536x576.webp 1536w\" sizes=\"(max-width: 2000px) 100vw, 2000px\" title=\"\"><\/div><\/a>\n\t\t\t\t<div class=\"elementor-post__text\">\n\t\t\t\t<h3 class=\"elementor-post__title\">\n\t\t\t<a href=\"https:\/\/www.act-translations.com\/de-ch\/sprachdienstleistungen\/transkreation\/\">\n\t\t\t\tTranskreation \u2013 die kreative \u00dcbersetzung\t\t\t<\/a>\n\t\t<\/h3>\n\t\t\t\t<div class=\"elementor-post__excerpt\">\n\t\t\t<p>Unsere \u00dcbersetzer:innen und Marketingprofis \u00fcbertragen Ihre Texte nicht nur in eine andere Sprache, sondern sorgen auch daf\u00fcr, dass sie an die kulturellen Besonderheiten der Zielgruppe angepasst sind.<\/p>\n\t\t<\/div>\n\t\t\t\t<\/div>\n\t\t\t\t\t<\/div>\n\t\t<\/article>\n\t\t\t\t<article class=\"elementor-post elementor-grid-item post-22217 page type-page status-publish has-post-thumbnail hentry\" role=\"listitem\">\n\t\t\t<div class=\"elementor-post__card\">\n\t\t\t\t<a class=\"elementor-post__thumbnail__link\" href=\"https:\/\/www.act-translations.com\/de-ch\/sprachdienstleistungen\/e-commerce-uebersetzung\/\" tabindex=\"-1\"><div class=\"elementor-post__thumbnail\"><img decoding=\"async\" width=\"1400\" height=\"875\" src=\"https:\/\/www.act-translations.com\/wp-content\/uploads\/webseite-uebersetzen-website-uebersetzen-internetseite-uebersetzen-translate-website.webp\" class=\"attachment-full size-full wp-image-20237\" alt=\"\" srcset=\"https:\/\/www.act-translations.com\/wp-content\/uploads\/webseite-uebersetzen-website-uebersetzen-internetseite-uebersetzen-translate-website.webp 1400w, https:\/\/www.act-translations.com\/wp-content\/uploads\/webseite-uebersetzen-website-uebersetzen-internetseite-uebersetzen-translate-website-300x188.webp 300w, https:\/\/www.act-translations.com\/wp-content\/uploads\/webseite-uebersetzen-website-uebersetzen-internetseite-uebersetzen-translate-website-1024x640.webp 1024w, https:\/\/www.act-translations.com\/wp-content\/uploads\/webseite-uebersetzen-website-uebersetzen-internetseite-uebersetzen-translate-website-768x480.webp 768w\" sizes=\"(max-width: 1400px) 100vw, 1400px\" title=\"\"><\/div><\/a>\n\t\t\t\t<div class=\"elementor-post__text\">\n\t\t\t\t<h3 class=\"elementor-post__title\">\n\t\t\t<a href=\"https:\/\/www.act-translations.com\/de-ch\/sprachdienstleistungen\/e-commerce-uebersetzung\/\">\n\t\t\t\tE-Commerce-\u00dcbersetzung\t\t\t<\/a>\n\t\t<\/h3>\n\t\t\t\t<div class=\"elementor-post__excerpt\">\n\t\t\t<p>Sie m\u00f6chten Ihre Webseite \u00fcbersetzen und suchen einen verl\u00e4sslichen Partner? Unsere Lokalisierungsexperten unterst\u00fctzen Sie professionell bei der Planung und Umsetzung Ihres mehrsprachigen Webauftritts.<\/p>\n\t\t<\/div>\n\t\t\t\t<\/div>\n\t\t\t\t\t<\/div>\n\t\t<\/article>\n\t\t\t\t<article class=\"elementor-post elementor-grid-item post-22221 page type-page status-publish has-post-thumbnail hentry\" role=\"listitem\">\n\t\t\t<div class=\"elementor-post__card\">\n\t\t\t\t<a class=\"elementor-post__thumbnail__link\" href=\"https:\/\/www.act-translations.com\/de-ch\/sprachdienstleistungen\/untertitel-uebersetzung\/\" tabindex=\"-1\"><div class=\"elementor-post__thumbnail\"><img decoding=\"async\" width=\"787\" height=\"795\" src=\"https:\/\/www.act-translations.com\/wp-content\/uploads\/untertitel-uebersetzen-subtitle-translator.webp\" class=\"attachment-full size-full wp-image-19656\" alt=\"\" srcset=\"https:\/\/www.act-translations.com\/wp-content\/uploads\/untertitel-uebersetzen-subtitle-translator.webp 787w, https:\/\/www.act-translations.com\/wp-content\/uploads\/untertitel-uebersetzen-subtitle-translator-297x300.webp 297w, https:\/\/www.act-translations.com\/wp-content\/uploads\/untertitel-uebersetzen-subtitle-translator-768x776.webp 768w\" sizes=\"(max-width: 787px) 100vw, 787px\" title=\"\"><\/div><\/a>\n\t\t\t\t<div class=\"elementor-post__text\">\n\t\t\t\t<h3 class=\"elementor-post__title\">\n\t\t\t<a href=\"https:\/\/www.act-translations.com\/de-ch\/sprachdienstleistungen\/untertitel-uebersetzung\/\">\n\t\t\t\tUntertitel in mehr als 50 Sprachen \u00fcbersetzen\t\t\t<\/a>\n\t\t<\/h3>\n\t\t\t\t<div class=\"elementor-post__excerpt\">\n\t\t\t<p>Schon eine Untertitelung in der Originalsprache ist anspruchsvoll. In einer Fremdsprache umso komplizierter. Unsere erfahrenen Sprachexperten \u00fcbersetzen die Textsequenzen und passen dabei gleichzeitig die Textl\u00e4nge an, da das Auge Informationen etwas langsamer aufnimmt als das Ohr.<\/p>\n\t\t<\/div>\n\t\t\t\t<\/div>\n\t\t\t\t\t<\/div>\n\t\t<\/article>\n\t\t\t\t<\/div>\n\t\t\n\t\t\t\t\t\t<\/div>\n\t\t\t\t<\/div>\n\t\t\t\t<div class=\"elementor-element elementor-element-52b849b5 elementor-align-center elementor-mobile-align-justify elementor-widget elementor-widget-button\" data-id=\"52b849b5\" data-element_type=\"widget\" data-e-type=\"widget\" data-widget_type=\"button.default\">\n\t\t\t\t\t\t\t\t\t\t<a class=\"elementor-button elementor-button-link elementor-size-sm\" href=\"https:\/\/www.act-translations.com\/de-ch\/sprachdienstleistungen\/\">\n\t\t\t\t\t\t<span class=\"elementor-button-content-wrapper\">\n\t\t\t\t\t\t\t\t\t<span class=\"elementor-button-text\">Alle Sprachdienstleistungen<\/span>\n\t\t\t\t\t<\/span>\n\t\t\t\t\t<\/a>\n\t\t\t\t\t\t\t\t<\/div>\n\t\t\t\t\t<\/div>\n\t\t\t\t<\/div>\n\t\t\t\t<\/div>\n\t\t\t\t<\/div>\n\t\t\t\t\t\t<\/div>\n\t\t\t\t<\/div>\n\t\t\t\t<\/div>\n\t\t<div class=\"elementor-element elementor-element-4d40a8b e-con-full e-flex e-con e-parent\" data-id=\"4d40a8b\" data-element_type=\"container\" data-e-type=\"container\">\n\t\t\t\t<div class=\"elementor-element elementor-element-7ac0883 elementor-widget elementor-widget-template\" data-id=\"7ac0883\" data-element_type=\"widget\" data-e-type=\"widget\" data-widget_type=\"template.default\">\n\t\t\t\t<div class=\"elementor-widget-container\">\n\t\t\t\t\t\t\t<div class=\"elementor-template\">\n\t\t\t\t\t<div data-elementor-type=\"container\" data-elementor-id=\"22499\" class=\"elementor elementor-22499 elementor-15420 elementor-15420\" data-elementor-post-type=\"elementor_library\">\n\t\t\t\t<div class=\"elementor-element elementor-element-bc5b7ac e-grid e-con-boxed e-con e-parent\" data-id=\"bc5b7ac\" data-element_type=\"container\" data-e-type=\"container\">\n\t\t\t\t\t<div class=\"e-con-inner\">\n\t\t<div class=\"elementor-element elementor-element-640671f9 e-con-full e-flex e-con e-child\" data-id=\"640671f9\" data-element_type=\"container\" data-e-type=\"container\">\n\t\t\t\t<div class=\"elementor-element elementor-element-3c3e22e5 elementor-widget elementor-widget-heading\" data-id=\"3c3e22e5\" data-element_type=\"widget\" data-e-type=\"widget\" data-widget_type=\"heading.default\">\n\t\t\t\t\t<div class=\"elementor-heading-title elementor-size-default\">D\u00fcrfen wir Sie \npers\u00f6nlich beraten?<\/div>\t\t\t\t<\/div>\n\t\t\t\t<div class=\"elementor-element elementor-element-4e23ca6f elementor-widget elementor-widget-text-editor\" data-id=\"4e23ca6f\" data-element_type=\"widget\" data-e-type=\"widget\" data-widget_type=\"text-editor.default\">\n\t\t\t\t\t\t\t\t\t<p>Ihr:e pers\u00f6nliche:r Ansprechpartner:in ber\u00e4t Sie kompetent und l\u00f6sungsorientiert. Mit modernster Technologie und Sprachgef\u00fchl sorgen wir f\u00fcr fachspezifische und punktgenaue \u00dcbersetzungen.<br \/>Absolute Termintreue und eine unkomplizierte Umsetzung Ihrer<br \/>Projekte geh\u00f6ren ebenso zu unserem Qualit\u00e4tsanspruch. Unser \u00dcbersetzungsservice kann eben einfach mehr.<\/p>\t\t\t\t\t\t\t\t<\/div>\n\t\t\t\t<\/div>\n\t\t<div class=\"elementor-element elementor-element-2f9d05d5 e-con-full e-flex e-con e-child\" data-id=\"2f9d05d5\" data-element_type=\"container\" data-e-type=\"container\">\n\t\t\t\t<div class=\"elementor-element elementor-element-7c535fd elementor-position-top elementor-widget elementor-widget-image-box\" data-id=\"7c535fd\" data-element_type=\"widget\" data-e-type=\"widget\" data-widget_type=\"image-box.default\">\n\t\t\t\t\t<div class=\"elementor-image-box-wrapper\"><figure class=\"elementor-image-box-img\"><img decoding=\"async\" src=\"https:\/\/www.act-translations.com\/wp-content\/uploads\/ihre-ansprechpartner-sprachdienstleister-your-contact-person-language-key-account-manager-act.webp\" title=\"\" alt=\"\" loading=\"lazy\"><\/figure><div class=\"elementor-image-box-content\"><div class=\"elementor-image-box-title\">Hallo, mein Name ist Kirti Sawhney-Kersten.<br>Wie kann ich Ihnen weiterhelfen?<\/div><p class=\"elementor-image-box-description\">Kirti Sawhney-Kersten, Key Account Manager<\/p><\/div><\/div>\t\t\t\t<\/div>\n\t\t\t\t<div class=\"elementor-element elementor-element-7c77a8 elementor-widget elementor-widget-text-editor\" data-id=\"7c77a8\" data-element_type=\"widget\" data-e-type=\"widget\" data-widget_type=\"text-editor.default\">\n\t\t\t\t\t\t\t\t\t<p>Tel: <a href=\"tel:+4921615671159\">+49 2161 56711 &#8211; 59<\/a> <br \/>Email: <a href=\"mailto:k.sawhney-kersten@act-translations.com\">k.sawhney-kersten@act-translations.com<\/a><\/p>\t\t\t\t\t\t\t\t<\/div>\n\t\t\t\t<\/div>\n\t\t\t\t\t<\/div>\n\t\t\t\t<\/div>\n\t\t\t\t<\/div>\n\t\t\t\t<\/div>\n\t\t\t\t\t\t<\/div>\n\t\t\t\t<\/div>\n\t\t\t\t<\/div>\n\t\t\t\t<\/div>\n\t\t","protected":false},"excerpt":{"rendered":"<p>Wir \u00fcbernehmen Verantwortung \u2013 f\u00fcr Ihre \u00dcbersetzungsprojekte. Aber auch f\u00fcr mehr. Gemeinsam mit unseren Kunden haben wir Projekte geschaffen, die die Welt ein bisschen gr\u00fcner und menschlicher machen.<\/p>\n","protected":false},"author":1,"featured_media":20404,"parent":22276,"menu_order":0,"comment_status":"closed","ping_status":"closed","template":"","meta":{"footnotes":""},"class_list":["post-22264","page","type-page","status-publish","has-post-thumbnail","hentry"],"_links":{"self":[{"href":"https:\/\/www.act-translations.com\/de-ch\/wp-json\/wp\/v2\/pages\/22264","targetHints":{"allow":["GET"]}}],"collection":[{"href":"https:\/\/www.act-translations.com\/de-ch\/wp-json\/wp\/v2\/pages"}],"about":[{"href":"https:\/\/www.act-translations.com\/de-ch\/wp-json\/wp\/v2\/types\/page"}],"author":[{"embeddable":true,"href":"https:\/\/www.act-translations.com\/de-ch\/wp-json\/wp\/v2\/users\/1"}],"replies":[{"embeddable":true,"href":"https:\/\/www.act-translations.com\/de-ch\/wp-json\/wp\/v2\/comments?post=22264"}],"version-history":[{"count":6,"href":"https:\/\/www.act-translations.com\/de-ch\/wp-json\/wp\/v2\/pages\/22264\/revisions"}],"predecessor-version":[{"id":31413,"href":"https:\/\/www.act-translations.com\/de-ch\/wp-json\/wp\/v2\/pages\/22264\/revisions\/31413"}],"up":[{"embeddable":true,"href":"https:\/\/www.act-translations.com\/de-ch\/wp-json\/wp\/v2\/pages\/22276"}],"wp:featuredmedia":[{"embeddable":true,"href":"https:\/\/www.act-translations.com\/de-ch\/wp-json\/wp\/v2\/media\/20404"}],"wp:attachment":[{"href":"https:\/\/www.act-translations.com\/de-ch\/wp-json\/wp\/v2\/media?parent=22264"}],"curies":[{"name":"wp","href":"https:\/\/api.w.org\/{rel}","templated":true}]}}