{"id":22275,"date":"2023-10-24T09:44:39","date_gmt":"2023-10-24T07:44:39","guid":{"rendered":"https:\/\/www.act-translations.com\/ansprechpartner\/"},"modified":"2025-05-15T12:27:13","modified_gmt":"2025-05-15T10:27:13","slug":"ansprechpartner","status":"publish","type":"page","link":"https:\/\/www.act-translations.com\/de-ch\/uebersetzungsunternehmen\/ansprechpartner\/","title":{"rendered":"Ihre Ansprechpartner:innen"},"content":{"rendered":"\t\t<div data-elementor-type=\"wp-page\" data-elementor-id=\"22275\" class=\"elementor elementor-22275 elementor-15310\" data-elementor-post-type=\"page\">\n\t\t\t\t<div class=\"elementor-element elementor-element-9006520 e-flex e-con-boxed e-con e-parent\" data-id=\"9006520\" data-element_type=\"container\" data-e-type=\"container\" data-settings=\"{&quot;background_background&quot;:&quot;gradient&quot;}\">\n\t\t\t\t\t<div class=\"e-con-inner\">\n\t\t<div class=\"elementor-element elementor-element-3df065c act-gradient e-con-full e-flex elementor-invisible e-con e-child\" data-id=\"3df065c\" data-element_type=\"container\" data-e-type=\"container\" data-settings=\"{&quot;background_background&quot;:&quot;classic&quot;,&quot;animation&quot;:&quot;fadeInLeft&quot;,&quot;animation_delay&quot;:500}\">\n\t\t\t\t<div class=\"elementor-element elementor-element-d85335f elementor-widget__width-inherit elementor-widget elementor-widget-heading\" data-id=\"d85335f\" data-element_type=\"widget\" data-e-type=\"widget\" data-widget_type=\"heading.default\">\n\t\t\t\t\t<div class=\"elementor-heading-title elementor-size-default\">Unternehmen<\/div>\t\t\t\t<\/div>\n\t\t\t\t<div class=\"elementor-element elementor-element-0e1be0a elementor-widget__width-inherit elementor-widget elementor-widget-text-editor\" data-id=\"0e1be0a\" data-element_type=\"widget\" data-e-type=\"widget\" data-widget_type=\"text-editor.default\">\n\t\t\t\t\t\t\t\t\t<p>Sprechen Sie uns an. Full-Service-Dienstleistungen bedeuten f\u00fcr uns vor allem auch individuelle Beratung.<\/p>\t\t\t\t\t\t\t\t<\/div>\n\t\t\t\t<\/div>\n\t\t\t\t\t<\/div>\n\t\t\t\t<\/div>\n\t\t<div class=\"elementor-element elementor-element-a52b9c8 e-flex e-con-boxed e-con e-parent\" data-id=\"a52b9c8\" data-element_type=\"container\" data-e-type=\"container\">\n\t\t\t\t\t<div class=\"e-con-inner\">\n\t\t<div class=\"elementor-element elementor-element-7faff53 e-con-full e-flex e-con e-child\" data-id=\"7faff53\" data-element_type=\"container\" data-e-type=\"container\">\n\t\t\t\t<div class=\"elementor-element elementor-element-ba33c0c elementor-widget elementor-widget-breadcrumbs\" data-id=\"ba33c0c\" data-element_type=\"widget\" data-e-type=\"widget\" data-widget_type=\"breadcrumbs.default\">\n\t\t\t\t<div class=\"elementor-widget-container\">\n\t\t\t\t\t<nav aria-label=\"breadcrumbs\" class=\"rank-math-breadcrumb\"><p><span class=\"last\">Home<\/span><\/p><\/nav>\t\t\t\t<\/div>\n\t\t\t\t<\/div>\n\t\t\t\t<div class=\"elementor-element elementor-element-6d89a35 elementor-widget elementor-widget-heading\" data-id=\"6d89a35\" data-element_type=\"widget\" data-e-type=\"widget\" data-widget_type=\"heading.default\">\n\t\t\t\t\t<h2 class=\"elementor-heading-title elementor-size-default\">Immer f\u00fcr Sie da<\/h2>\t\t\t\t<\/div>\n\t\t\t\t<div class=\"elementor-element elementor-element-1a9154d elementor-widget elementor-widget-text-editor\" data-id=\"1a9154d\" data-element_type=\"widget\" data-e-type=\"widget\" data-widget_type=\"text-editor.default\">\n\t\t\t\t\t\t\t\t\t<p>Ihre pers\u00f6nlichen Ansprechpartner:innen bei uns beraten Sie von Anfang an vollumf\u00e4nglich und betreuen Ihr \u00dcbersetzungsprojekt von der Angebotserstellung bis zur fertigen \u00dcbersetzung.<\/p><p>Ihre W\u00fcnsche und Terminvorgaben stehen f\u00fcr uns immer im Mittelpunkt.<br \/>Wir stellen sicher, dass Sie immer genau die Sprachdienstleistungen erhalten, die Sie ben\u00f6tigen. Kontaktieren Sie uns gern direkt f\u00fcr Preislisten, Rahmenvertr\u00e4ge und individuelle Beratungsgespr\u00e4che.<\/p>\t\t\t\t\t\t\t\t<\/div>\n\t\t\t\t<\/div>\n\t\t\t\t\t<\/div>\n\t\t\t\t<\/div>\n\t\t<div class=\"elementor-element elementor-element-e2373d1 e-grid e-con-boxed e-con e-parent\" data-id=\"e2373d1\" data-element_type=\"container\" data-e-type=\"container\">\n\t\t\t\t\t<div class=\"e-con-inner\">\n\t\t<div class=\"elementor-element elementor-element-915cd3f act-gradient e-con-full e-flex e-con e-child\" data-id=\"915cd3f\" data-element_type=\"container\" data-e-type=\"container\">\n\t\t\t\t<div class=\"elementor-element elementor-element-332cedc elementor-position-inline-start elementor-widget__width-initial elementor-widget-mobile__width-inherit elementor-view-default elementor-mobile-position-block-start elementor-widget elementor-widget-icon-box\" data-id=\"332cedc\" data-element_type=\"widget\" data-e-type=\"widget\" data-widget_type=\"icon-box.default\">\n\t\t\t\t\t\t\t<div class=\"elementor-icon-box-wrapper\">\n\n\t\t\t\t\t\t<div class=\"elementor-icon-box-icon\">\n\t\t\t\t<span  class=\"elementor-icon\">\n\t\t\t\t\t\t\t\t<\/span>\n\t\t\t<\/div>\n\t\t\t\n\t\t\t\t\t\t<div class=\"elementor-icon-box-content\">\n\n\t\t\t\t\t\t\t\t\t<h3 class=\"elementor-icon-box-title\">\n\t\t\t\t\t\t<span  >\n\t\t\t\t\t\t\tKreativ\t\t\t\t\t\t<\/span>\n\t\t\t\t\t<\/h3>\n\t\t\t\t\n\t\t\t\t\t\t\t\t\t<p class=\"elementor-icon-box-description\">\n\t\t\t\t\t\tSeit \u00fcber 20 Jahren betreue ich internationale Kunden aus den unterschiedlichsten Branchen und unterst\u00fctze sie mit einer gro\u00dfen Bandbreite von Sprachdienstleistungen bei ihren globalen Aktivit\u00e4ten. Meine Leidenschaft f\u00fcr alles, was mit Sprachen zu tun hat, meine Kreativit\u00e4t, sowie meine langj\u00e4hrige Erfahrung als \u00dcbersetzerin, Projektmanagerin und Key Account Managerin erm\u00f6glichen mir, alle Aspekte der Kundenanforderungen zu verstehen und individuelle L\u00f6sungen anzubieten. Mit dem Blick f\u00fcr das Ganze, offener Kommunikation und pers\u00f6nlicher Abstimmung sorge ich daf\u00fcr, dass keine Kundenw\u00fcnsche offenbleiben.\t\t\t\t\t<\/p>\n\t\t\t\t\n\t\t\t<\/div>\n\t\t\t\n\t\t<\/div>\n\t\t\t\t\t\t<\/div>\n\t\t\t\t<div class=\"elementor-element elementor-element-8227d1c elementor-widget__width-initial elementor-widget-mobile__width-inherit elementor-position-top elementor-widget elementor-widget-image-box\" data-id=\"8227d1c\" data-element_type=\"widget\" data-e-type=\"widget\" data-widget_type=\"image-box.default\">\n\t\t\t\t\t<div class=\"elementor-image-box-wrapper\"><figure class=\"elementor-image-box-img\"><img decoding=\"async\" src=\"https:\/\/www.act-translations.com\/wp-content\/uploads\/ihre-ansprechpartner-sprachdienstleister-your-contact-person-language-key-account-manager-act.webp\" title=\"\" alt=\"\" loading=\"lazy\"><\/figure><div class=\"elementor-image-box-content\"><h5 class=\"elementor-image-box-title\">Kirti Sawhney-Kersten<\/h5><p class=\"elementor-image-box-description\">Key Account Manager\n<br><br>\nTel: <a href=\"tel:+4921615671159\">+ 49 2161 567 11 - 59<\/a><br>\nEmail: <a href=\"mailto:k.sawhney-kersten@act-translations.com\">k.sawhney-kersten@act-translations.com<\/a><br><\/p><\/div><\/div>\t\t\t\t<\/div>\n\t\t\t\t<\/div>\n\t\t<div class=\"elementor-element elementor-element-b57584d act-gradient e-con-full e-flex e-con e-child\" data-id=\"b57584d\" data-element_type=\"container\" data-e-type=\"container\">\n\t\t\t\t<div class=\"elementor-element elementor-element-ad36ec2 elementor-position-inline-start elementor-widget__width-initial elementor-widget-mobile__width-inherit elementor-view-default elementor-mobile-position-block-start elementor-widget elementor-widget-icon-box\" data-id=\"ad36ec2\" data-element_type=\"widget\" data-e-type=\"widget\" data-widget_type=\"icon-box.default\">\n\t\t\t\t\t\t\t<div class=\"elementor-icon-box-wrapper\">\n\n\t\t\t\t\t\t<div class=\"elementor-icon-box-icon\">\n\t\t\t\t<span  class=\"elementor-icon\">\n\t\t\t\t\t\t\t\t<\/span>\n\t\t\t<\/div>\n\t\t\t\n\t\t\t\t\t\t<div class=\"elementor-icon-box-content\">\n\n\t\t\t\t\t\t\t\t\t<h3 class=\"elementor-icon-box-title\">\n\t\t\t\t\t\t<span  >\n\t\t\t\t\t\t\tFair\t\t\t\t\t\t<\/span>\n\t\t\t\t\t<\/h3>\n\t\t\t\t\n\t\t\t\t\t\t\t\t\t<p class=\"elementor-icon-box-description\">\n\t\t\t\t\t\tMeine jahrzehntelange Erfahrung im Bereich \u00dcbersetzungen erm\u00f6glicht mir ein hohes Ma\u00df an Einf\u00fchlungsverm\u00f6gen f\u00fcr die Branche.\nMir ist es wichtig, dass unsere Freelancer:innen gerne und zu fairen Konditionen f\u00fcr uns arbeiten und von uns den vollen Rundum-Service erhalten. Ebenso liegt es mir am Herzen, durch meine Arbeit sicherzustellen, dass unsere Kunden \u00dcbersetzungen von hervorragender Qualit\u00e4t erhalten.\t\t\t\t\t<\/p>\n\t\t\t\t\n\t\t\t<\/div>\n\t\t\t\n\t\t<\/div>\n\t\t\t\t\t\t<\/div>\n\t\t\t\t<div class=\"elementor-element elementor-element-c02d8fb elementor-widget__width-initial elementor-widget-mobile__width-inherit elementor-position-top elementor-widget elementor-widget-image-box\" data-id=\"c02d8fb\" data-element_type=\"widget\" data-e-type=\"widget\" data-widget_type=\"image-box.default\">\n\t\t\t\t\t<div class=\"elementor-image-box-wrapper\"><figure class=\"elementor-image-box-img\"><img decoding=\"async\" src=\"https:\/\/www.act-translations.com\/wp-content\/uploads\/ihre-ansprechpartner-sprachdienstleister-your-contact-person-vendor-manager-act.webp\" title=\"\" alt=\"\" loading=\"lazy\"><\/figure><div class=\"elementor-image-box-content\"><h5 class=\"elementor-image-box-title\">Vanessa Ballacchino<\/h5><p class=\"elementor-image-box-description\">Vendor Manager\n<br><br>\nTel: <a href=\"tel:+4921615671162\">+ 49 2161 567 11 - 62<\/a><br>\nEmail: <a href=\"mailto:v.ballacchino@act-translations.com\">v.ballacchino@act-translations.com<\/a><br><\/p><\/div><\/div>\t\t\t\t<\/div>\n\t\t\t\t<\/div>\n\t\t<div class=\"elementor-element elementor-element-27ca37e act-gradient e-con-full e-flex e-con e-child\" data-id=\"27ca37e\" data-element_type=\"container\" data-e-type=\"container\">\n\t\t\t\t<div class=\"elementor-element elementor-element-790c7f7 elementor-position-inline-start elementor-widget__width-initial elementor-widget-mobile__width-inherit elementor-view-default elementor-mobile-position-block-start elementor-widget elementor-widget-icon-box\" data-id=\"790c7f7\" data-element_type=\"widget\" data-e-type=\"widget\" data-widget_type=\"icon-box.default\">\n\t\t\t\t\t\t\t<div class=\"elementor-icon-box-wrapper\">\n\n\t\t\t\t\t\t<div class=\"elementor-icon-box-icon\">\n\t\t\t\t<span  class=\"elementor-icon\">\n\t\t\t\t\t\t\t\t<\/span>\n\t\t\t<\/div>\n\t\t\t\n\t\t\t\t\t\t<div class=\"elementor-icon-box-content\">\n\n\t\t\t\t\t\t\t\t\t<h3 class=\"elementor-icon-box-title\">\n\t\t\t\t\t\t<span  >\n\t\t\t\t\t\t\tUnkompliziert\t\t\t\t\t\t<\/span>\n\t\t\t\t\t<\/h3>\n\t\t\t\t\n\t\t\t\t\t\t\t\t\t<p class=\"elementor-icon-box-description\">\n\t\t\t\t\t\tAls Kauffrau f\u00fcr B\u00fcrokommunikation sorge ich bei ACT f\u00fcr reibungslose Abl\u00e4ufe. Dabei habe ich immer ein L\u00e4cheln auf den Lippen. Mir ist wichtig, dass meine Kolleg:innen alles haben, was sie brauchen, um unsere Kunden gut beraten zu k\u00f6nnen. Denn nur, wenn das Team zufrieden ist, kann sich jeder voll und ganz auf unsere Kunden konzentrieren.\t\t\t\t\t<\/p>\n\t\t\t\t\n\t\t\t<\/div>\n\t\t\t\n\t\t<\/div>\n\t\t\t\t\t\t<\/div>\n\t\t\t\t<div class=\"elementor-element elementor-element-863615b elementor-widget__width-initial elementor-widget-mobile__width-inherit elementor-position-top elementor-widget elementor-widget-image-box\" data-id=\"863615b\" data-element_type=\"widget\" data-e-type=\"widget\" data-widget_type=\"image-box.default\">\n\t\t\t\t\t<div class=\"elementor-image-box-wrapper\"><figure class=\"elementor-image-box-img\"><img decoding=\"async\" width=\"200\" height=\"200\" src=\"https:\/\/www.act-translations.com\/wp-content\/uploads\/ihre-ansprechpartner-sprachdienstleister-your-contact-person-office-manager-act.webp\" class=\"attachment-full size-full wp-image-19847\" alt=\"\" title=\"\" srcset=\"https:\/\/www.act-translations.com\/wp-content\/uploads\/ihre-ansprechpartner-sprachdienstleister-your-contact-person-office-manager-act.webp 200w, https:\/\/www.act-translations.com\/wp-content\/uploads\/ihre-ansprechpartner-sprachdienstleister-your-contact-person-office-manager-act-150x150.webp 150w\" sizes=\"(max-width: 200px) 100vw, 200px\" \/><\/figure><div class=\"elementor-image-box-content\"><p class=\"elementor-image-box-description\">Kauffrau f\u00fcr B\u00fcrokommunikation\nOffice Manager\n<br><br>\nTel: <a href=\"tel:+492161567110\">+ 49 2161 567 11 - 0<\/a><br>\nEmail: <a href=\"mailto:office@act-translations.com\">office@act-translations.com<\/a><br><\/p><\/div><\/div>\t\t\t\t<\/div>\n\t\t\t\t<\/div>\n\t\t<div class=\"elementor-element elementor-element-5a29cf9 act-gradient e-con-full e-flex e-con e-child\" data-id=\"5a29cf9\" data-element_type=\"container\" data-e-type=\"container\">\n\t\t\t\t<div class=\"elementor-element elementor-element-d9e3979 elementor-position-inline-start elementor-widget__width-initial elementor-widget-mobile__width-inherit elementor-view-default elementor-mobile-position-block-start elementor-widget elementor-widget-icon-box\" data-id=\"d9e3979\" data-element_type=\"widget\" data-e-type=\"widget\" data-widget_type=\"icon-box.default\">\n\t\t\t\t\t\t\t<div class=\"elementor-icon-box-wrapper\">\n\n\t\t\t\t\t\t<div class=\"elementor-icon-box-icon\">\n\t\t\t\t<span  class=\"elementor-icon\">\n\t\t\t\t\t\t\t\t<\/span>\n\t\t\t<\/div>\n\t\t\t\n\t\t\t\t\t\t<div class=\"elementor-icon-box-content\">\n\n\t\t\t\t\t\t\t\t\t<h3 class=\"elementor-icon-box-title\">\n\t\t\t\t\t\t<span  >\n\t\t\t\t\t\t\tRichtungsweisend\t\t\t\t\t\t<\/span>\n\t\t\t\t\t<\/h3>\n\t\t\t\t\n\t\t\t\t\t\t\t\t\t<p class=\"elementor-icon-box-description\">\n\t\t\t\t\t\tSeit 20 Jahren gestalte ich die Entwicklung von ACT mit. Zuletzt als Chief Digital Officer sorge ich daf\u00fcr, dass ACT in Puncto Digitalisierung und Automatisierung auf dem neuesten Stand der Technologie bleibt. Die rasanten Ver\u00e4nderungen und Herausforderungen in diesem Bereich habe ich immer als Chance empfunden. Mich zeichnen kreative und unkonventionelle L\u00f6sungen aus. Ich schaffe eine solide Ebene mit modernster Technologie, um die Dynamik von ACT weiterhin voranzutreiben. So sorge ich daf\u00fcr, dass unsere Mitarbeiter:innen und Kunden sich wohlf\u00fchlen und ihre Daten immer in sicheren H\u00e4nden sind.\t\t\t\t\t<\/p>\n\t\t\t\t\n\t\t\t<\/div>\n\t\t\t\n\t\t<\/div>\n\t\t\t\t\t\t<\/div>\n\t\t<div class=\"elementor-element elementor-element-255f744 e-con-full e-flex e-con e-child\" data-id=\"255f744\" data-element_type=\"container\" data-e-type=\"container\">\n\t\t\t\t<div class=\"elementor-element elementor-element-309e496 elementor-widget__width-inherit elementor-widget-mobile__width-inherit elementor-position-top elementor-widget elementor-widget-image-box\" data-id=\"309e496\" data-element_type=\"widget\" data-e-type=\"widget\" data-widget_type=\"image-box.default\">\n\t\t\t\t\t<div class=\"elementor-image-box-wrapper\"><figure class=\"elementor-image-box-img\"><img decoding=\"async\" src=\"https:\/\/www.act-translations.com\/wp-content\/uploads\/ihre-ansprechpartner-sprachdienstleister-your-contact-person-chief-digital-officer-act.webp\" title=\"\" alt=\"\" loading=\"lazy\"><\/figure><div class=\"elementor-image-box-content\"><h5 class=\"elementor-image-box-title\">H\u00fcseyin U\u011furel<\/h5><p class=\"elementor-image-box-description\">Chief Digital Officer<\/p><\/div><\/div>\t\t\t\t<\/div>\n\t\t\t\t<div class=\"elementor-element elementor-element-507d8a6 elementor-view-stacked elementor-position-inline-start elementor-widget__width-inherit elementor-shape-circle elementor-mobile-position-block-start elementor-widget elementor-widget-icon-box\" data-id=\"507d8a6\" data-element_type=\"widget\" data-e-type=\"widget\" data-widget_type=\"icon-box.default\">\n\t\t\t\t\t\t\t<div class=\"elementor-icon-box-wrapper\">\n\n\t\t\t\t\t\t<div class=\"elementor-icon-box-icon\">\n\t\t\t\t<a href=\"tel:+492161%205671142\" class=\"elementor-icon\" tabindex=\"-1\" aria-label=\"+49 2161 567 11 - 42\">\n\t\t\t\t<svg aria-hidden=\"true\" class=\"e-font-icon-svg e-fas-phone\" viewBox=\"0 0 512 512\" xmlns=\"http:\/\/www.w3.org\/2000\/svg\"><path d=\"M493.4 24.6l-104-24c-11.3-2.6-22.9 3.3-27.5 13.9l-48 112c-4.2 9.8-1.4 21.3 6.9 28l60.6 49.6c-36 76.7-98.9 140.5-177.2 177.2l-49.6-60.6c-6.8-8.3-18.2-11.1-28-6.9l-112 48C3.9 366.5-2 378.1.6 389.4l24 104C27.1 504.2 36.7 512 48 512c256.1 0 464-207.5 464-464 0-11.2-7.7-20.9-18.6-23.4z\"><\/path><\/svg>\t\t\t\t<\/a>\n\t\t\t<\/div>\n\t\t\t\n\t\t\t\t\t\t<div class=\"elementor-icon-box-content\">\n\n\t\t\t\t\t\t\t\t\t<h3 class=\"elementor-icon-box-title\">\n\t\t\t\t\t\t<a href=\"tel:+492161%205671142\" >\n\t\t\t\t\t\t\t+49 2161 567 11 - 42\t\t\t\t\t\t<\/a>\n\t\t\t\t\t<\/h3>\n\t\t\t\t\n\t\t\t\t\n\t\t\t<\/div>\n\t\t\t\n\t\t<\/div>\n\t\t\t\t\t\t<\/div>\n\t\t\t\t<div class=\"elementor-element elementor-element-ff6e3b7 elementor-view-stacked elementor-position-inline-start elementor-widget__width-inherit elementor-shape-circle elementor-mobile-position-block-start elementor-widget elementor-widget-icon-box\" data-id=\"ff6e3b7\" data-element_type=\"widget\" data-e-type=\"widget\" data-widget_type=\"icon-box.default\">\n\t\t\t\t\t\t\t<div class=\"elementor-icon-box-wrapper\">\n\n\t\t\t\t\t\t<div class=\"elementor-icon-box-icon\">\n\t\t\t\t<a href=\"mailto:h.ugurel@act-translations.com\" class=\"elementor-icon\" tabindex=\"-1\" aria-label=\"h.ugurel@act-translations.com\">\n\t\t\t\t<svg aria-hidden=\"true\" class=\"e-font-icon-svg e-far-envelope\" viewBox=\"0 0 512 512\" xmlns=\"http:\/\/www.w3.org\/2000\/svg\"><path d=\"M464 64H48C21.49 64 0 85.49 0 112v288c0 26.51 21.49 48 48 48h416c26.51 0 48-21.49 48-48V112c0-26.51-21.49-48-48-48zm0 48v40.805c-22.422 18.259-58.168 46.651-134.587 106.49-16.841 13.247-50.201 45.072-73.413 44.701-23.208.375-56.579-31.459-73.413-44.701C106.18 199.465 70.425 171.067 48 152.805V112h416zM48 400V214.398c22.914 18.251 55.409 43.862 104.938 82.646 21.857 17.205 60.134 55.186 103.062 54.955 42.717.231 80.509-37.199 103.053-54.947 49.528-38.783 82.032-64.401 104.947-82.653V400H48z\"><\/path><\/svg>\t\t\t\t<\/a>\n\t\t\t<\/div>\n\t\t\t\n\t\t\t\t\t\t<div class=\"elementor-icon-box-content\">\n\n\t\t\t\t\t\t\t\t\t<h3 class=\"elementor-icon-box-title\">\n\t\t\t\t\t\t<a href=\"mailto:h.ugurel@act-translations.com\" >\n\t\t\t\t\t\t\th.ugurel@act-translations.com\t\t\t\t\t\t<\/a>\n\t\t\t\t\t<\/h3>\n\t\t\t\t\n\t\t\t\t\n\t\t\t<\/div>\n\t\t\t\n\t\t<\/div>\n\t\t\t\t\t\t<\/div>\n\t\t\t\t<\/div>\n\t\t\t\t<\/div>\n\t\t<div class=\"elementor-element elementor-element-532ef17 act-gradient e-con-full e-flex e-con e-child\" data-id=\"532ef17\" data-element_type=\"container\" data-e-type=\"container\">\n\t\t\t\t<div class=\"elementor-element elementor-element-1cc079f elementor-position-inline-start elementor-widget__width-initial elementor-widget-mobile__width-inherit elementor-view-default elementor-mobile-position-block-start elementor-widget elementor-widget-icon-box\" data-id=\"1cc079f\" data-element_type=\"widget\" data-e-type=\"widget\" data-widget_type=\"icon-box.default\">\n\t\t\t\t\t\t\t<div class=\"elementor-icon-box-wrapper\">\n\n\t\t\t\t\t\t<div class=\"elementor-icon-box-icon\">\n\t\t\t\t<span  class=\"elementor-icon\">\n\t\t\t\t\t\t\t\t<\/span>\n\t\t\t<\/div>\n\t\t\t\n\t\t\t\t\t\t<div class=\"elementor-icon-box-content\">\n\n\t\t\t\t\t\t\t\t\t<h3 class=\"elementor-icon-box-title\">\n\t\t\t\t\t\t<span  >\n\t\t\t\t\t\t\tStrategisch\t\t\t\t\t\t<\/span>\n\t\t\t\t\t<\/h3>\n\t\t\t\t\n\t\t\t\t\t\t\t\t\t<p class=\"elementor-icon-box-description\">\n\t\t\t\t\t\tDass ich mal ein so erfolgreiches Unternehmen gr\u00fcnde und leite, ist eine lange Geschichte, so wie die Geschichten aller Gr\u00fcnder. Schwei\u00df, Risiko, Verluste, alles auf eine Karte setzen und viele schlaflose N\u00e4chte. Heute habe ich ein starkes Team hinter mir.\nDas Ziel, alles auf Langfristigkeit auszurichten habe ich nach 30 Jahren am Markt erreicht, doch ist es f\u00fcr mich erst der Anfang. Solide Partner, sehr zufriedene Kunden und gl\u00fcckliche Mitarbeiter:innen sind nach wie vor der Fokus meiner Strategie.\t\t\t\t\t<\/p>\n\t\t\t\t\n\t\t\t<\/div>\n\t\t\t\n\t\t<\/div>\n\t\t\t\t\t\t<\/div>\n\t\t\t\t<div class=\"elementor-element elementor-element-2b777cc elementor-widget__width-initial elementor-widget-mobile__width-inherit elementor-position-top elementor-widget elementor-widget-image-box\" data-id=\"2b777cc\" data-element_type=\"widget\" data-e-type=\"widget\" data-widget_type=\"image-box.default\">\n\t\t\t\t\t<div class=\"elementor-image-box-wrapper\"><figure class=\"elementor-image-box-img\"><img decoding=\"async\" src=\"https:\/\/www.act-translations.com\/wp-content\/uploads\/ihre-ansprechpartner-sprachdienstleister-your-contact-person-ceo-act.webp\" title=\"\" alt=\"\" loading=\"lazy\"><\/figure><div class=\"elementor-image-box-content\"><h5 class=\"elementor-image-box-title\">Cumali Teknetas<\/h5><p class=\"elementor-image-box-description\">CEO Managing Director\n<br><br>\nTel: <a href=\"tel:+492161567110\">+ 49 2161 567 11 - 0<\/a><br>\nEmail: <a href=\"mailto:info@act-translations.com\">info@act-translations.com<\/a><br><\/p><\/div><\/div>\t\t\t\t<\/div>\n\t\t\t\t<\/div>\n\t\t\t\t\t<\/div>\n\t\t\t\t<\/div>\n\t\t\t\t<\/div>\n\t\t","protected":false},"excerpt":{"rendered":"<p>Sprechen Sie uns an. Full-Service-Dienstleistungen bedeuten f\u00fcr uns vor allem auch individuelle Beratung.<\/p>\n","protected":false},"author":1,"featured_media":20409,"parent":22276,"menu_order":0,"comment_status":"closed","ping_status":"closed","template":"","meta":{"footnotes":""},"class_list":["post-22275","page","type-page","status-publish","has-post-thumbnail","hentry"],"_links":{"self":[{"href":"https:\/\/www.act-translations.com\/de-ch\/wp-json\/wp\/v2\/pages\/22275","targetHints":{"allow":["GET"]}}],"collection":[{"href":"https:\/\/www.act-translations.com\/de-ch\/wp-json\/wp\/v2\/pages"}],"about":[{"href":"https:\/\/www.act-translations.com\/de-ch\/wp-json\/wp\/v2\/types\/page"}],"author":[{"embeddable":true,"href":"https:\/\/www.act-translations.com\/de-ch\/wp-json\/wp\/v2\/users\/1"}],"replies":[{"embeddable":true,"href":"https:\/\/www.act-translations.com\/de-ch\/wp-json\/wp\/v2\/comments?post=22275"}],"version-history":[{"count":3,"href":"https:\/\/www.act-translations.com\/de-ch\/wp-json\/wp\/v2\/pages\/22275\/revisions"}],"predecessor-version":[{"id":31355,"href":"https:\/\/www.act-translations.com\/de-ch\/wp-json\/wp\/v2\/pages\/22275\/revisions\/31355"}],"up":[{"embeddable":true,"href":"https:\/\/www.act-translations.com\/de-ch\/wp-json\/wp\/v2\/pages\/22276"}],"wp:featuredmedia":[{"embeddable":true,"href":"https:\/\/www.act-translations.com\/de-ch\/wp-json\/wp\/v2\/media\/20409"}],"wp:attachment":[{"href":"https:\/\/www.act-translations.com\/de-ch\/wp-json\/wp\/v2\/media?parent=22275"}],"curies":[{"name":"wp","href":"https:\/\/api.w.org\/{rel}","templated":true}]}}