{"id":16110,"date":"2024-03-13T09:00:09","date_gmt":"2024-03-13T08:00:09","guid":{"rendered":"https:\/\/www.act-translations.com\/?page_id=16110"},"modified":"2026-01-15T10:40:42","modified_gmt":"2026-01-15T09:40:42","slug":"feedback","status":"publish","type":"page","link":"https:\/\/www.act-translations.com\/de-de\/feedback\/","title":{"rendered":"Feedback"},"content":{"rendered":"\t\t<div data-elementor-type=\"wp-page\" data-elementor-id=\"16110\" class=\"elementor elementor-16110\" data-elementor-post-type=\"page\">\n\t\t\t\t<div class=\"elementor-element elementor-element-11e64af e-flex e-con-boxed e-con e-parent\" data-id=\"11e64af\" data-element_type=\"container\" data-e-type=\"container\" data-settings=\"{&quot;background_background&quot;:&quot;gradient&quot;}\">\n\t\t\t\t\t<div class=\"e-con-inner\">\n\t\t\t\t<div class=\"elementor-element elementor-element-1deba4c elementor-widget elementor-widget-heading\" data-id=\"1deba4c\" data-element_type=\"widget\" data-e-type=\"widget\" data-widget_type=\"heading.default\">\n\t\t\t\t\t<h1 class=\"elementor-heading-title elementor-size-default\">Ihr Feedback an ACT Translations<\/h1>\t\t\t\t<\/div>\n\t\t\t\t<div class=\"elementor-element elementor-element-c7bfcd9 elementor-widget__width-initial elementor-widget elementor-widget-text-editor\" data-id=\"c7bfcd9\" data-element_type=\"widget\" data-e-type=\"widget\" data-widget_type=\"text-editor.default\">\n\t\t\t\t\t\t\t\t\t<p>Wir freuen uns sehr, dass Sie uns eine R\u00fcckmeldung zu unserer Leistung geben m\u00f6chten. Die Zufriedenheit unserer Kunden steht f\u00fcr uns immer an erster Stelle und ist die Basis f\u00fcr unsere Zusammenarbeit. Bitte bewerten Sie uns hier:<\/p>\t\t\t\t\t\t\t\t<\/div>\n\t\t\t\t\t<\/div>\n\t\t\t\t<\/div>\n\t\t<div class=\"elementor-element elementor-element-f3e9b23 e-flex e-con-boxed e-con e-parent\" data-id=\"f3e9b23\" data-element_type=\"container\" data-e-type=\"container\" data-settings=\"{&quot;background_background&quot;:&quot;classic&quot;}\">\n\t\t\t\t\t<div class=\"e-con-inner\">\n\t\t<div class=\"elementor-element elementor-element-3631ca8 act-gradient e-flex e-con-boxed e-con e-child\" data-id=\"3631ca8\" data-element_type=\"container\" data-e-type=\"container\" data-settings=\"{&quot;background_background&quot;:&quot;classic&quot;}\">\n\t\t\t\t\t<div class=\"e-con-inner\">\n\t\t\t\t<div class=\"elementor-element elementor-element-032e338 elementor-button-align-stretch elementor-widget elementor-widget-form\" data-id=\"032e338\" data-element_type=\"widget\" data-e-type=\"widget\" data-settings=\"{&quot;step_next_label&quot;:&quot;Weiter&quot;,&quot;step_previous_label&quot;:&quot;Zur\\u00fcck&quot;,&quot;button_width&quot;:&quot;100&quot;,&quot;step_type&quot;:&quot;number_text&quot;,&quot;step_icon_shape&quot;:&quot;circle&quot;}\" data-widget_type=\"form.default\">\n\t\t\t\t\t\t\t<form class=\"elementor-form\" method=\"post\" id=\"feedback_formular\" name=\"Feedback Formular\" aria-label=\"Feedback Formular\" novalidate=\"\">\n\t\t\t<input type=\"hidden\" name=\"post_id\" value=\"16110\"\/>\n\t\t\t<input type=\"hidden\" name=\"form_id\" value=\"032e338\"\/>\n\t\t\t<input type=\"hidden\" name=\"referer_title\" value=\"\" \/>\n\n\t\t\t\n\t\t\t<div class=\"elementor-form-fields-wrapper elementor-labels-above\">\n\t\t\t\t\t\t\t\t<div class=\"elementor-field-type-text elementor-field-group elementor-column elementor-field-group-feedback_auftrag elementor-col-30 elementor-field-required elementor-mark-required\">\n\t\t\t\t\t\t\t\t\t\t\t\t<label for=\"form-field-feedback_auftrag\" class=\"elementor-field-label\">\n\t\t\t\t\t\t\t\tAuftrag\t\t\t\t\t\t\t<\/label>\n\t\t\t\t\t\t\t\t\t\t\t\t\t\t<input size=\"1\" type=\"text\" name=\"form_fields[feedback_auftrag]\" id=\"form-field-feedback_auftrag\" class=\"elementor-field elementor-size-md  elementor-field-textual\" placeholder=\"AB12345\" required=\"required\">\n\t\t\t\t\t\t\t\t\t\t\t<\/div>\n\t\t\t\t\t\t\t\t<div class=\"elementor-field-type-select elementor-field-group elementor-column elementor-field-group-select2sprachen elementor-col-70 elementor-field-type-select-multiple elementor-field-required elementor-mark-required\">\n\t\t\t\t\t\t\t\t\t\t\t\t<label for=\"form-field-select2sprachen\" class=\"elementor-field-label\">\n\t\t\t\t\t\t\t\tZielsprache(n)\t\t\t\t\t\t\t<\/label>\n\t\t\t\t\t\t\t\t<div class=\"elementor-field elementor-select-wrapper remove-before \">\n\t\t\t<div class=\"select-caret-down-wrapper\">\n\t\t\t\t\t\t\t<\/div>\n\t\t\t<select name=\"form_fields[select2sprachen][]\" id=\"form-field-select2sprachen\" class=\"elementor-field-textual elementor-size-md\" required=\"required\" multiple=\"\">\n\t\t\t\t\t\t\t\t\t<option value=\"Alle Sprachen\">Alle Sprachen<\/option>\n\t\t\t\t\t\t\t\t\t<option value=\"Deutsch\">Deutsch<\/option>\n\t\t\t\t\t\t\t\t\t<option value=\"Englisch\">Englisch<\/option>\n\t\t\t\t\t\t\t\t\t<option value=\"Franz\u00f6sisch\">Franz\u00f6sisch<\/option>\n\t\t\t\t\t\t\t\t\t<option value=\"Italienisch\">Italienisch<\/option>\n\t\t\t\t\t\t\t\t\t<option value=\"Spanisch\">Spanisch<\/option>\n\t\t\t\t\t\t\t\t\t<option value=\"Arabisch\">Arabisch<\/option>\n\t\t\t\t\t\t\t\t\t<option value=\"Afrikaans\">Afrikaans<\/option>\n\t\t\t\t\t\t\t\t\t<option value=\"Albanisch\">Albanisch<\/option>\n\t\t\t\t\t\t\t\t\t<option value=\"Amharisch\">Amharisch<\/option>\n\t\t\t\t\t\t\t\t\t<option value=\"Aram\u00e4isch\">Aram\u00e4isch<\/option>\n\t\t\t\t\t\t\t\t\t<option value=\"Armenisch\">Armenisch<\/option>\n\t\t\t\t\t\t\t\t\t<option value=\"Aserbaidschanisch\">Aserbaidschanisch<\/option>\n\t\t\t\t\t\t\t\t\t<option value=\"Bengalisch\">Bengalisch<\/option>\n\t\t\t\t\t\t\t\t\t<option value=\"Birmanisch\">Birmanisch<\/option>\n\t\t\t\t\t\t\t\t\t<option value=\"Bulgarisch\">Bulgarisch<\/option>\n\t\t\t\t\t\t\t\t\t<option value=\"Chinesisch\">Chinesisch<\/option>\n\t\t\t\t\t\t\t\t\t<option value=\"D\u00e4nisch\">D\u00e4nisch<\/option>\n\t\t\t\t\t\t\t\t\t<option value=\"Dari\">Dari<\/option>\n\t\t\t\t\t\t\t\t\t<option value=\"Estnisch\">Estnisch<\/option>\n\t\t\t\t\t\t\t\t\t<option value=\"Farsi\">Farsi<\/option>\n\t\t\t\t\t\t\t\t\t<option value=\"Filipino\">Filipino<\/option>\n\t\t\t\t\t\t\t\t\t<option value=\"Finnisch\">Finnisch<\/option>\n\t\t\t\t\t\t\t\t\t<option value=\"G\u00e4lisch\">G\u00e4lisch<\/option>\n\t\t\t\t\t\t\t\t\t<option value=\"Georgisch\">Georgisch<\/option>\n\t\t\t\t\t\t\t\t\t<option value=\"Griechisch\">Griechisch<\/option>\n\t\t\t\t\t\t\t\t\t<option value=\"Gujarati\">Gujarati<\/option>\n\t\t\t\t\t\t\t\t\t<option value=\"Hebr\u00e4isch\">Hebr\u00e4isch<\/option>\n\t\t\t\t\t\t\t\t\t<option value=\"Hindi\">Hindi<\/option>\n\t\t\t\t\t\t\t\t\t<option value=\"Indonesisch\">Indonesisch<\/option>\n\t\t\t\t\t\t\t\t\t<option value=\"Isl\u00e4ndisch\">Isl\u00e4ndisch<\/option>\n\t\t\t\t\t\t\t\t\t<option value=\"Japanisch\">Japanisch<\/option>\n\t\t\t\t\t\t\t\t\t<option value=\"Kasachisch\">Kasachisch<\/option>\n\t\t\t\t\t\t\t\t\t<option value=\"Katalanisch\">Katalanisch<\/option>\n\t\t\t\t\t\t\t\t\t<option value=\"Khmer\">Khmer<\/option>\n\t\t\t\t\t\t\t\t\t<option value=\"Kirgisisch\">Kirgisisch<\/option>\n\t\t\t\t\t\t\t\t\t<option value=\"Koreanisch\">Koreanisch<\/option>\n\t\t\t\t\t\t\t\t\t<option value=\"Kroatisch\">Kroatisch<\/option>\n\t\t\t\t\t\t\t\t\t<option value=\"Kurdisch\">Kurdisch<\/option>\n\t\t\t\t\t\t\t\t\t<option value=\"Lettisch\">Lettisch<\/option>\n\t\t\t\t\t\t\t\t\t<option value=\"Litauisch\">Litauisch<\/option>\n\t\t\t\t\t\t\t\t\t<option value=\"Madagassisch\">Madagassisch<\/option>\n\t\t\t\t\t\t\t\t\t<option value=\"Malaiisch\">Malaiisch<\/option>\n\t\t\t\t\t\t\t\t\t<option value=\"Maltesisch\">Maltesisch<\/option>\n\t\t\t\t\t\t\t\t\t<option value=\"Marathi\">Marathi<\/option>\n\t\t\t\t\t\t\t\t\t<option value=\"Mazedonisch\">Mazedonisch<\/option>\n\t\t\t\t\t\t\t\t\t<option value=\"Moldawisch\">Moldawisch<\/option>\n\t\t\t\t\t\t\t\t\t<option value=\"Montegrinisch\">Montegrinisch<\/option>\n\t\t\t\t\t\t\t\t\t<option value=\"Niederl\u00e4ndisch\">Niederl\u00e4ndisch<\/option>\n\t\t\t\t\t\t\t\t\t<option value=\"Norwegisch\">Norwegisch<\/option>\n\t\t\t\t\t\t\t\t\t<option value=\"Paschtu\/Paschto\">Paschtu\/Paschto<\/option>\n\t\t\t\t\t\t\t\t\t<option value=\"Persisch\">Persisch<\/option>\n\t\t\t\t\t\t\t\t\t<option value=\"Polnisch\">Polnisch<\/option>\n\t\t\t\t\t\t\t\t\t<option value=\"Portugiesisch\">Portugiesisch<\/option>\n\t\t\t\t\t\t\t\t\t<option value=\"Punjabi\">Punjabi<\/option>\n\t\t\t\t\t\t\t\t\t<option value=\"Rum\u00e4nisch\">Rum\u00e4nisch<\/option>\n\t\t\t\t\t\t\t\t\t<option value=\"Russisch\">Russisch<\/option>\n\t\t\t\t\t\t\t\t\t<option value=\"Schwedisch\">Schwedisch<\/option>\n\t\t\t\t\t\t\t\t\t<option value=\"Serbisch\">Serbisch<\/option>\n\t\t\t\t\t\t\t\t\t<option value=\"Sinhala\">Sinhala<\/option>\n\t\t\t\t\t\t\t\t\t<option value=\"Slowakisch\">Slowakisch<\/option>\n\t\t\t\t\t\t\t\t\t<option value=\"Slowenisch\">Slowenisch<\/option>\n\t\t\t\t\t\t\t\t\t<option value=\"Somali\">Somali<\/option>\n\t\t\t\t\t\t\t\t\t<option value=\"Suaheli\">Suaheli<\/option>\n\t\t\t\t\t\t\t\t\t<option value=\"Tagalog\">Tagalog<\/option>\n\t\t\t\t\t\t\t\t\t<option value=\"Tamil\">Tamil<\/option>\n\t\t\t\t\t\t\t\t\t<option value=\"Telugu\">Telugu<\/option>\n\t\t\t\t\t\t\t\t\t<option value=\"Thail\u00e4ndisch\">Thail\u00e4ndisch<\/option>\n\t\t\t\t\t\t\t\t\t<option value=\"Tigrinisch\">Tigrinisch<\/option>\n\t\t\t\t\t\t\t\t\t<option value=\"Tschechisch\">Tschechisch<\/option>\n\t\t\t\t\t\t\t\t\t<option value=\"Tswana\">Tswana<\/option>\n\t\t\t\t\t\t\t\t\t<option value=\"T\u00fcrkisch\">T\u00fcrkisch<\/option>\n\t\t\t\t\t\t\t\t\t<option value=\"Ukrainisch\">Ukrainisch<\/option>\n\t\t\t\t\t\t\t\t\t<option value=\"Ungarisch\">Ungarisch<\/option>\n\t\t\t\t\t\t\t\t\t<option value=\"Urdu\">Urdu<\/option>\n\t\t\t\t\t\t\t\t\t<option value=\"Usbekisch\">Usbekisch<\/option>\n\t\t\t\t\t\t\t\t\t<option value=\"Vietnamesisch\">Vietnamesisch<\/option>\n\t\t\t\t\t\t\t\t\t<option value=\"Walisisch\">Walisisch<\/option>\n\t\t\t\t\t\t\t\t\t<option value=\"Weissrussisch\">Weissrussisch<\/option>\n\t\t\t\t\t\t\t\t\t<option value=\"Xhosa\">Xhosa<\/option>\n\t\t\t\t\t\t\t<\/select>\n\t\t<\/div>\n\t\t\t\t\t\t<\/div>\n\t\t\t\t\t\t\t\t<div class=\"elementor-field-type-select elementor-field-group elementor-column elementor-field-group-feedback_zufriedenheit elementor-col-100 elementor-field-required elementor-mark-required\">\n\t\t\t\t\t\t\t\t\t\t\t\t<label for=\"form-field-feedback_zufriedenheit\" class=\"elementor-field-label\">\n\t\t\t\t\t\t\t\tWie zufrieden waren Sie mit diesem Auftrag insgesamt?\t\t\t\t\t\t\t<\/label>\n\t\t\t\t\t\t\t\t<div class=\"elementor-field elementor-select-wrapper remove-before \">\n\t\t\t<div class=\"select-caret-down-wrapper\">\n\t\t\t\t<svg aria-hidden=\"true\" class=\"e-font-icon-svg e-eicon-caret-down\" viewBox=\"0 0 571.4 571.4\" xmlns=\"http:\/\/www.w3.org\/2000\/svg\"><path d=\"M571 393Q571 407 561 418L311 668Q300 679 286 679T261 668L11 418Q0 407 0 393T11 368 36 357H536Q550 357 561 368T571 393Z\"><\/path><\/svg>\t\t\t<\/div>\n\t\t\t<select name=\"form_fields[feedback_zufriedenheit]\" id=\"form-field-feedback_zufriedenheit\" class=\"elementor-field-textual elementor-size-md\" required=\"required\">\n\t\t\t\t\t\t\t\t\t<option value=\"\"><\/option>\n\t\t\t\t\t\t\t\t\t<option value=\"\u2605\">\u2605<\/option>\n\t\t\t\t\t\t\t\t\t<option value=\"\u2605 \u2605\">\u2605 \u2605<\/option>\n\t\t\t\t\t\t\t\t\t<option value=\"\u2605 \u2605 \u2605\">\u2605 \u2605 \u2605<\/option>\n\t\t\t\t\t\t\t\t\t<option value=\"\u2605 \u2605 \u2605 \u2605\">\u2605 \u2605 \u2605 \u2605<\/option>\n\t\t\t\t\t\t\t\t\t<option value=\"\u2605 \u2605 \u2605 \u2605 \u2605\">\u2605 \u2605 \u2605 \u2605 \u2605<\/option>\n\t\t\t\t\t\t\t<\/select>\n\t\t<\/div>\n\t\t\t\t\t\t<\/div>\n\t\t\t\t\t\t\t\t<div class=\"elementor-field-type-select elementor-field-group elementor-column elementor-field-group-feedback_qualitaet elementor-col-100 elementor-field-required elementor-mark-required\">\n\t\t\t\t\t\t\t\t\t\t\t\t<label for=\"form-field-feedback_qualitaet\" class=\"elementor-field-label\">\n\t\t\t\t\t\t\t\tQualit\u00e4t\t\t\t\t\t\t\t<\/label>\n\t\t\t\t\t\t\t\t<div class=\"elementor-field elementor-select-wrapper remove-before \">\n\t\t\t<div class=\"select-caret-down-wrapper\">\n\t\t\t\t<svg aria-hidden=\"true\" class=\"e-font-icon-svg e-eicon-caret-down\" viewBox=\"0 0 571.4 571.4\" xmlns=\"http:\/\/www.w3.org\/2000\/svg\"><path d=\"M571 393Q571 407 561 418L311 668Q300 679 286 679T261 668L11 418Q0 407 0 393T11 368 36 357H536Q550 357 561 368T571 393Z\"><\/path><\/svg>\t\t\t<\/div>\n\t\t\t<select name=\"form_fields[feedback_qualitaet]\" id=\"form-field-feedback_qualitaet\" class=\"elementor-field-textual elementor-size-md\" required=\"required\">\n\t\t\t\t\t\t\t\t\t<option value=\"\"><\/option>\n\t\t\t\t\t\t\t\t\t<option value=\"\u2605\">\u2605<\/option>\n\t\t\t\t\t\t\t\t\t<option value=\"\u2605 \u2605\">\u2605 \u2605<\/option>\n\t\t\t\t\t\t\t\t\t<option value=\"\u2605 \u2605 \u2605\">\u2605 \u2605 \u2605<\/option>\n\t\t\t\t\t\t\t\t\t<option value=\"\u2605 \u2605 \u2605 \u2605\">\u2605 \u2605 \u2605 \u2605<\/option>\n\t\t\t\t\t\t\t\t\t<option value=\"\u2605 \u2605 \u2605 \u2605 \u2605\">\u2605 \u2605 \u2605 \u2605 \u2605<\/option>\n\t\t\t\t\t\t\t<\/select>\n\t\t<\/div>\n\t\t\t\t\t\t<\/div>\n\t\t\t\t\t\t\t\t<div class=\"elementor-field-type-select elementor-field-group elementor-column elementor-field-group-feedback_kommunikation elementor-col-100 elementor-field-required elementor-mark-required\">\n\t\t\t\t\t\t\t\t\t\t\t\t<label for=\"form-field-feedback_kommunikation\" class=\"elementor-field-label\">\n\t\t\t\t\t\t\t\tKommunikation\/Projektabwicklung\t\t\t\t\t\t\t<\/label>\n\t\t\t\t\t\t\t\t<div class=\"elementor-field elementor-select-wrapper remove-before \">\n\t\t\t<div class=\"select-caret-down-wrapper\">\n\t\t\t\t<svg aria-hidden=\"true\" class=\"e-font-icon-svg e-eicon-caret-down\" viewBox=\"0 0 571.4 571.4\" xmlns=\"http:\/\/www.w3.org\/2000\/svg\"><path d=\"M571 393Q571 407 561 418L311 668Q300 679 286 679T261 668L11 418Q0 407 0 393T11 368 36 357H536Q550 357 561 368T571 393Z\"><\/path><\/svg>\t\t\t<\/div>\n\t\t\t<select name=\"form_fields[feedback_kommunikation]\" id=\"form-field-feedback_kommunikation\" class=\"elementor-field-textual elementor-size-md\" required=\"required\">\n\t\t\t\t\t\t\t\t\t<option value=\"\"><\/option>\n\t\t\t\t\t\t\t\t\t<option value=\"\u2605\">\u2605<\/option>\n\t\t\t\t\t\t\t\t\t<option value=\"\u2605 \u2605\">\u2605 \u2605<\/option>\n\t\t\t\t\t\t\t\t\t<option value=\"\u2605 \u2605 \u2605\">\u2605 \u2605 \u2605<\/option>\n\t\t\t\t\t\t\t\t\t<option value=\"\u2605 \u2605 \u2605 \u2605\">\u2605 \u2605 \u2605 \u2605<\/option>\n\t\t\t\t\t\t\t\t\t<option value=\"\u2605 \u2605 \u2605 \u2605 \u2605\">\u2605 \u2605 \u2605 \u2605 \u2605<\/option>\n\t\t\t\t\t\t\t<\/select>\n\t\t<\/div>\n\t\t\t\t\t\t<\/div>\n\t\t\t\t\t\t\t\t<div class=\"elementor-field-type-select elementor-field-group elementor-column elementor-field-group-feedback_lieferzeit elementor-col-100 elementor-field-required elementor-mark-required\">\n\t\t\t\t\t\t\t\t\t\t\t\t<label for=\"form-field-feedback_lieferzeit\" class=\"elementor-field-label\">\n\t\t\t\t\t\t\t\tLieferzeit\t\t\t\t\t\t\t<\/label>\n\t\t\t\t\t\t\t\t<div class=\"elementor-field elementor-select-wrapper remove-before \">\n\t\t\t<div class=\"select-caret-down-wrapper\">\n\t\t\t\t<svg aria-hidden=\"true\" class=\"e-font-icon-svg e-eicon-caret-down\" viewBox=\"0 0 571.4 571.4\" xmlns=\"http:\/\/www.w3.org\/2000\/svg\"><path d=\"M571 393Q571 407 561 418L311 668Q300 679 286 679T261 668L11 418Q0 407 0 393T11 368 36 357H536Q550 357 561 368T571 393Z\"><\/path><\/svg>\t\t\t<\/div>\n\t\t\t<select name=\"form_fields[feedback_lieferzeit]\" id=\"form-field-feedback_lieferzeit\" class=\"elementor-field-textual elementor-size-md\" required=\"required\">\n\t\t\t\t\t\t\t\t\t<option value=\"\"><\/option>\n\t\t\t\t\t\t\t\t\t<option value=\"\u2605\">\u2605<\/option>\n\t\t\t\t\t\t\t\t\t<option value=\"\u2605 \u2605\">\u2605 \u2605<\/option>\n\t\t\t\t\t\t\t\t\t<option value=\"\u2605 \u2605 \u2605\">\u2605 \u2605 \u2605<\/option>\n\t\t\t\t\t\t\t\t\t<option value=\"\u2605 \u2605 \u2605 \u2605\">\u2605 \u2605 \u2605 \u2605<\/option>\n\t\t\t\t\t\t\t\t\t<option value=\"\u2605 \u2605 \u2605 \u2605 \u2605\">\u2605 \u2605 \u2605 \u2605 \u2605<\/option>\n\t\t\t\t\t\t\t<\/select>\n\t\t<\/div>\n\t\t\t\t\t\t<\/div>\n\t\t\t\t\t\t\t\t<div class=\"elementor-field-type-textarea elementor-field-group elementor-column elementor-field-group-feedback_message elementor-col-100\">\n\t\t\t\t\t\t\t\t\t\t\t\t<label for=\"form-field-feedback_message\" class=\"elementor-field-label\">\n\t\t\t\t\t\t\t\tAnmerkung (optional):\t\t\t\t\t\t\t<\/label>\n\t\t\t\t\t\t<textarea class=\"elementor-field-textual elementor-field  elementor-size-md\" name=\"form_fields[feedback_message]\" id=\"form-field-feedback_message\" rows=\"6\"><\/textarea>\t\t\t\t<\/div>\n\t\t\t\t\t\t\t\t<div class=\"elementor-field-type-radio elementor-field-group elementor-column elementor-field-group-feedback_kontakt elementor-col-100 elementor-field-required elementor-mark-required\">\n\t\t\t\t\t\t\t\t\t\t\t\t<label for=\"form-field-feedback_kontakt\" class=\"elementor-field-label\">\n\t\t\t\t\t\t\t\tD\u00fcrfen wir Sie kontaktieren, falls R\u00fcckfragen zu Ihrem Feedback bestehen?\t\t\t\t\t\t\t<\/label>\n\t\t\t\t\t\t<div class=\"elementor-field-subgroup  elementor-subgroup-inline\"><span class=\"elementor-field-option\"><input type=\"radio\" value=\"ja\" id=\"form-field-feedback_kontakt-0\" name=\"form_fields[feedback_kontakt]\" required=\"required\"> <label for=\"form-field-feedback_kontakt-0\">ja<\/label><\/span><span class=\"elementor-field-option\"><input type=\"radio\" value=\"nein\" id=\"form-field-feedback_kontakt-1\" name=\"form_fields[feedback_kontakt]\" required=\"required\"> <label for=\"form-field-feedback_kontakt-1\">nein<\/label><\/span><\/div>\t\t\t\t<\/div>\n\t\t\t\t\t\t\t\t<div class=\"elementor-field-type-text elementor-field-group elementor-column elementor-field-group-feedback_namefirma elementor-col-50\">\n\t\t\t\t\t\t\t\t\t\t\t\t<label for=\"form-field-feedback_namefirma\" class=\"elementor-field-label\">\n\t\t\t\t\t\t\t\tName\t\t\t\t\t\t\t<\/label>\n\t\t\t\t\t\t\t\t\t\t\t\t\t\t<input size=\"1\" type=\"text\" name=\"form_fields[feedback_namefirma]\" id=\"form-field-feedback_namefirma\" class=\"elementor-field elementor-size-md  elementor-field-textual\">\n\t\t\t\t\t\t\t\t\t\t\t<\/div>\n\t\t\t\t\t\t\t\t<div class=\"elementor-field-type-email elementor-field-group elementor-column elementor-field-group-feedback_email elementor-col-50\">\n\t\t\t\t\t\t\t\t\t\t\t\t<label for=\"form-field-feedback_email\" class=\"elementor-field-label\">\n\t\t\t\t\t\t\t\tE-Mail Adresse\t\t\t\t\t\t\t<\/label>\n\t\t\t\t\t\t\t\t\t\t\t\t\t\t<input size=\"1\" type=\"email\" name=\"form_fields[feedback_email]\" id=\"form-field-feedback_email\" class=\"elementor-field elementor-size-md  elementor-field-textual\">\n\t\t\t\t\t\t\t\t\t\t\t<\/div>\n\t\t\t\t\t\t\t\t<div class=\"elementor-field-type-html elementor-field-group elementor-column elementor-field-group-feedback_datenschutz elementor-col-100\">\n\t\t\t\t\tMit dem Absenden akzeptieren Sie die Bestimmungen zum <a href=\"https:\/\/www.act-translations.com\/de-de\/datenschutz\/\" target=\"_blank\">Datenschutz<\/a>.\t\t\t\t<\/div>\n\t\t\t\t\t\t\t\t<div class=\"elementor-field-type-html elementor-field-group elementor-column elementor-field-group-field_e926868 elementor-col-100\">\n\t\t\t\t\t<script>\n;(w => {\n    w.addEventListener('DOMContentLoaded', ()=>{\n        const $ = jQuery;\n        const selector = '.make-select2 select, #form-field-select2sprachen';\n\n        $(selector).select2();\n    });\n\n})(window);\n<\/script>\t\t\t\t<\/div>\n\t\t\t\t\t\t\t\t<div class=\"elementor-field-group elementor-column elementor-field-type-submit elementor-col-100 e-form__buttons\">\n\t\t\t\t\t<button class=\"elementor-button elementor-size-md\" type=\"submit\">\n\t\t\t\t\t\t<span class=\"elementor-button-content-wrapper\">\n\t\t\t\t\t\t\t\t\t\t\t\t\t\t\t\t\t\t\t\t\t\t<span class=\"elementor-button-text\">Senden<\/span>\n\t\t\t\t\t\t\t\t\t\t\t\t\t<\/span>\n\t\t\t\t\t<\/button>\n\t\t\t\t<\/div>\n\t\t\t<\/div>\n\t\t<\/form>\n\t\t\t\t\t\t<\/div>\n\t\t\t\t\t<\/div>\n\t\t\t\t<\/div>\n\t\t\t\t\t<\/div>\n\t\t\t\t<\/div>\n\t\t\t\t<\/div>\n\t\t","protected":false},"excerpt":{"rendered":"<p>Ihr Feedback an ACT Translations Wir freuen uns sehr, dass Sie uns eine R\u00fcckmeldung zu unserer Leistung geben m\u00f6chten. Die Zufriedenheit unserer Kunden steht f\u00fcr uns immer an erster Stelle und ist die Basis f\u00fcr unsere Zusammenarbeit. Bitte bewerten Sie uns hier:<\/p>\n","protected":false},"author":1,"featured_media":0,"parent":0,"menu_order":0,"comment_status":"closed","ping_status":"closed","template":"","meta":{"_angie_page":false,"footnotes":""},"class_list":["post-16110","page","type-page","status-publish","hentry"],"_links":{"self":[{"href":"https:\/\/www.act-translations.com\/de-de\/wp-json\/wp\/v2\/pages\/16110","targetHints":{"allow":["GET"]}}],"collection":[{"href":"https:\/\/www.act-translations.com\/de-de\/wp-json\/wp\/v2\/pages"}],"about":[{"href":"https:\/\/www.act-translations.com\/de-de\/wp-json\/wp\/v2\/types\/page"}],"author":[{"embeddable":true,"href":"https:\/\/www.act-translations.com\/de-de\/wp-json\/wp\/v2\/users\/1"}],"replies":[{"embeddable":true,"href":"https:\/\/www.act-translations.com\/de-de\/wp-json\/wp\/v2\/comments?post=16110"}],"version-history":[{"count":29,"href":"https:\/\/www.act-translations.com\/de-de\/wp-json\/wp\/v2\/pages\/16110\/revisions"}],"predecessor-version":[{"id":34441,"href":"https:\/\/www.act-translations.com\/de-de\/wp-json\/wp\/v2\/pages\/16110\/revisions\/34441"}],"wp:attachment":[{"href":"https:\/\/www.act-translations.com\/de-de\/wp-json\/wp\/v2\/media?parent=16110"}],"curies":[{"name":"wp","href":"https:\/\/api.w.org\/{rel}","templated":true}]}}