{"id":16150,"date":"2024-03-13T09:20:30","date_gmt":"2024-03-13T08:20:30","guid":{"rendered":"https:\/\/www.act-translations.com\/?page_id=16150"},"modified":"2025-01-16T13:00:11","modified_gmt":"2025-01-16T12:00:11","slug":"vielen-dank-fuer-ihr-vertrauen","status":"publish","type":"page","link":"https:\/\/www.act-translations.com\/de-de\/sofortangebot\/vielen-dank-fuer-ihr-vertrauen\/","title":{"rendered":"Vielen Dank f\u00fcr Ihr Vertrauen"},"content":{"rendered":"\t\t<div data-elementor-type=\"wp-page\" data-elementor-id=\"16150\" class=\"elementor elementor-16150\" data-elementor-post-type=\"page\">\n\t\t\t\t<div class=\"elementor-element elementor-element-77de697 e-flex e-con-boxed e-con e-parent\" data-id=\"77de697\" data-element_type=\"container\" data-e-type=\"container\" data-settings=\"{&quot;background_background&quot;:&quot;gradient&quot;}\">\n\t\t\t\t\t<div class=\"e-con-inner\">\n\t\t<div class=\"elementor-element elementor-element-2465d3f e-con-full e-flex e-con e-child\" data-id=\"2465d3f\" data-element_type=\"container\" data-e-type=\"container\">\n\t\t\t\t<\/div>\n\t\t\t\t\t<\/div>\n\t\t\t\t<\/div>\n\t\t<div class=\"elementor-element elementor-element-f9f3015 e-flex e-con-boxed e-con e-parent\" data-id=\"f9f3015\" data-element_type=\"container\" data-e-type=\"container\">\n\t\t\t\t\t<div class=\"e-con-inner\">\n\t\t<div class=\"elementor-element elementor-element-32b619d act-gradient e-con-full e-flex e-con e-child\" data-id=\"32b619d\" data-element_type=\"container\" data-e-type=\"container\" data-settings=\"{&quot;background_background&quot;:&quot;classic&quot;}\">\n\t\t\t\t<div class=\"elementor-element elementor-element-9f3380a elementor-position-inline-start elementor-view-default elementor-mobile-position-block-start elementor-widget elementor-widget-icon-box\" data-id=\"9f3380a\" data-element_type=\"widget\" data-e-type=\"widget\" data-widget_type=\"icon-box.default\">\n\t\t\t\t\t\t\t<div class=\"elementor-icon-box-wrapper\">\n\n\t\t\t\t\t\t<div class=\"elementor-icon-box-icon\">\n\t\t\t\t<span  class=\"elementor-icon\">\n\t\t\t\t<svg aria-hidden=\"true\" class=\"e-font-icon-svg e-fas-check-circle\" viewBox=\"0 0 512 512\" xmlns=\"http:\/\/www.w3.org\/2000\/svg\"><path d=\"M504 256c0 136.967-111.033 248-248 248S8 392.967 8 256 119.033 8 256 8s248 111.033 248 248zM227.314 387.314l184-184c6.248-6.248 6.248-16.379 0-22.627l-22.627-22.627c-6.248-6.249-16.379-6.249-22.628 0L216 308.118l-70.059-70.059c-6.248-6.248-16.379-6.248-22.628 0l-22.627 22.627c-6.248 6.248-6.248 16.379 0 22.627l104 104c6.249 6.249 16.379 6.249 22.628.001z\"><\/path><\/svg>\t\t\t\t<\/span>\n\t\t\t<\/div>\n\t\t\t\n\t\t\t\t\t\t<div class=\"elementor-icon-box-content\">\n\n\t\t\t\t\t\t\t\t\t<h4 class=\"elementor-icon-box-title\">\n\t\t\t\t\t\t<span  >\n\t\t\t\t\t\t\tVielen Dank f\u00fcr Ihre Anfrage\t\t\t\t\t\t<\/span>\n\t\t\t\t\t<\/h4>\n\t\t\t\t\n\t\t\t\t\t\t\t\t\t<p class=\"elementor-icon-box-description\">\n\t\t\t\t\t\tWir haben Ihre Anfrage erhalten.\t\t\t\t\t<\/p>\n\t\t\t\t\n\t\t\t<\/div>\n\t\t\t\n\t\t<\/div>\n\t\t\t\t\t\t<\/div>\n\t\t\t\t<div class=\"elementor-element elementor-element-7be4f0b elementor-widget elementor-widget-heading\" data-id=\"7be4f0b\" data-element_type=\"widget\" data-e-type=\"widget\" data-widget_type=\"heading.default\">\n\t\t\t\t\t<h5 class=\"elementor-heading-title elementor-size-default\">Newsletter abonnieren<\/h5>\t\t\t\t<\/div>\n\t\t\t\t<div class=\"elementor-element elementor-element-cce8fc1 elementor-widget elementor-widget-heading\" data-id=\"cce8fc1\" data-element_type=\"widget\" data-e-type=\"widget\" data-widget_type=\"heading.default\">\n\t\t\t\t\t<h6 class=\"elementor-heading-title elementor-size-default\">Expertenwissen zu \u00dcbersetzungsl\u00f6sungen direkt in Ihr Postfach<\/h6>\t\t\t\t<\/div>\n\t\t\t\t<div class=\"elementor-element elementor-element-90be6e6 elementor-widget elementor-widget-text-editor\" data-id=\"90be6e6\" data-element_type=\"widget\" data-e-type=\"widget\" data-widget_type=\"text-editor.default\">\n\t\t\t\t\t\t\t\t\t<p>M\u00f6chten Sie auch in Zukunft keine Neuigkeiten und Experteneinblicke zum Thema \u00dcbersetzungen verpassen? Dann empfehlen wir Ihnen unseren Newsletter:<\/p>\t\t\t\t\t\t\t\t<\/div>\n\t\t\t\t<div class=\"elementor-element elementor-element-cdbd2fe elementor-widget elementor-widget-button\" data-id=\"cdbd2fe\" data-element_type=\"widget\" data-e-type=\"widget\" data-widget_type=\"button.default\">\n\t\t\t\t\t\t\t\t\t\t<a class=\"elementor-button elementor-button-link elementor-size-sm\" href=\"https:\/\/www.act-translations.com\/de-de\/translators-in-action\/\">\n\t\t\t\t\t\t<span class=\"elementor-button-content-wrapper\">\n\t\t\t\t\t\t\t\t\t<span class=\"elementor-button-text\">Newsletter abonnieren<\/span>\n\t\t\t\t\t<\/span>\n\t\t\t\t\t<\/a>\n\t\t\t\t\t\t\t\t<\/div>\n\t\t\t\t<div class=\"elementor-element elementor-element-22ca414 elementor-widget elementor-widget-html\" data-id=\"22ca414\" data-element_type=\"widget\" data-e-type=\"widget\" data-widget_type=\"html.default\">\n\t\t\t\t\t<script>\n\/\/ Kontaktformular gesendet\nwindow.dataLayer=window.dataLayer||[];\nwindow.dataLayer.push( { event:'form_submitted', form:'offer', type:'thank_you_page' } );\n<\/script>\t\t\t\t<\/div>\n\t\t\t\t<\/div>\n\t\t\t\t\t<\/div>\n\t\t\t\t<\/div>\n\t\t\t\t<\/div>\n\t\t","protected":false},"excerpt":{"rendered":"<p>Vielen Dank f\u00fcr Ihre Anfrage Wir haben Ihre Anfrage erhalten. Newsletter abonnieren Expertenwissen zu \u00dcbersetzungsl\u00f6sungen direkt in Ihr Postfach M\u00f6chten Sie auch in Zukunft keine Neuigkeiten und Experteneinblicke zum Thema \u00dcbersetzungen verpassen? Dann empfehlen wir Ihnen unseren Newsletter: Newsletter abonnieren<\/p>\n","protected":false},"author":1,"featured_media":0,"parent":15320,"menu_order":0,"comment_status":"closed","ping_status":"closed","template":"","meta":{"footnotes":""},"class_list":["post-16150","page","type-page","status-publish","hentry"],"_links":{"self":[{"href":"https:\/\/www.act-translations.com\/de-de\/wp-json\/wp\/v2\/pages\/16150","targetHints":{"allow":["GET"]}}],"collection":[{"href":"https:\/\/www.act-translations.com\/de-de\/wp-json\/wp\/v2\/pages"}],"about":[{"href":"https:\/\/www.act-translations.com\/de-de\/wp-json\/wp\/v2\/types\/page"}],"author":[{"embeddable":true,"href":"https:\/\/www.act-translations.com\/de-de\/wp-json\/wp\/v2\/users\/1"}],"replies":[{"embeddable":true,"href":"https:\/\/www.act-translations.com\/de-de\/wp-json\/wp\/v2\/comments?post=16150"}],"version-history":[{"count":13,"href":"https:\/\/www.act-translations.com\/de-de\/wp-json\/wp\/v2\/pages\/16150\/revisions"}],"predecessor-version":[{"id":28796,"href":"https:\/\/www.act-translations.com\/de-de\/wp-json\/wp\/v2\/pages\/16150\/revisions\/28796"}],"up":[{"embeddable":true,"href":"https:\/\/www.act-translations.com\/de-de\/wp-json\/wp\/v2\/pages\/15320"}],"wp:attachment":[{"href":"https:\/\/www.act-translations.com\/de-de\/wp-json\/wp\/v2\/media?parent=16150"}],"curies":[{"name":"wp","href":"https:\/\/api.w.org\/{rel}","templated":true}]}}