{"id":22770,"date":"2023-11-07T12:06:00","date_gmt":"2023-11-07T11:06:00","guid":{"rendered":"https:\/\/www.act-translations.com\/interpreting\/"},"modified":"2025-03-14T13:32:57","modified_gmt":"2025-03-14T12:32:57","slug":"interpreting","status":"publish","type":"page","link":"https:\/\/www.act-translations.com\/en-gb\/language-services\/interpreting\/","title":{"rendered":"Interpreting"},"content":{"rendered":"\t\t<div data-elementor-type=\"wp-page\" data-elementor-id=\"22770\" class=\"elementor elementor-22770 elementor-15224\" data-elementor-post-type=\"page\">\n\t\t\t\t<div class=\"elementor-element elementor-element-45881bb e-flex e-con-boxed e-con e-parent\" data-id=\"45881bb\" data-element_type=\"container\" data-e-type=\"container\" data-settings=\"{&quot;background_background&quot;:&quot;gradient&quot;}\">\n\t\t\t\t\t<div class=\"e-con-inner\">\n\t\t<div class=\"elementor-element elementor-element-d26aac6 act-gradient e-con-full e-flex elementor-invisible e-con e-child\" data-id=\"d26aac6\" data-element_type=\"container\" data-e-type=\"container\" data-settings=\"{&quot;background_background&quot;:&quot;classic&quot;,&quot;animation&quot;:&quot;fadeInLeft&quot;,&quot;animation_delay&quot;:500}\">\n\t\t\t\t<div class=\"elementor-element elementor-element-4de7e5b elementor-widget__width-inherit elementor-widget elementor-widget-heading\" data-id=\"4de7e5b\" data-element_type=\"widget\" data-e-type=\"widget\" data-widget_type=\"heading.default\">\n\t\t\t\t\t<h5 class=\"elementor-heading-title elementor-size-default\">Language services<\/h5>\t\t\t\t<\/div>\n\t\t\t\t<div class=\"elementor-element elementor-element-aaba14e elementor-widget__width-inherit elementor-widget elementor-widget-text-editor\" data-id=\"aaba14e\" data-element_type=\"widget\" data-e-type=\"widget\" data-widget_type=\"text-editor.default\">\n\t\t\t\t\t\t\t\t\t<p>Professional interpreters are critical to your success. Flawless comprehension is important for the successful conclusion of contract negotiations and the organization of conferences or company events.<\/p>\n\t\t\t\t\t\t\t\t<\/div>\n\t\t\t\t<div class=\"elementor-element elementor-element-bbadfad elementor-widget elementor-widget-global elementor-global-29687 elementor-global-29590 elementor-widget-button\" data-id=\"bbadfad\" data-element_type=\"widget\" data-e-type=\"widget\" data-widget_type=\"button.default\">\n\t\t\t\t\t\t\t\t\t\t<a class=\"elementor-button elementor-button-link elementor-size-sm\" href=\"https:\/\/www.act-translations.com\/en-gb\/instant-quote\/\">\n\t\t\t\t\t\t<span class=\"elementor-button-content-wrapper\">\n\t\t\t\t\t\t\t\t\t<span class=\"elementor-button-text\">Get a free quote now!<\/span>\n\t\t\t\t\t<\/span>\n\t\t\t\t\t<\/a>\n\t\t\t\t\t\t\t\t<\/div>\n\t\t\t\t<div class=\"elementor-element elementor-element-622e7fe elementor-widget-mobile__width-inherit elementor-widget elementor-widget-global elementor-global-22905 elementor-global-15421 elementor-widget-heading\" data-id=\"622e7fe\" data-element_type=\"widget\" data-e-type=\"widget\" data-widget_type=\"heading.default\">\n\t\t\t\t\t<p class=\"elementor-heading-title elementor-size-default\">or<\/p>\t\t\t\t<\/div>\n\t\t\t\t<div class=\"elementor-element elementor-element-f6c3055 elementor-mobile-align-justify elementor-widget-mobile__width-inherit elementor-widget elementor-widget-global elementor-global-22910 elementor-global-15422 elementor-widget-button\" data-id=\"f6c3055\" data-element_type=\"widget\" data-e-type=\"widget\" data-widget_type=\"button.default\">\n\t\t\t\t\t\t\t\t\t\t<a class=\"elementor-button elementor-button-link elementor-size-sm\" href=\"https:\/\/www.act-translations.com\/en-gb\/contact\/\">\n\t\t\t\t\t\t<span class=\"elementor-button-content-wrapper\">\n\t\t\t\t\t\t\t\t\t<span class=\"elementor-button-text\">Contact us<\/span>\n\t\t\t\t\t<\/span>\n\t\t\t\t\t<\/a>\n\t\t\t\t\t\t\t\t<\/div>\n\t\t\t\t<\/div>\n\t\t\t\t\t<\/div>\n\t\t\t\t<\/div>\n\t\t<div class=\"elementor-element elementor-element-4b78231 e-flex e-con-boxed e-con e-parent\" data-id=\"4b78231\" data-element_type=\"container\" data-e-type=\"container\">\n\t\t\t\t\t<div class=\"e-con-inner\">\n\t\t\t\t<div class=\"elementor-element elementor-element-f904b70 elementor-widget elementor-widget-breadcrumbs\" data-id=\"f904b70\" data-element_type=\"widget\" data-e-type=\"widget\" data-widget_type=\"breadcrumbs.default\">\n\t\t\t\t<div class=\"elementor-widget-container\">\n\t\t\t\t\t<nav aria-label=\"breadcrumbs\" class=\"rank-math-breadcrumb\"><p><span class=\"last\">Home<\/span><\/p><\/nav>\t\t\t\t<\/div>\n\t\t\t\t<\/div>\n\t\t\t\t<div class=\"elementor-element elementor-element-f1b1708 elementor-widget elementor-widget-heading\" data-id=\"f1b1708\" data-element_type=\"widget\" data-e-type=\"widget\" data-widget_type=\"heading.default\">\n\t\t\t\t\t<h2 class=\"elementor-heading-title elementor-size-default\">Ensuring that the message remains intact<\/h2>\t\t\t\t<\/div>\n\t\t\t\t<div class=\"elementor-element elementor-element-ff9059e elementor-widget elementor-widget-heading\" data-id=\"ff9059e\" data-element_type=\"widget\" data-e-type=\"widget\" data-widget_type=\"heading.default\">\n\t\t\t\t\t<h3 class=\"elementor-heading-title elementor-size-default\">You\u2019re in best of hands with our language experts.<\/h3>\t\t\t\t<\/div>\n\t\t\t\t<div class=\"elementor-element elementor-element-a9c2534 elementor-widget elementor-widget-text-editor\" data-id=\"a9c2534\" data-element_type=\"widget\" data-e-type=\"widget\" data-widget_type=\"text-editor.default\">\n\t\t\t\t\t\t\t\t\t<p>Single words can have negative consequences for your business if they are misunderstood. Professional interpreters make sure that even the most subtle nuances are faithfully communicated to you and your business partners.<\/p>\n\t\t\t\t\t\t\t\t<\/div>\n\t\t\t\t\t<\/div>\n\t\t\t\t<\/div>\n\t\t<div class=\"elementor-element elementor-element-51eaae4 e-flex e-con-boxed e-con e-parent\" data-id=\"51eaae4\" data-element_type=\"container\" data-e-type=\"container\" data-settings=\"{&quot;background_background&quot;:&quot;classic&quot;}\">\n\t\t\t\t\t<div class=\"e-con-inner\">\n\t\t<div class=\"elementor-element elementor-element-95e139b e-con-full e-flex e-con e-child\" data-id=\"95e139b\" data-element_type=\"container\" data-e-type=\"container\">\n\t\t\t\t<div class=\"elementor-element elementor-element-b27a607 elementor-widget elementor-widget-heading\" data-id=\"b27a607\" data-element_type=\"widget\" data-e-type=\"widget\" data-widget_type=\"heading.default\">\n\t\t\t\t\t<h2 class=\"elementor-heading-title elementor-size-default\">Interpreting services to suit every situation<\/h2>\t\t\t\t<\/div>\n\t\t\t\t<div class=\"elementor-element elementor-element-ad5dcf0 elementor-widget elementor-widget-text-editor\" data-id=\"ad5dcf0\" data-element_type=\"widget\" data-e-type=\"widget\" data-widget_type=\"text-editor.default\">\n\t\t\t\t\t\t\t\t\t<p>We will find you the right interpreter for any occasion:<\/p>\n\t\t\t\t\t\t\t\t<\/div>\n\t\t\t\t<div class=\"elementor-element elementor-element-feace3b elementor-icon-list--layout-traditional elementor-list-item-link-full_width elementor-widget elementor-widget-icon-list\" data-id=\"feace3b\" data-element_type=\"widget\" data-e-type=\"widget\" data-widget_type=\"icon-list.default\">\n\t\t\t\t\t\t\t<ul class=\"elementor-icon-list-items\">\n\t\t\t\t\t\t\t<li class=\"elementor-icon-list-item\">\n\t\t\t\t\t\t\t\t\t\t\t<span class=\"elementor-icon-list-icon\">\n\t\t\t\t\t\t\t<svg xmlns=\"http:\/\/www.w3.org\/2000\/svg\" xml:space=\"preserve\" viewBox=\"0 0 147.4 147.4\">  <linearGradient id=\"a\" x1=\"2.8\" x2=\"144.6\" y1=\"73.7\" y2=\"73.7\" gradientUnits=\"userSpaceOnUse\">    <stop offset=\"0\" stop-color=\"#93ba1f\"><\/stop>    <stop offset=\"1\" stop-color=\"#005470\"><\/stop>  <\/linearGradient>  <path fill=\"url(#a)\" d=\"M144.6 73.7c0 19.6-6.9 36.3-20.8 50.1s-30.5 20.8-50.1 20.8-36.3-6.9-50.1-20.8S2.8 93.3 2.8 73.7s6.9-36.3 20.8-50.1S54.1 2.8 73.7 2.8s36.3 6.9 50.1 20.8 20.8 30.5 20.8 50.1zm-6.7 0c0-17.7-6.3-32.8-18.8-45.4S91.4 9.5 73.7 9.5s-32.8 6.3-45.4 18.8C15.8 40.9 9.5 56 9.5 73.7s6.3 32.8 18.8 45.4 27.7 18.8 45.4 18.8 32.8-6.3 45.4-18.8 18.8-27.7 18.8-45.4zM57.1 90.9c.7-2 .4-3.6-1.1-4.7L42.7 72.9c-2-2.4-4.2-2.5-6.4-.3-2 2.2-2 4.3 0 6.4l13.3 13.3c.9.9 1.9 1.4 3 1.4 2.1-.1 3.6-1 4.5-2.8zm6.4 9.7L111.1 53c2-2 2-4.1 0-6.1-2.2-2.2-4.3-2.2-6.4 0L57.4 94.5c-.9.9-1.4 1.9-1.4 3.1s.5 2.1 1.4 3.1c.9.9 1.9 1.4 3 1.4a6 6 0 0 0 3.1-1.5z\"><\/path><\/svg>\t\t\t\t\t\t<\/span>\n\t\t\t\t\t\t\t\t\t\t<span class=\"elementor-icon-list-text\"><strong>Simultaneous interpreting<\/strong><br>A simultaneous interpreter translates the spoken text as the speaker is talking (usually inside a soundproof booth).<\/span>\n\t\t\t\t\t\t\t\t\t<\/li>\n\t\t\t\t\t\t\t\t<li class=\"elementor-icon-list-item\">\n\t\t\t\t\t\t\t\t\t\t\t<span class=\"elementor-icon-list-icon\">\n\t\t\t\t\t\t\t<svg xmlns=\"http:\/\/www.w3.org\/2000\/svg\" xml:space=\"preserve\" viewBox=\"0 0 147.4 147.4\">  <linearGradient id=\"a\" x1=\"2.8\" x2=\"144.6\" y1=\"73.7\" y2=\"73.7\" gradientUnits=\"userSpaceOnUse\">    <stop offset=\"0\" stop-color=\"#93ba1f\"><\/stop>    <stop offset=\"1\" stop-color=\"#005470\"><\/stop>  <\/linearGradient>  <path fill=\"url(#a)\" d=\"M144.6 73.7c0 19.6-6.9 36.3-20.8 50.1s-30.5 20.8-50.1 20.8-36.3-6.9-50.1-20.8S2.8 93.3 2.8 73.7s6.9-36.3 20.8-50.1S54.1 2.8 73.7 2.8s36.3 6.9 50.1 20.8 20.8 30.5 20.8 50.1zm-6.7 0c0-17.7-6.3-32.8-18.8-45.4S91.4 9.5 73.7 9.5s-32.8 6.3-45.4 18.8C15.8 40.9 9.5 56 9.5 73.7s6.3 32.8 18.8 45.4 27.7 18.8 45.4 18.8 32.8-6.3 45.4-18.8 18.8-27.7 18.8-45.4zM57.1 90.9c.7-2 .4-3.6-1.1-4.7L42.7 72.9c-2-2.4-4.2-2.5-6.4-.3-2 2.2-2 4.3 0 6.4l13.3 13.3c.9.9 1.9 1.4 3 1.4 2.1-.1 3.6-1 4.5-2.8zm6.4 9.7L111.1 53c2-2 2-4.1 0-6.1-2.2-2.2-4.3-2.2-6.4 0L57.4 94.5c-.9.9-1.4 1.9-1.4 3.1s.5 2.1 1.4 3.1c.9.9 1.9 1.4 3 1.4a6 6 0 0 0 3.1-1.5z\"><\/path><\/svg>\t\t\t\t\t\t<\/span>\n\t\t\t\t\t\t\t\t\t\t<span class=\"elementor-icon-list-text\"><strong>Consecutive interpreting<\/strong><br>Consecutive interpreting takes place in sections while the speaker pauses.<\/span>\n\t\t\t\t\t\t\t\t\t<\/li>\n\t\t\t\t\t\t\t\t<li class=\"elementor-icon-list-item\">\n\t\t\t\t\t\t\t\t\t\t\t<span class=\"elementor-icon-list-icon\">\n\t\t\t\t\t\t\t<svg xmlns=\"http:\/\/www.w3.org\/2000\/svg\" xml:space=\"preserve\" viewBox=\"0 0 147.4 147.4\">  <linearGradient id=\"a\" x1=\"2.8\" x2=\"144.6\" y1=\"73.7\" y2=\"73.7\" gradientUnits=\"userSpaceOnUse\">    <stop offset=\"0\" stop-color=\"#93ba1f\"><\/stop>    <stop offset=\"1\" stop-color=\"#005470\"><\/stop>  <\/linearGradient>  <path fill=\"url(#a)\" d=\"M144.6 73.7c0 19.6-6.9 36.3-20.8 50.1s-30.5 20.8-50.1 20.8-36.3-6.9-50.1-20.8S2.8 93.3 2.8 73.7s6.9-36.3 20.8-50.1S54.1 2.8 73.7 2.8s36.3 6.9 50.1 20.8 20.8 30.5 20.8 50.1zm-6.7 0c0-17.7-6.3-32.8-18.8-45.4S91.4 9.5 73.7 9.5s-32.8 6.3-45.4 18.8C15.8 40.9 9.5 56 9.5 73.7s6.3 32.8 18.8 45.4 27.7 18.8 45.4 18.8 32.8-6.3 45.4-18.8 18.8-27.7 18.8-45.4zM57.1 90.9c.7-2 .4-3.6-1.1-4.7L42.7 72.9c-2-2.4-4.2-2.5-6.4-.3-2 2.2-2 4.3 0 6.4l13.3 13.3c.9.9 1.9 1.4 3 1.4 2.1-.1 3.6-1 4.5-2.8zm6.4 9.7L111.1 53c2-2 2-4.1 0-6.1-2.2-2.2-4.3-2.2-6.4 0L57.4 94.5c-.9.9-1.4 1.9-1.4 3.1s.5 2.1 1.4 3.1c.9.9 1.9 1.4 3 1.4a6 6 0 0 0 3.1-1.5z\"><\/path><\/svg>\t\t\t\t\t\t<\/span>\n\t\t\t\t\t\t\t\t\t\t<span class=\"elementor-icon-list-text\"><strong>Negotiation\/liaison interpreting<\/strong><br>This type of interpreting is used in negotiations involving a small number of people. Here too, the interpreter translates the conversation in sections, but off the cuff.<\/span>\n\t\t\t\t\t\t\t\t\t<\/li>\n\t\t\t\t\t\t<\/ul>\n\t\t\t\t\t\t<\/div>\n\t\t\t\t<\/div>\n\t\t\t\t\t<\/div>\n\t\t\t\t<\/div>\n\t\t<div class=\"elementor-element elementor-element-3fbc637 e-flex e-con-boxed e-con e-parent\" data-id=\"3fbc637\" data-element_type=\"container\" data-e-type=\"container\">\n\t\t\t\t\t<div class=\"e-con-inner\">\n\t\t\t\t<div class=\"elementor-element elementor-element-fbb988f elementor-position-right elementor-vertical-align-top elementor-widget elementor-widget-image-box\" data-id=\"fbb988f\" data-element_type=\"widget\" data-e-type=\"widget\" data-widget_type=\"image-box.default\">\n\t\t\t\t\t<div class=\"elementor-image-box-wrapper\"><figure class=\"elementor-image-box-img\"><img decoding=\"async\" src=\"https:\/\/www.act-translations.com\/wp-content\/uploads\/elementor\/thumbs\/konferenzdolmetschen-dolmetscherbuero-geschaeftsverhandlungen-conference-interpreting-business-negotiations-qryfimusef09ge0u6ulam2kkc1un43e4y8a0udk58c.webp\" title=\"konferenzdolmetschen-dolmetscherbuero-geschaeftsverhandlungen-conference-interpreting-business-negotiations\" alt=\"konferenzdolmetschen-dolmetscherbuero-geschaeftsverhandlungen-conference-interpreting-business-negotiations\" loading=\"lazy\" \/><\/figure><div class=\"elementor-image-box-content\"><h2 class=\"elementor-image-box-title\">We facilitate better communication in any situation!<\/h2><p class=\"elementor-image-box-description\"><b><i>This way, you always know what your conversation partners are saying.<\/i><\/b>\n<br><br>\nAs a certified interpreting agency with long-standing experience, we offer you professional interpreters with comprehensive industry expertise in addition to strong language proficiency. We offer you both simultaneous and consecutive interpreters for your events, as well as interpreters for business negotiations.\n<br><br>\nFor your business travels, we can also arrange for an escort interpreter.<\/p><\/div><\/div>\t\t\t\t<\/div>\n\t\t\t\t\t<\/div>\n\t\t\t\t<\/div>\n\t\t<div class=\"elementor-element elementor-element-4ca9db7 e-flex e-con-boxed e-con e-parent\" data-id=\"4ca9db7\" data-element_type=\"container\" data-e-type=\"container\" data-settings=\"{&quot;background_background&quot;:&quot;classic&quot;}\">\n\t\t\t\t\t<div class=\"e-con-inner\">\n\t\t\t\t<div class=\"elementor-element elementor-element-035e67c elementor-position-left elementor-vertical-align-top elementor-widget elementor-widget-image-box\" data-id=\"035e67c\" data-element_type=\"widget\" data-e-type=\"widget\" data-widget_type=\"image-box.default\">\n\t\t\t\t\t<div class=\"elementor-image-box-wrapper\"><figure class=\"elementor-image-box-img\"><img decoding=\"async\" src=\"https:\/\/www.act-translations.com\/wp-content\/uploads\/dolmetscherteam-dolmetschertechnik-dolmetscherausruestung-interpreting-technology-interpreter-equipment.webp\" title=\"\" alt=\"\" loading=\"lazy\"><\/figure><div class=\"elementor-image-box-content\"><h2 class=\"elementor-image-box-title\">Consultation and equipment<\/h2><p class=\"elementor-image-box-description\"><b><i>We offer the ideal service for every project.<\/i><\/b>\n<br><br>\nWe will be happy to provide you with a comprehensive consultation and set up a monolingual or multilingual team of interpreters for any event, including contract negotiations, conferences or business trips that span several days. Our interpreters are experts in their respective fields and experienced native speakers.\n<br><br>\nWe also provide all the necessary conference and sound technology. Our service includes on-time equipment delivery and on-site support provided by a specialist.<\/p><\/div><\/div>\t\t\t\t<\/div>\n\t\t\t\t\t<\/div>\n\t\t\t\t<\/div>\n\t\t<div class=\"elementor-element elementor-element-13408d2 e-con-full e-flex e-con e-parent\" data-id=\"13408d2\" data-element_type=\"container\" data-e-type=\"container\">\n\t\t\t\t<div class=\"elementor-element elementor-element-0a76f18 elementor-widget elementor-widget-template\" data-id=\"0a76f18\" data-element_type=\"widget\" data-e-type=\"widget\" data-widget_type=\"template.default\">\n\t\t\t\t<div class=\"elementor-widget-container\">\n\t\t\t\t\t\t\t<div class=\"elementor-template\">\n\t\t\t\t\t<div data-elementor-type=\"container\" data-elementor-id=\"22889\" class=\"elementor elementor-22889 elementor-15411 elementor-15411\" data-elementor-post-type=\"elementor_library\">\n\t\t\t\t<div class=\"elementor-element elementor-element-6b67fd4b e-flex e-con-boxed e-con e-parent\" data-id=\"6b67fd4b\" data-element_type=\"container\" data-e-type=\"container\">\n\t\t\t\t\t<div class=\"e-con-inner\">\n\t\t\t\t<div class=\"elementor-element elementor-element-3cbbdbfb elementor-widget elementor-widget-heading\" data-id=\"3cbbdbfb\" data-element_type=\"widget\" data-e-type=\"widget\" data-widget_type=\"heading.default\">\n\t\t\t\t\t<h2 class=\"elementor-heading-title elementor-size-default\">Ihre Projekte in unseren H\u00e4nden<\/h2>\t\t\t\t<\/div>\n\t\t<div class=\"elementor-element elementor-element-43fc7d65 e-con-full e-grid e-con e-child\" data-id=\"43fc7d65\" data-element_type=\"container\" data-e-type=\"container\">\n\t\t<div class=\"elementor-element elementor-element-5b8604ff e-con-full e-flex e-con e-child\" data-id=\"5b8604ff\" data-element_type=\"container\" data-e-type=\"container\" data-settings=\"{&quot;background_background&quot;:&quot;classic&quot;}\">\n\t\t\t\t<div class=\"elementor-element elementor-element-cd8f51f elementor-vertical-align-top elementor-widget elementor-widget-image-box\" data-id=\"cd8f51f\" data-element_type=\"widget\" data-e-type=\"widget\" data-widget_type=\"image-box.default\">\n\t\t\t\t\t<div class=\"elementor-image-box-wrapper\"><div class=\"elementor-image-box-content\"><h5 class=\"elementor-image-box-title\"><a href=\"https:\/\/www.act-translations.com\/en-gb\/translation-agency\/our-translators\/\">Unsere \u00dcbersetzer:innen<\/a><\/h5><p class=\"elementor-image-box-description\">ACT ist die besondere Spezialisierung der \u00dcbersetzer:innen auf die unterschiedlichen Fachbereiche wichtig \u2013 unser umfangreicher Pool an Muttersprachler:innen erm\u00f6glicht es uns, f\u00fcr jeden Fachbereich die passenden Sprachexpert:innen zu finden.<\/p><\/div><\/div>\t\t\t\t<\/div>\n\t\t\t\t<\/div>\n\t\t<div class=\"elementor-element elementor-element-428d5aad e-con-full e-flex e-con e-child\" data-id=\"428d5aad\" data-element_type=\"container\" data-e-type=\"container\" data-settings=\"{&quot;background_background&quot;:&quot;classic&quot;}\">\n\t\t\t\t<div class=\"elementor-element elementor-element-71c62e72 elementor-vertical-align-top elementor-widget elementor-widget-image-box\" data-id=\"71c62e72\" data-element_type=\"widget\" data-e-type=\"widget\" data-widget_type=\"image-box.default\">\n\t\t\t\t\t<div class=\"elementor-image-box-wrapper\"><div class=\"elementor-image-box-content\"><h5 class=\"elementor-image-box-title\"><a href=\"https:\/\/www.act-translations.com\/en-gb\/translation-agency\/translation-management\/\">\u00dcbersetzungs management<\/a><\/h5><p class=\"elementor-image-box-description\">Das Team von ACT hat langj\u00e4hrige Erfahrung mit den besonderen Anforderungen von Industrie und Handel, insbesondere mit den wachsenden Anspr\u00fcchen unserer internationalen Businesskunden.<\/p><\/div><\/div>\t\t\t\t<\/div>\n\t\t\t\t<\/div>\n\t\t<div class=\"elementor-element elementor-element-2c39f2c9 e-con-full e-flex e-con e-child\" data-id=\"2c39f2c9\" data-element_type=\"container\" data-e-type=\"container\" data-settings=\"{&quot;background_background&quot;:&quot;classic&quot;}\">\n\t\t\t\t<div class=\"elementor-element elementor-element-562bc671 elementor-vertical-align-top elementor-widget elementor-widget-image-box\" data-id=\"562bc671\" data-element_type=\"widget\" data-e-type=\"widget\" data-widget_type=\"image-box.default\">\n\t\t\t\t\t<div class=\"elementor-image-box-wrapper\"><div class=\"elementor-image-box-content\"><h5 class=\"elementor-image-box-title\"><a href=\"https:\/\/www.act-translations.com\/en-gb\/translation-agency\/translation-quality\/\">Qualit\u00e4tspolitik<\/a><\/h5><p class=\"elementor-image-box-description\">Unsere ma\u00dfgeschneiderten Texte sind Zeichen Ihrer Professionalit\u00e4t. Sie sind die Voraussetzung f\u00fcr eine reibungslose Kommunikation und Garant daf\u00fcr, dass die Botschaft des Originaltextes erhalten bleibt \u2013 in allen Kulturen.<\/p><\/div><\/div>\t\t\t\t<\/div>\n\t\t\t\t<\/div>\n\t\t\t\t<\/div>\n\t\t\t\t\t<\/div>\n\t\t\t\t<\/div>\n\t\t\t\t<\/div>\n\t\t\t\t<\/div>\n\t\t\t\t\t\t<\/div>\n\t\t\t\t<\/div>\n\t\t\t\t<div class=\"elementor-element elementor-element-42fa7b2 elementor-widget elementor-widget-template\" data-id=\"42fa7b2\" data-element_type=\"widget\" data-e-type=\"widget\" data-widget_type=\"template.default\">\n\t\t\t\t<div class=\"elementor-widget-container\">\n\t\t\t\t\t\t\t<div class=\"elementor-template\">\n\t\t\t\t\t<div data-elementor-type=\"container\" data-elementor-id=\"22888\" class=\"elementor elementor-22888 elementor-15410 elementor-15410\" data-elementor-post-type=\"elementor_library\">\n\t\t\t\t<div class=\"elementor-element elementor-element-26543c9 e-flex e-con-boxed e-con e-parent\" data-id=\"26543c9\" data-element_type=\"container\" data-e-type=\"container\" data-settings=\"{&quot;background_background&quot;:&quot;classic&quot;}\">\n\t\t\t\t\t<div class=\"e-con-inner\">\n\t\t\t\t<div class=\"elementor-element elementor-element-34bc39ac elementor-widget__width-initial elementor-widget elementor-widget-image-box\" data-id=\"34bc39ac\" data-element_type=\"widget\" data-e-type=\"widget\" data-widget_type=\"image-box.default\">\n\t\t\t\t\t<div class=\"elementor-image-box-wrapper\"><div class=\"elementor-image-box-content\"><h2 class=\"elementor-image-box-title\">Trust in our quality<\/h2><p class=\"elementor-image-box-description\">Every single piece of copy undergoes a separate quality control process: Is every aspect of the translation perfect in terms of language and content? Our texts are always checked before being submitted to our clients. As a highly respected translation agency, we vouch for the quality of our work with our name.  <\/p><\/div><\/div>\t\t\t\t<\/div>\n\t\t<div class=\"elementor-element elementor-element-634bacbd e-grid e-con-boxed e-con e-child\" data-id=\"634bacbd\" data-element_type=\"container\" data-e-type=\"container\">\n\t\t\t\t\t<div class=\"e-con-inner\">\n\t\t\t\t\t<\/div>\n\t\t\t\t<\/div>\n\t\t\t\t\t<\/div>\n\t\t\t\t<\/div>\n\t\t\t\t<\/div>\n\t\t\t\t<\/div>\n\t\t\t\t\t\t<\/div>\n\t\t\t\t<\/div>\n\t\t\t\t<div class=\"elementor-element elementor-element-608f665 elementor-widget elementor-widget-template\" data-id=\"608f665\" data-element_type=\"widget\" data-e-type=\"widget\" data-widget_type=\"template.default\">\n\t\t\t\t<div class=\"elementor-widget-container\">\n\t\t\t\t\t\t\t<div class=\"elementor-template\">\n\t\t\t\t\t<div data-elementor-type=\"container\" data-elementor-id=\"22904\" class=\"elementor elementor-22904 elementor-15420 elementor-15420\" data-elementor-post-type=\"elementor_library\">\n\t\t\t\t<div class=\"elementor-element elementor-element-bc5b7ac e-grid e-con-boxed e-con e-parent\" data-id=\"bc5b7ac\" data-element_type=\"container\" data-e-type=\"container\">\n\t\t\t\t\t<div class=\"e-con-inner\">\n\t\t<div class=\"elementor-element elementor-element-640671f9 e-con-full e-flex e-con e-child\" data-id=\"640671f9\" data-element_type=\"container\" data-e-type=\"container\">\n\t\t\t\t<div class=\"elementor-element elementor-element-3c3e22e5 elementor-widget elementor-widget-heading\" data-id=\"3c3e22e5\" data-element_type=\"widget\" data-e-type=\"widget\" data-widget_type=\"heading.default\">\n\t\t\t\t\t<h2 class=\"elementor-heading-title elementor-size-default\">Would you like<br>a personal consultation?<\/h2>\t\t\t\t<\/div>\n\t\t\t\t<div class=\"elementor-element elementor-element-4e23ca6f elementor-widget elementor-widget-text-editor\" data-id=\"4e23ca6f\" data-element_type=\"widget\" data-e-type=\"widget\" data-widget_type=\"text-editor.default\">\n\t\t\t\t\t\t\t\t\t<p>Your personal contact provides expert and solution-oriented advice. We use cutting-edge technology and a sure feel for languages to deliver expert, on-target translations.<br \/>Your deadlines are our deadlines, and we strive to make the whole process easy for you. That\u2019s what we mean by quality. Our translation service goes the extra mile.  <\/p>\n\t\t\t\t\t\t\t\t<\/div>\n\t\t\t\t<\/div>\n\t\t<div class=\"elementor-element elementor-element-2f9d05d5 e-con-full e-flex e-con e-child\" data-id=\"2f9d05d5\" data-element_type=\"container\" data-e-type=\"container\">\n\t\t\t\t<div class=\"elementor-element elementor-element-7c535fd elementor-position-top elementor-widget elementor-widget-image-box\" data-id=\"7c535fd\" data-element_type=\"widget\" data-e-type=\"widget\" data-widget_type=\"image-box.default\">\n\t\t\t\t\t<div class=\"elementor-image-box-wrapper\"><figure class=\"elementor-image-box-img\"><img decoding=\"async\" src=\"https:\/\/www.act-translations.com\/wp-content\/uploads\/ihre-ansprechpartner-sprachdienstleister-your-contact-person-language-key-account-manager-act.webp\" title=\"\" alt=\"\" loading=\"lazy\"><\/figure><div class=\"elementor-image-box-content\"><h3 class=\"elementor-image-box-title\">Hello, my name is Kirti Sawhney-Kersten.<br>How can I help you?<\/h3><p class=\"elementor-image-box-description\">Kirti Sawhney-Kersten, Key Account Manager<\/p><\/div><\/div>\t\t\t\t<\/div>\n\t\t\t\t<div class=\"elementor-element elementor-element-7c77a8 elementor-widget elementor-widget-text-editor\" data-id=\"7c77a8\" data-element_type=\"widget\" data-e-type=\"widget\" data-widget_type=\"text-editor.default\">\n\t\t\t\t\t\t\t\t\t<p>Phone: <a href=\"tel:+4921615671159\">+49 2161 56711 &#8211; 59<\/a> <br \/>Email: <a href=\"mailto:k.sawhney-kersten@act-translations.com\">k.sawhney-kersten@act-translations.com<\/a><\/p>\n\t\t\t\t\t\t\t\t<\/div>\n\t\t\t\t<\/div>\n\t\t\t\t\t<\/div>\n\t\t\t\t<\/div>\n\t\t\t\t<\/div>\n\t\t\t\t<\/div>\n\t\t\t\t\t\t<\/div>\n\t\t\t\t<\/div>\n\t\t\t\t<\/div>\n\t\t\t\t<\/div>\n\t\t","protected":false},"excerpt":{"rendered":"<p>Professional interpreters are critical to your success. Flawless comprehension is important for the successful conclusion of contract negotiations and the organization of conferences or company events.<\/p>\n","protected":false},"author":1,"featured_media":14423,"parent":22836,"menu_order":0,"comment_status":"closed","ping_status":"closed","template":"","meta":{"footnotes":""},"class_list":["post-22770","page","type-page","status-publish","has-post-thumbnail","hentry"],"_links":{"self":[{"href":"https:\/\/www.act-translations.com\/en-gb\/wp-json\/wp\/v2\/pages\/22770","targetHints":{"allow":["GET"]}}],"collection":[{"href":"https:\/\/www.act-translations.com\/en-gb\/wp-json\/wp\/v2\/pages"}],"about":[{"href":"https:\/\/www.act-translations.com\/en-gb\/wp-json\/wp\/v2\/types\/page"}],"author":[{"embeddable":true,"href":"https:\/\/www.act-translations.com\/en-gb\/wp-json\/wp\/v2\/users\/1"}],"replies":[{"embeddable":true,"href":"https:\/\/www.act-translations.com\/en-gb\/wp-json\/wp\/v2\/comments?post=22770"}],"version-history":[{"count":9,"href":"https:\/\/www.act-translations.com\/en-gb\/wp-json\/wp\/v2\/pages\/22770\/revisions"}],"predecessor-version":[{"id":29996,"href":"https:\/\/www.act-translations.com\/en-gb\/wp-json\/wp\/v2\/pages\/22770\/revisions\/29996"}],"up":[{"embeddable":true,"href":"https:\/\/www.act-translations.com\/en-gb\/wp-json\/wp\/v2\/pages\/22836"}],"wp:featuredmedia":[{"embeddable":true,"href":"https:\/\/www.act-translations.com\/en-gb\/wp-json\/wp\/v2\/media\/14423"}],"wp:attachment":[{"href":"https:\/\/www.act-translations.com\/en-gb\/wp-json\/wp\/v2\/media?parent=22770"}],"curies":[{"name":"wp","href":"https:\/\/api.w.org\/{rel}","templated":true}]}}