{"id":22836,"date":"2023-10-20T13:18:25","date_gmt":"2023-10-20T11:18:25","guid":{"rendered":"https:\/\/www.act-translations.com\/language-services\/"},"modified":"2024-07-30T11:04:00","modified_gmt":"2024-07-30T09:04:00","slug":"language-services","status":"publish","type":"page","link":"https:\/\/www.act-translations.com\/en-gb\/language-services\/","title":{"rendered":"Our language services"},"content":{"rendered":"\t\t<div data-elementor-type=\"wp-page\" data-elementor-id=\"22836\" class=\"elementor elementor-22836 elementor-15314\" data-elementor-post-type=\"page\">\n\t\t\t\t<div class=\"elementor-element elementor-element-9006520 e-flex e-con-boxed e-con e-parent\" data-id=\"9006520\" data-element_type=\"container\" data-e-type=\"container\" data-settings=\"{&quot;background_background&quot;:&quot;gradient&quot;}\">\n\t\t\t\t\t<div class=\"e-con-inner\">\n\t\t<div class=\"elementor-element elementor-element-3df065c act-gradient e-con-full e-flex elementor-invisible e-con e-child\" data-id=\"3df065c\" data-element_type=\"container\" data-e-type=\"container\" data-settings=\"{&quot;background_background&quot;:&quot;classic&quot;,&quot;animation&quot;:&quot;fadeInLeft&quot;,&quot;animation_delay&quot;:500}\">\n\t\t\t\t<div class=\"elementor-element elementor-element-d85335f elementor-widget elementor-widget-heading\" data-id=\"d85335f\" data-element_type=\"widget\" data-e-type=\"widget\" data-widget_type=\"heading.default\">\n\t\t\t\t\t<h5 class=\"elementor-heading-title elementor-size-default\">Ihr internationaler Sprachdienstleister<\/h5>\t\t\t\t<\/div>\n\t\t\t\t<div class=\"elementor-element elementor-element-0e1be0a elementor-widget elementor-widget-text-editor\" data-id=\"0e1be0a\" data-element_type=\"widget\" data-e-type=\"widget\" data-widget_type=\"text-editor.default\">\n\t\t\t\t\t\t\t\t\t<p>Bei ACT arbeiten wir mit hochqualifizierten \u00dcbersetzer:innen und Dolmetscher:innen zusammen und setzen zudem auf modernste \u00dcbersetzungstechnologien.<\/p>\n\t\t\t\t\t\t\t\t<\/div>\n\t\t\t\t<\/div>\n\t\t\t\t\t<\/div>\n\t\t\t\t<\/div>\n\t\t<div class=\"elementor-element elementor-element-a52b9c8 e-flex e-con-boxed e-con e-parent\" data-id=\"a52b9c8\" data-element_type=\"container\" data-e-type=\"container\">\n\t\t\t\t\t<div class=\"e-con-inner\">\n\t\t\t\t<div class=\"elementor-element elementor-element-ba33c0c elementor-widget elementor-widget-breadcrumbs\" data-id=\"ba33c0c\" data-element_type=\"widget\" data-e-type=\"widget\" data-widget_type=\"breadcrumbs.default\">\n\t\t\t\t<div class=\"elementor-widget-container\">\n\t\t\t\t\t<nav aria-label=\"breadcrumbs\" class=\"rank-math-breadcrumb\"><p><span class=\"last\">Home<\/span><\/p><\/nav>\t\t\t\t<\/div>\n\t\t\t\t<\/div>\n\t\t\t\t<div class=\"elementor-element elementor-element-6d89a35 elementor-widget elementor-widget-heading\" data-id=\"6d89a35\" data-element_type=\"widget\" data-e-type=\"widget\" data-widget_type=\"heading.default\">\n\t\t\t\t\t<h2 class=\"elementor-heading-title elementor-size-default\">Individuelle Sprach\u00addienstleistungen<\/h2>\t\t\t\t<\/div>\n\t\t\t\t<div class=\"elementor-element elementor-element-1d4ad99 elementor-widget elementor-widget-heading\" data-id=\"1d4ad99\" data-element_type=\"widget\" data-e-type=\"widget\" data-widget_type=\"heading.default\">\n\t\t\t\t\t<h3 class=\"elementor-heading-title elementor-size-default\">Exakt die L\u00f6sung, die Sie suchen!<\/h3>\t\t\t\t<\/div>\n\t\t\t\t<div class=\"elementor-element elementor-element-1a9154d elementor-widget elementor-widget-text-editor\" data-id=\"1a9154d\" data-element_type=\"widget\" data-e-type=\"widget\" data-widget_type=\"text-editor.default\">\n\t\t\t\t\t\t\t\t\t<p>Europ\u00e4ische, asiatische und afrikanische Sprachen. Wir \u00fcbersetzen und lektorieren mit Leidenschaft und Expertise in verschiedenen Branchen und Fachbereichen. Als zertifizierter \u00dcbersetzungsdienstleister bieten wir Ihnen ein breitgef\u00e4chertes Leistungsportfolio rund um das Thema \u00dcbersetzungen.<\/p>\n\t\t\t\t\t\t\t\t<\/div>\n\t\t\t\t\t<\/div>\n\t\t\t\t<\/div>\n\t\t<div class=\"elementor-element elementor-element-014e709 e-flex e-con-boxed e-con e-parent\" data-id=\"014e709\" data-element_type=\"container\" data-e-type=\"container\" data-settings=\"{&quot;background_background&quot;:&quot;classic&quot;}\">\n\t\t\t\t\t<div class=\"e-con-inner\">\n\t\t<div class=\"elementor-element elementor-element-933152b e-con-full e-grid e-con e-child\" data-id=\"933152b\" data-element_type=\"container\" data-e-type=\"container\">\n\t\t<div class=\"elementor-element elementor-element-c81c0ab e-con-full e-flex e-con e-child\" data-id=\"c81c0ab\" data-element_type=\"container\" data-e-type=\"container\">\n\t\t<div class=\"elementor-element elementor-element-d3357b1 e-con-full e-flex e-con e-child\" data-id=\"d3357b1\" data-element_type=\"container\" data-e-type=\"container\" data-settings=\"{&quot;background_background&quot;:&quot;classic&quot;}\">\n\t\t\t\t<div class=\"elementor-element elementor-element-697c8c3 elementor-widget elementor-widget-heading\" data-id=\"697c8c3\" data-element_type=\"widget\" data-e-type=\"widget\" data-widget_type=\"heading.default\">\n\t\t\t\t\t<h2 class=\"elementor-heading-title elementor-size-default\">\u00dcbersetzungen<\/h2>\t\t\t\t<\/div>\n\t\t\t\t<div class=\"elementor-element elementor-element-02a0999 elementor-widget elementor-widget-text-editor\" data-id=\"02a0999\" data-element_type=\"widget\" data-e-type=\"widget\" data-widget_type=\"text-editor.default\">\n\t\t\t\t\t\t\t\t\t<p>Wir bieten Ihnen exzellente Fach\u00fcbersetzungen in unterschiedlichen Branchen. Unsere \u00dcbersetzer:innen sind qualit\u00e4tsbewusste, muttersprachliche Spezialist:innen f\u00fcr diverse Fachgebiete. Sie \u00fcbertragen die individuellen Besonderheiten Ihrer Ausgangstexte in die gew\u00fcnschte Zielsprache \u2013 inhaltsgetreu, zielgruppengerecht und hochpr\u00e4zise. Zus\u00e4tzlich nutzen wir spezifische Datenbanken f\u00fcr eine konsistente Verwendung von Fachbegriffen und die Einhaltung Ihrer individuellen Fachterminologie.<\/p>\n\t\t\t\t\t\t\t\t<\/div>\n\t\t\t\t<div class=\"elementor-element elementor-element-a8365f8 elementor-mobile-align-justify elementor-widget elementor-widget-button\" data-id=\"a8365f8\" data-element_type=\"widget\" data-e-type=\"widget\" data-widget_type=\"button.default\">\n\t\t\t\t\t\t\t\t\t\t<a class=\"elementor-button elementor-button-link elementor-size-sm\" href=\"https:\/\/www.act-translations.com\/en-gb\/language-services\/professional-translation\/\">\n\t\t\t\t\t\t<span class=\"elementor-button-content-wrapper\">\n\t\t\t\t\t\t\t\t\t<span class=\"elementor-button-text\">Zum \u00dcbersetzungs\u00adservice<\/span>\n\t\t\t\t\t<\/span>\n\t\t\t\t\t<\/a>\n\t\t\t\t\t\t\t\t<\/div>\n\t\t\t\t<\/div>\n\t\t\t\t<\/div>\n\t\t<div class=\"elementor-element elementor-element-ac2832e e-con-full e-flex e-con e-child\" data-id=\"ac2832e\" data-element_type=\"container\" data-e-type=\"container\" data-settings=\"{&quot;background_background&quot;:&quot;classic&quot;}\">\n\t\t<div class=\"elementor-element elementor-element-453b851 e-con-full e-flex e-con e-child\" data-id=\"453b851\" data-element_type=\"container\" data-e-type=\"container\" data-settings=\"{&quot;background_background&quot;:&quot;classic&quot;}\">\n\t\t\t\t<div class=\"elementor-element elementor-element-0d83386 elementor-widget elementor-widget-heading\" data-id=\"0d83386\" data-element_type=\"widget\" data-e-type=\"widget\" data-widget_type=\"heading.default\">\n\t\t\t\t\t<h2 class=\"elementor-heading-title elementor-size-default\">Lektorat<\/h2>\t\t\t\t<\/div>\n\t\t\t\t<div class=\"elementor-element elementor-element-dad5115 elementor-widget elementor-widget-text-editor\" data-id=\"dad5115\" data-element_type=\"widget\" data-e-type=\"widget\" data-widget_type=\"text-editor.default\">\n\t\t\t\t\t\t\t\t\t<p>Ein reines Korrekturlesen ist oftmals nicht genug. Unsere Lektor:innen kontrollieren \u00dcbersetzungen daher nicht nur auf eine perfekte Orthografie und Interpunktion, sondern haben auch Grammatik und Syntax sowie die fachliche Richtigkeit im Blick. Wir kontrollieren Ihre Texte auch auf Lesbarkeit und Verst\u00e4ndlichkeit.<\/p>\n\t\t\t\t\t\t\t\t<\/div>\n\t\t\t\t<div class=\"elementor-element elementor-element-d851381 elementor-mobile-align-justify elementor-widget elementor-widget-button\" data-id=\"d851381\" data-element_type=\"widget\" data-e-type=\"widget\" data-widget_type=\"button.default\">\n\t\t\t\t\t\t\t\t\t\t<a class=\"elementor-button elementor-button-link elementor-size-sm\" href=\"https:\/\/www.act-translations.com\/en-gb\/language-services\/professional-proofreading\/\">\n\t\t\t\t\t\t<span class=\"elementor-button-content-wrapper\">\n\t\t\t\t\t\t\t\t\t<span class=\"elementor-button-text\">Zum Lektorat<\/span>\n\t\t\t\t\t<\/span>\n\t\t\t\t\t<\/a>\n\t\t\t\t\t\t\t\t<\/div>\n\t\t\t\t<\/div>\n\t\t\t\t<\/div>\n\t\t<div class=\"elementor-element elementor-element-5f30bcb e-con-full e-flex e-con e-child\" data-id=\"5f30bcb\" data-element_type=\"container\" data-e-type=\"container\">\n\t\t<div class=\"elementor-element elementor-element-99d53e3 e-con-full e-flex e-con e-child\" data-id=\"99d53e3\" data-element_type=\"container\" data-e-type=\"container\" data-settings=\"{&quot;background_background&quot;:&quot;classic&quot;}\">\n\t\t\t\t<div class=\"elementor-element elementor-element-2accdbe elementor-widget elementor-widget-heading\" data-id=\"2accdbe\" data-element_type=\"widget\" data-e-type=\"widget\" data-widget_type=\"heading.default\">\n\t\t\t\t\t<h2 class=\"elementor-heading-title elementor-size-default\">Transkreation<\/h2>\t\t\t\t<\/div>\n\t\t\t\t<div class=\"elementor-element elementor-element-dcec6b6 elementor-widget elementor-widget-text-editor\" data-id=\"dcec6b6\" data-element_type=\"widget\" data-e-type=\"widget\" data-widget_type=\"text-editor.default\">\n\t\t\t\t\t\t\t\t\t<p>Werbetexte m\u00fcssen ins Schwarze treffen. Sie m\u00fcssen emotional bewegen. Die \u00dcbersetzung darf dem Original in nichts nachstehen. Unsere \u00dcbersetzer:innen bearbeiten Werbetexte unter Beachtung ver\u00e4nderter kultureller Bedingungen und Zusammenh\u00e4nge.<\/p>\n\t\t\t\t\t\t\t\t<\/div>\n\t\t\t\t<div class=\"elementor-element elementor-element-500fa14 elementor-mobile-align-justify elementor-widget elementor-widget-button\" data-id=\"500fa14\" data-element_type=\"widget\" data-e-type=\"widget\" data-widget_type=\"button.default\">\n\t\t\t\t\t\t\t\t\t\t<a class=\"elementor-button elementor-button-link elementor-size-sm\" href=\"https:\/\/www.act-translations.com\/en-gb\/language-services\/transcreation-creative-translations\/\">\n\t\t\t\t\t\t<span class=\"elementor-button-content-wrapper\">\n\t\t\t\t\t\t\t\t\t<span class=\"elementor-button-text\">Zur Transkreation<\/span>\n\t\t\t\t\t<\/span>\n\t\t\t\t\t<\/a>\n\t\t\t\t\t\t\t\t<\/div>\n\t\t\t\t<\/div>\n\t\t\t\t<\/div>\n\t\t<div class=\"elementor-element elementor-element-9dba084 e-con-full e-flex e-con e-child\" data-id=\"9dba084\" data-element_type=\"container\" data-e-type=\"container\">\n\t\t<div class=\"elementor-element elementor-element-2b25a8d e-con-full e-flex e-con e-child\" data-id=\"2b25a8d\" data-element_type=\"container\" data-e-type=\"container\" data-settings=\"{&quot;background_background&quot;:&quot;classic&quot;}\">\n\t\t\t\t<div class=\"elementor-element elementor-element-5c80a07 elementor-widget elementor-widget-heading\" data-id=\"5c80a07\" data-element_type=\"widget\" data-e-type=\"widget\" data-widget_type=\"heading.default\">\n\t\t\t\t\t<h2 class=\"elementor-heading-title elementor-size-default\">Lokalisierung<\/h2>\t\t\t\t<\/div>\n\t\t\t\t<div class=\"elementor-element elementor-element-e7e537e elementor-widget elementor-widget-text-editor\" data-id=\"e7e537e\" data-element_type=\"widget\" data-e-type=\"widget\" data-widget_type=\"text-editor.default\">\n\t\t\t\t\t\t\t\t\t<p>Softwareprogramme und Games passen wir nicht nur sprachlich an und liefern exakte \u00dcbersetzungen, sondern achten bei der \u00dcbersetzung auch auf kulturelle Gegebenheiten des geographisch und ethnisch umschriebenen Nutzungsgebietes.<\/p>\n\t\t\t\t\t\t\t\t<\/div>\n\t\t\t\t<div class=\"elementor-element elementor-element-ecc28ca elementor-mobile-align-justify elementor-widget elementor-widget-button\" data-id=\"ecc28ca\" data-element_type=\"widget\" data-e-type=\"widget\" data-widget_type=\"button.default\">\n\t\t\t\t\t\t\t\t\t\t<a class=\"elementor-button elementor-button-link elementor-size-sm\" href=\"https:\/\/www.act-translations.com\/en-gb\/language-services\/localization\/\">\n\t\t\t\t\t\t<span class=\"elementor-button-content-wrapper\">\n\t\t\t\t\t\t\t\t\t<span class=\"elementor-button-text\">Zur Lokalisierung<\/span>\n\t\t\t\t\t<\/span>\n\t\t\t\t\t<\/a>\n\t\t\t\t\t\t\t\t<\/div>\n\t\t\t\t<\/div>\n\t\t\t\t<\/div>\n\t\t<div class=\"elementor-element elementor-element-3a0a666 e-con-full e-flex e-con e-child\" data-id=\"3a0a666\" data-element_type=\"container\" data-e-type=\"container\">\n\t\t<div class=\"elementor-element elementor-element-8364faa e-con-full e-flex e-con e-child\" data-id=\"8364faa\" data-element_type=\"container\" data-e-type=\"container\" data-settings=\"{&quot;background_background&quot;:&quot;classic&quot;}\">\n\t\t\t\t<div class=\"elementor-element elementor-element-efa9e08 elementor-widget elementor-widget-heading\" data-id=\"efa9e08\" data-element_type=\"widget\" data-e-type=\"widget\" data-widget_type=\"heading.default\">\n\t\t\t\t\t<h2 class=\"elementor-heading-title elementor-size-default\">Post-Editing<\/h2>\t\t\t\t<\/div>\n\t\t\t\t<div class=\"elementor-element elementor-element-6036774 elementor-widget elementor-widget-text-editor\" data-id=\"6036774\" data-element_type=\"widget\" data-e-type=\"widget\" data-widget_type=\"text-editor.default\">\n\t\t\t\t\t\t\t\t\t<p>Bei unserem Post-Editing-Service \u00fcberpr\u00fcfen, bearbeiten und verbessern ausgebildete \u00dcbersetzer die Qualit\u00e4t Ihrer maschinellen \u00dcbersetzung. Sie stellen sicher, dass die Terminologie, der Stil und andere linguistische Anforderungen Ihres Unternehmens angewandt werden.<\/p>\n\t\t\t\t\t\t\t\t<\/div>\n\t\t\t\t<div class=\"elementor-element elementor-element-5218847 elementor-mobile-align-justify elementor-widget elementor-widget-button\" data-id=\"5218847\" data-element_type=\"widget\" data-e-type=\"widget\" data-widget_type=\"button.default\">\n\t\t\t\t\t\t\t\t\t\t<a class=\"elementor-button elementor-button-link elementor-size-sm\" href=\"https:\/\/www.act-translations.com\/en-gb\/language-services\/post-editing\/\">\n\t\t\t\t\t\t<span class=\"elementor-button-content-wrapper\">\n\t\t\t\t\t\t\t\t\t<span class=\"elementor-button-text\">Zum Post-Editing<\/span>\n\t\t\t\t\t<\/span>\n\t\t\t\t\t<\/a>\n\t\t\t\t\t\t\t\t<\/div>\n\t\t\t\t<\/div>\n\t\t\t\t<\/div>\n\t\t<div class=\"elementor-element elementor-element-638def7 e-con-full e-flex e-con e-child\" data-id=\"638def7\" data-element_type=\"container\" data-e-type=\"container\">\n\t\t<div class=\"elementor-element elementor-element-50dd57e e-con-full e-flex e-con e-child\" data-id=\"50dd57e\" data-element_type=\"container\" data-e-type=\"container\" data-settings=\"{&quot;background_background&quot;:&quot;classic&quot;}\">\n\t\t\t\t<div class=\"elementor-element elementor-element-8f850b1 elementor-widget elementor-widget-heading\" data-id=\"8f850b1\" data-element_type=\"widget\" data-e-type=\"widget\" data-widget_type=\"heading.default\">\n\t\t\t\t\t<h2 class=\"elementor-heading-title elementor-size-default\">Fremdsprachensatz<\/h2>\t\t\t\t<\/div>\n\t\t\t\t<div class=\"elementor-element elementor-element-55ec351 elementor-widget elementor-widget-text-editor\" data-id=\"55ec351\" data-element_type=\"widget\" data-e-type=\"widget\" data-widget_type=\"text-editor.default\">\n\t\t\t\t\t\t\t\t\t<p>Bei einer Publikation z\u00e4hlt auch die visuelle Wirkung. Unsere \u00dcbersetzungsprofis sorgen daf\u00fcr, dass bei der Formatierung die Gestaltung des Originals erhalten bleibt. Und sie achten darauf, dass Text und Grafiken auch in Ihrer \u00dcbersetzung weiterhin zueinander passen.<\/p>\n\t\t\t\t\t\t\t\t<\/div>\n\t\t\t\t<div class=\"elementor-element elementor-element-db97920 elementor-mobile-align-justify elementor-widget elementor-widget-button\" data-id=\"db97920\" data-element_type=\"widget\" data-e-type=\"widget\" data-widget_type=\"button.default\">\n\t\t\t\t\t\t\t\t\t\t<a class=\"elementor-button elementor-button-link elementor-size-sm\" href=\"https:\/\/www.act-translations.com\/en-gb\/language-services\/foreign-language-typesetting-desktop-publishing\/\">\n\t\t\t\t\t\t<span class=\"elementor-button-content-wrapper\">\n\t\t\t\t\t\t\t\t\t<span class=\"elementor-button-text\">Zum Fremdsprachensatz<\/span>\n\t\t\t\t\t<\/span>\n\t\t\t\t\t<\/a>\n\t\t\t\t\t\t\t\t<\/div>\n\t\t\t\t<\/div>\n\t\t\t\t<\/div>\n\t\t<div class=\"elementor-element elementor-element-e8adaac e-con-full e-flex e-con e-child\" data-id=\"e8adaac\" data-element_type=\"container\" data-e-type=\"container\">\n\t\t<div class=\"elementor-element elementor-element-fd97c59 e-con-full e-flex e-con e-child\" data-id=\"fd97c59\" data-element_type=\"container\" data-e-type=\"container\" data-settings=\"{&quot;background_background&quot;:&quot;classic&quot;}\">\n\t\t\t\t<div class=\"elementor-element elementor-element-fabfa9e elementor-widget elementor-widget-heading\" data-id=\"fabfa9e\" data-element_type=\"widget\" data-e-type=\"widget\" data-widget_type=\"heading.default\">\n\t\t\t\t\t<h2 class=\"elementor-heading-title elementor-size-default\">Dolmetschen<\/h2>\t\t\t\t<\/div>\n\t\t\t\t<div class=\"elementor-element elementor-element-26bbca5 elementor-widget elementor-widget-text-editor\" data-id=\"26bbca5\" data-element_type=\"widget\" data-e-type=\"widget\" data-widget_type=\"text-editor.default\">\n\t\t\t\t\t\t\t\t\t<p>Bei Vertragsverhandlungen und Konferenzen ist ein l\u00fcckenloses Verst\u00e4ndnis entscheidend f\u00fcr den erfolgreichen Ablauf. ACT vermittelt Ihnen Dolmetscher:innen f\u00fcr unterschiedliche Anl\u00e4sse und bietet Ihnen Leistungen wie Simultandolmetschen, Konsekutivdolmetschen und Verhandlungsdolmetschen.<\/p>\n\t\t\t\t\t\t\t\t<\/div>\n\t\t\t\t<div class=\"elementor-element elementor-element-348f97d elementor-mobile-align-justify elementor-widget elementor-widget-button\" data-id=\"348f97d\" data-element_type=\"widget\" data-e-type=\"widget\" data-widget_type=\"button.default\">\n\t\t\t\t\t\t\t\t\t\t<a class=\"elementor-button elementor-button-link elementor-size-sm\" href=\"https:\/\/www.act-translations.com\/en-gb\/language-services\/interpreting\/\">\n\t\t\t\t\t\t<span class=\"elementor-button-content-wrapper\">\n\t\t\t\t\t\t\t\t\t<span class=\"elementor-button-text\">Zum Dolmetschen<\/span>\n\t\t\t\t\t<\/span>\n\t\t\t\t\t<\/a>\n\t\t\t\t\t\t\t\t<\/div>\n\t\t\t\t<\/div>\n\t\t\t\t<\/div>\n\t\t<div class=\"elementor-element elementor-element-5c292f4 e-con-full e-flex e-con e-child\" data-id=\"5c292f4\" data-element_type=\"container\" data-e-type=\"container\">\n\t\t<div class=\"elementor-element elementor-element-2529225 e-con-full e-flex e-con e-child\" data-id=\"2529225\" data-element_type=\"container\" data-e-type=\"container\" data-settings=\"{&quot;background_background&quot;:&quot;classic&quot;}\">\n\t\t\t\t<div class=\"elementor-element elementor-element-6df1909 elementor-widget elementor-widget-heading\" data-id=\"6df1909\" data-element_type=\"widget\" data-e-type=\"widget\" data-widget_type=\"heading.default\">\n\t\t\t\t\t<h2 class=\"elementor-heading-title elementor-size-default\">Digitales Marketing<\/h2>\t\t\t\t<\/div>\n\t\t\t\t<div class=\"elementor-element elementor-element-869721d elementor-widget elementor-widget-text-editor\" data-id=\"869721d\" data-element_type=\"widget\" data-e-type=\"widget\" data-widget_type=\"text-editor.default\">\n\t\t\t\t\t\t\t\t\t<p>Wir erstellen multilingualen Content f\u00fcr Ihren globalen Marketingauftritt. Damit Sie Ihre Kund:innen auf der ganzen Welt erreichen, bieten wir eine Reihe an Leistungen im B2B- und B2C-Bereich an. St\u00e4rken Sie Ihr Unternehmensbild auch online und versorgen Sie Ihre Zielm\u00e4rkte mit relevanten Inhalten. Mit unserer Unterst\u00fctzung erreichen Sie eine bessere Sichtbarkeit Ihres internationalen Webauftritts, steigern Ihren Traffic und gleichzeitig auch Ihren Umsatz.<\/p>\n\t\t\t\t\t\t\t\t<\/div>\n\t\t\t\t<div class=\"elementor-element elementor-element-d521727 elementor-mobile-align-justify elementor-widget elementor-widget-button\" data-id=\"d521727\" data-element_type=\"widget\" data-e-type=\"widget\" data-widget_type=\"button.default\">\n\t\t\t\t\t\t\t\t\t\t<a class=\"elementor-button elementor-button-link elementor-size-sm\" href=\"https:\/\/www.act-translations.com\/en-gb\/language-services\/international-digital-marketing\/\">\n\t\t\t\t\t\t<span class=\"elementor-button-content-wrapper\">\n\t\t\t\t\t\t\t\t\t<span class=\"elementor-button-text\">Zum Digitalen Marketing<\/span>\n\t\t\t\t\t<\/span>\n\t\t\t\t\t<\/a>\n\t\t\t\t\t\t\t\t<\/div>\n\t\t\t\t<\/div>\n\t\t\t\t<\/div>\n\t\t\t\t<\/div>\n\t\t\t\t\t<\/div>\n\t\t\t\t<\/div>\n\t\t<div class=\"elementor-element elementor-element-51e2e70 e-con-full e-flex e-con e-parent\" data-id=\"51e2e70\" data-element_type=\"container\" data-e-type=\"container\">\n\t\t\t\t<div class=\"elementor-element elementor-element-8163bfd elementor-widget elementor-widget-template\" data-id=\"8163bfd\" data-element_type=\"widget\" data-e-type=\"widget\" data-widget_type=\"template.default\">\n\t\t\t\t<div class=\"elementor-widget-container\">\n\t\t\t\t\t\t\t<div class=\"elementor-template\">\n\t\t\t\t\t<div data-elementor-type=\"container\" data-elementor-id=\"22904\" class=\"elementor elementor-22904 elementor-15420 elementor-15420\" data-elementor-post-type=\"elementor_library\">\n\t\t\t\t<div class=\"elementor-element elementor-element-bc5b7ac e-grid e-con-boxed e-con e-parent\" data-id=\"bc5b7ac\" data-element_type=\"container\" data-e-type=\"container\">\n\t\t\t\t\t<div class=\"e-con-inner\">\n\t\t<div class=\"elementor-element elementor-element-640671f9 e-con-full e-flex e-con e-child\" data-id=\"640671f9\" data-element_type=\"container\" data-e-type=\"container\">\n\t\t\t\t<div class=\"elementor-element elementor-element-3c3e22e5 elementor-widget elementor-widget-heading\" data-id=\"3c3e22e5\" data-element_type=\"widget\" data-e-type=\"widget\" data-widget_type=\"heading.default\">\n\t\t\t\t\t<h2 class=\"elementor-heading-title elementor-size-default\">Would you like<br>a personal consultation?<\/h2>\t\t\t\t<\/div>\n\t\t\t\t<div class=\"elementor-element elementor-element-4e23ca6f elementor-widget elementor-widget-text-editor\" data-id=\"4e23ca6f\" data-element_type=\"widget\" data-e-type=\"widget\" data-widget_type=\"text-editor.default\">\n\t\t\t\t\t\t\t\t\t<p>Your personal contact provides expert and solution-oriented advice. We use cutting-edge technology and a sure feel for languages to deliver expert, on-target translations.<br \/>Your deadlines are our deadlines, and we strive to make the whole process easy for you. That\u2019s what we mean by quality. Our translation service goes the extra mile.  <\/p>\n\t\t\t\t\t\t\t\t<\/div>\n\t\t\t\t<\/div>\n\t\t<div class=\"elementor-element elementor-element-2f9d05d5 e-con-full e-flex e-con e-child\" data-id=\"2f9d05d5\" data-element_type=\"container\" data-e-type=\"container\">\n\t\t\t\t<div class=\"elementor-element elementor-element-7c535fd elementor-position-top elementor-widget elementor-widget-image-box\" data-id=\"7c535fd\" data-element_type=\"widget\" data-e-type=\"widget\" data-widget_type=\"image-box.default\">\n\t\t\t\t\t<div class=\"elementor-image-box-wrapper\"><figure class=\"elementor-image-box-img\"><img decoding=\"async\" src=\"https:\/\/www.act-translations.com\/wp-content\/uploads\/ihre-ansprechpartner-sprachdienstleister-your-contact-person-language-key-account-manager-act.webp\" title=\"\" alt=\"\" loading=\"lazy\"><\/figure><div class=\"elementor-image-box-content\"><h3 class=\"elementor-image-box-title\">Hello, my name is Kirti Sawhney-Kersten.<br>How can I help you?<\/h3><p class=\"elementor-image-box-description\">Kirti Sawhney-Kersten, Key Account Manager<\/p><\/div><\/div>\t\t\t\t<\/div>\n\t\t\t\t<div class=\"elementor-element elementor-element-7c77a8 elementor-widget elementor-widget-text-editor\" data-id=\"7c77a8\" data-element_type=\"widget\" data-e-type=\"widget\" data-widget_type=\"text-editor.default\">\n\t\t\t\t\t\t\t\t\t<p>Phone: <a href=\"tel:+4921615671159\">+49 2161 56711 &#8211; 59<\/a> <br \/>Email: <a href=\"mailto:k.sawhney-kersten@act-translations.com\">k.sawhney-kersten@act-translations.com<\/a><\/p>\n\t\t\t\t\t\t\t\t<\/div>\n\t\t\t\t<\/div>\n\t\t\t\t\t<\/div>\n\t\t\t\t<\/div>\n\t\t\t\t<\/div>\n\t\t\t\t<\/div>\n\t\t\t\t\t\t<\/div>\n\t\t\t\t<\/div>\n\t\t\t\t<\/div>\n\t\t\t\t<\/div>\n\t\t","protected":false},"excerpt":{"rendered":"<p>Our translation services rely not only on the expertise of our professional translators, but also implement the latest translation technology.<\/p>\n","protected":false},"author":1,"featured_media":14429,"parent":0,"menu_order":0,"comment_status":"closed","ping_status":"closed","template":"","meta":{"footnotes":""},"class_list":["post-22836","page","type-page","status-publish","has-post-thumbnail","hentry"],"_links":{"self":[{"href":"https:\/\/www.act-translations.com\/en-gb\/wp-json\/wp\/v2\/pages\/22836","targetHints":{"allow":["GET"]}}],"collection":[{"href":"https:\/\/www.act-translations.com\/en-gb\/wp-json\/wp\/v2\/pages"}],"about":[{"href":"https:\/\/www.act-translations.com\/en-gb\/wp-json\/wp\/v2\/types\/page"}],"author":[{"embeddable":true,"href":"https:\/\/www.act-translations.com\/en-gb\/wp-json\/wp\/v2\/users\/1"}],"replies":[{"embeddable":true,"href":"https:\/\/www.act-translations.com\/en-gb\/wp-json\/wp\/v2\/comments?post=22836"}],"version-history":[{"count":8,"href":"https:\/\/www.act-translations.com\/en-gb\/wp-json\/wp\/v2\/pages\/22836\/revisions"}],"predecessor-version":[{"id":23964,"href":"https:\/\/www.act-translations.com\/en-gb\/wp-json\/wp\/v2\/pages\/22836\/revisions\/23964"}],"wp:featuredmedia":[{"embeddable":true,"href":"https:\/\/www.act-translations.com\/en-gb\/wp-json\/wp\/v2\/media\/14429"}],"wp:attachment":[{"href":"https:\/\/www.act-translations.com\/en-gb\/wp-json\/wp\/v2\/media?parent=22836"}],"curies":[{"name":"wp","href":"https:\/\/api.w.org\/{rel}","templated":true}]}}